{"id":744151,"date":"2025-03-03T18:57:45","date_gmt":"2025-03-03T17:57:45","guid":{"rendered":"https:\/\/stoic-curie.212-227-153-4.plesk.page\/producto\/metlica-brisaca-za-roca-w50-965-mm\/"},"modified":"2026-02-25T00:01:12","modified_gmt":"2026-02-25T00:01:12","slug":"metlica-brisaca-za-roca-w50-965-mm","status":"publish","type":"product","link":"https:\/\/stoic-curie.212-227-153-4.plesk.page\/hr\/product\/metlica-brisaca-za-roca-w50-965-mm\/","title":{"rendered":"Metlica brisa\u010da za Roca W50 965 mm"},"content":{"rendered":"<p>Metlica brisa\u010da za Roca W50 965 mm &#8211; <\/p>\n<p>Vrhunski Roca W50 brisa\u010d vjetra za srednje i velike brodove. Tako\u0111er za profesionalnu upotrebu na radnim brodovima. Motor od 50 Nm s 30 ili 47 pomaka u minuti, automatsko parkiranje lijevo ili desno, te podesiv kut pomaka od 45\u00b0 do 110\u00b0. Potro\u0161nja 6A u mirovanju i 10A pri punom optere\u0107enju na 12V.<br \/>Treba ga dopuniti pantografskim rukavcem i o\u0161tricom.<br \/>Pantografski rukavac opremljen je mlaznicom sa 1,1 metrom crijeva i mo\u017ee se skratiti do 370 mm.<\/p>\n","protected":false},"excerpt":{"rendered":"<p>Metlica brisa\u010da za Roca W50 965 mm &#8211; Vrhunski Roca W50 brisa\u010d vjetra za srednje i velike brodove. Tako\u0111er za<\/p>\n","protected":false},"featured_media":5946075,"comment_status":"open","ping_status":"closed","template":"","meta":[],"product_brand":[3316],"product_cat":[1735],"product_tag":[],"class_list":{"0":"post-744151","1":"product","2":"type-product","3":"status-publish","4":"has-post-thumbnail","6":"product_brand-roca-marine-hr","7":"product_cat-brisaci-vjetrobranskog-stakla-na-brodu","9":"first","10":"instock","11":"shipping-taxable","12":"purchasable","13":"product-type-simple"},"_links":{"self":[{"href":"https:\/\/stoic-curie.212-227-153-4.plesk.page\/hr\/wp-json\/wp\/v2\/product\/744151","targetHints":{"allow":["GET"]}}],"collection":[{"href":"https:\/\/stoic-curie.212-227-153-4.plesk.page\/hr\/wp-json\/wp\/v2\/product"}],"about":[{"href":"https:\/\/stoic-curie.212-227-153-4.plesk.page\/hr\/wp-json\/wp\/v2\/types\/product"}],"replies":[{"embeddable":true,"href":"https:\/\/stoic-curie.212-227-153-4.plesk.page\/hr\/wp-json\/wp\/v2\/comments?post=744151"}],"version-history":[{"count":0,"href":"https:\/\/stoic-curie.212-227-153-4.plesk.page\/hr\/wp-json\/wp\/v2\/product\/744151\/revisions"}],"wp:featuredmedia":[{"embeddable":true,"href":"https:\/\/stoic-curie.212-227-153-4.plesk.page\/hr\/wp-json\/wp\/v2\/media\/5946075"}],"wp:attachment":[{"href":"https:\/\/stoic-curie.212-227-153-4.plesk.page\/hr\/wp-json\/wp\/v2\/media?parent=744151"}],"wp:term":[{"taxonomy":"product_brand","embeddable":true,"href":"https:\/\/stoic-curie.212-227-153-4.plesk.page\/hr\/wp-json\/wp\/v2\/product_brand?post=744151"},{"taxonomy":"product_cat","embeddable":true,"href":"https:\/\/stoic-curie.212-227-153-4.plesk.page\/hr\/wp-json\/wp\/v2\/product_cat?post=744151"},{"taxonomy":"product_tag","embeddable":true,"href":"https:\/\/stoic-curie.212-227-153-4.plesk.page\/hr\/wp-json\/wp\/v2\/product_tag?post=744151"}],"curies":[{"name":"wp","href":"https:\/\/api.w.org\/{rel}","templated":true}]}}