{"id":744156,"date":"2025-03-03T18:57:46","date_gmt":"2025-03-03T17:57:46","guid":{"rendered":"https:\/\/stoic-curie.212-227-153-4.plesk.page\/producto\/tlacni-zasun-od-nehrdajuceg-celika-roca-70t\/"},"modified":"2026-02-25T00:01:12","modified_gmt":"2026-02-25T00:01:12","slug":"tlacni-zasun-od-nehrdajuceg-celika-roca-70t","status":"publish","type":"product","link":"https:\/\/stoic-curie.212-227-153-4.plesk.page\/hr\/product\/tlacni-zasun-od-nehrdajuceg-celika-roca-70t\/","title":{"rendered":"Tla\u010dni zasun od nehr\u0111aju\u0107eg \u010delika Roca 70T"},"content":{"rendered":"<p>Tla\u010dni zasun od nehr\u0111aju\u0107eg \u010delika Roca 70T &#8211; <\/p>\n<p>Poli\u010deni kompresijski brava od 316 nehr\u0111aju\u0107eg \u010delika s T-ru\u010dkom i podesivom kamnom. Koristi se za otvaranje i zatvaranje pregrada i hatcha. Brava se mora zavr\u0161iti kamenom po va\u0161em izboru.<\/p>\n","protected":false},"excerpt":{"rendered":"<p>Tla\u010dni zasun od nehr\u0111aju\u0107eg \u010delika Roca 70T &#8211; Poli\u010deni kompresijski brava od 316 nehr\u0111aju\u0107eg \u010delika s T-ru\u010dkom i podesivom kamnom.<\/p>\n","protected":false},"featured_media":5946077,"comment_status":"open","ping_status":"closed","template":"","meta":[],"product_brand":[3316],"product_cat":[1708,1687],"product_tag":[],"class_list":{"0":"post-744156","1":"product","2":"type-product","3":"status-publish","4":"has-post-thumbnail","6":"product_brand-roca-marine-hr","7":"product_cat-brave-za-vrata","8":"product_cat-brodski-zasuni","10":"first","11":"instock","12":"shipping-taxable","13":"purchasable","14":"product-type-simple"},"_links":{"self":[{"href":"https:\/\/stoic-curie.212-227-153-4.plesk.page\/hr\/wp-json\/wp\/v2\/product\/744156","targetHints":{"allow":["GET"]}}],"collection":[{"href":"https:\/\/stoic-curie.212-227-153-4.plesk.page\/hr\/wp-json\/wp\/v2\/product"}],"about":[{"href":"https:\/\/stoic-curie.212-227-153-4.plesk.page\/hr\/wp-json\/wp\/v2\/types\/product"}],"replies":[{"embeddable":true,"href":"https:\/\/stoic-curie.212-227-153-4.plesk.page\/hr\/wp-json\/wp\/v2\/comments?post=744156"}],"version-history":[{"count":0,"href":"https:\/\/stoic-curie.212-227-153-4.plesk.page\/hr\/wp-json\/wp\/v2\/product\/744156\/revisions"}],"wp:featuredmedia":[{"embeddable":true,"href":"https:\/\/stoic-curie.212-227-153-4.plesk.page\/hr\/wp-json\/wp\/v2\/media\/5946077"}],"wp:attachment":[{"href":"https:\/\/stoic-curie.212-227-153-4.plesk.page\/hr\/wp-json\/wp\/v2\/media?parent=744156"}],"wp:term":[{"taxonomy":"product_brand","embeddable":true,"href":"https:\/\/stoic-curie.212-227-153-4.plesk.page\/hr\/wp-json\/wp\/v2\/product_brand?post=744156"},{"taxonomy":"product_cat","embeddable":true,"href":"https:\/\/stoic-curie.212-227-153-4.plesk.page\/hr\/wp-json\/wp\/v2\/product_cat?post=744156"},{"taxonomy":"product_tag","embeddable":true,"href":"https:\/\/stoic-curie.212-227-153-4.plesk.page\/hr\/wp-json\/wp\/v2\/product_tag?post=744156"}],"curies":[{"name":"wp","href":"https:\/\/api.w.org\/{rel}","templated":true}]}}