{"id":744160,"date":"2025-03-03T18:57:48","date_gmt":"2025-03-03T17:57:48","guid":{"rendered":"https:\/\/stoic-curie.212-227-153-4.plesk.page\/producto\/vhf-icom-ic-m85e\/"},"modified":"2026-02-25T00:01:12","modified_gmt":"2026-02-25T00:01:12","slug":"vhf-icom-ic-m85e","status":"publish","type":"product","link":"https:\/\/stoic-curie.212-227-153-4.plesk.page\/hr\/product\/vhf-icom-ic-m85e\/","title":{"rendered":"VHF Icom IC-M85E"},"content":{"rendered":"<p>VHF Icom IC-M85E &#8211; <\/p>\n<p>IPx7 vodonepropusni (30 minuta na dubini od 1 metra) kompaktni ICOM IC-M87 VHF s dugim vremenom rada baterije. Pomorski VHF i PMR pojas u jednom ure\u0111aju. Me\u0111unarodni kanali i 22 programabilna kanala. Dual\/TriWatch funkcija. Sna\u017eno emitiranje od 5W. Punja\u0107a litij-ionska baterija i punja\u010d. Trenutni pristup hitnom kanalu 16. Jednim dodirom TAG skeniranja za jednostavan odabir. Funkcija zaklju\u010davanja tipkovnice. Dolazi s napajanjem, mikrofonom, montirnom stezaljkom i priru\u010dnikom za korisnike.<\/p>\n","protected":false},"excerpt":{"rendered":"<p>VHF Icom IC-M85E &#8211; IPx7 vodonepropusni (30 minuta na dubini od 1 metra) kompaktni ICOM IC-M87 VHF s dugim vremenom<\/p>\n","protected":false},"featured_media":5946089,"comment_status":"open","ping_status":"closed","template":"","meta":[],"product_brand":[3011],"product_cat":[1744],"product_tag":[],"class_list":{"0":"post-744160","1":"product","2":"type-product","3":"status-publish","4":"has-post-thumbnail","6":"product_brand-icom-marine-hr","7":"product_cat-brodska-elektronika","9":"first","10":"instock","11":"shipping-taxable","12":"purchasable","13":"product-type-simple"},"_links":{"self":[{"href":"https:\/\/stoic-curie.212-227-153-4.plesk.page\/hr\/wp-json\/wp\/v2\/product\/744160","targetHints":{"allow":["GET"]}}],"collection":[{"href":"https:\/\/stoic-curie.212-227-153-4.plesk.page\/hr\/wp-json\/wp\/v2\/product"}],"about":[{"href":"https:\/\/stoic-curie.212-227-153-4.plesk.page\/hr\/wp-json\/wp\/v2\/types\/product"}],"replies":[{"embeddable":true,"href":"https:\/\/stoic-curie.212-227-153-4.plesk.page\/hr\/wp-json\/wp\/v2\/comments?post=744160"}],"version-history":[{"count":0,"href":"https:\/\/stoic-curie.212-227-153-4.plesk.page\/hr\/wp-json\/wp\/v2\/product\/744160\/revisions"}],"wp:featuredmedia":[{"embeddable":true,"href":"https:\/\/stoic-curie.212-227-153-4.plesk.page\/hr\/wp-json\/wp\/v2\/media\/5946089"}],"wp:attachment":[{"href":"https:\/\/stoic-curie.212-227-153-4.plesk.page\/hr\/wp-json\/wp\/v2\/media?parent=744160"}],"wp:term":[{"taxonomy":"product_brand","embeddable":true,"href":"https:\/\/stoic-curie.212-227-153-4.plesk.page\/hr\/wp-json\/wp\/v2\/product_brand?post=744160"},{"taxonomy":"product_cat","embeddable":true,"href":"https:\/\/stoic-curie.212-227-153-4.plesk.page\/hr\/wp-json\/wp\/v2\/product_cat?post=744160"},{"taxonomy":"product_tag","embeddable":true,"href":"https:\/\/stoic-curie.212-227-153-4.plesk.page\/hr\/wp-json\/wp\/v2\/product_tag?post=744160"}],"curies":[{"name":"wp","href":"https:\/\/api.w.org\/{rel}","templated":true}]}}