{"id":744161,"date":"2025-03-03T18:57:48","date_gmt":"2025-03-03T17:57:48","guid":{"rendered":"https:\/\/stoic-curie.212-227-153-4.plesk.page\/producto\/jedrilcarske-cizme-orca-bay-carbon-velicina-39\/"},"modified":"2026-02-25T00:01:12","modified_gmt":"2026-02-25T00:01:12","slug":"jedrilcarske-cizme-orca-bay-carbon-velicina-39","status":"publish","type":"product","link":"https:\/\/stoic-curie.212-227-153-4.plesk.page\/hr\/product\/jedrilcarske-cizme-orca-bay-carbon-velicina-39\/","title":{"rendered":"Jedril\u010darske \u010dizme Orca Bay Carbon, velicina : 39"},"content":{"rendered":"<p>Jedril\u010darske \u010dizme Orca Bay Carbon, velicina : 39 &#8211; <\/p>\n<p>Trostruki sloj vodootpornih i prozra\u010dnih Orca Bay Storm \u010dizama za jedrenje pru\u017ea visoke performanse i maksimalnu udobnost. Potplat od gumene mase bez klizanja osigurava izvrsno prianjanje na skliskim palubama. Pogodno za rekreativnu, profesionalnu i skladi\u0161nu upotrebu u bilo kojem godi\u0161njem dobu. Savjeti za \u010di\u0161\u0107enje i odr\u017eavanje: koristite \u010detku za uklanjanje sme\u0107a i isperite hladnom vodom ili vla\u017enom krpom. Ostavite da se prirodno osu\u0161i. Povremeno nanesite vodootporni sprej za za\u0161titu ko\u017ee i odr\u017eavanje njene vodootpornosti. Nakon toga, preporu\u010duje se nano\u0161enje prozirne hranjive kreme za odr\u017eavanje elasti\u010dnosti ko\u017ee i ostavljanje da se osu\u0161i.<\/p>\n","protected":false},"excerpt":{"rendered":"<p>Jedril\u010darske \u010dizme Orca Bay Carbon, velicina : 39 &#8211; Trostruki sloj vodootpornih i prozra\u010dnih Orca Bay Storm \u010dizama za jedrenje<\/p>\n","protected":false},"featured_media":5946091,"comment_status":"open","ping_status":"closed","template":"","meta":[],"product_brand":[3231],"product_cat":[1859],"product_tag":[],"class_list":{"0":"post-744161","1":"product","2":"type-product","3":"status-publish","4":"has-post-thumbnail","6":"product_brand-orca-bay-hr","7":"product_cat-jedrilicarske-cizme","9":"first","10":"outofstock","11":"shipping-taxable","12":"purchasable","13":"product-type-simple"},"_links":{"self":[{"href":"https:\/\/stoic-curie.212-227-153-4.plesk.page\/hr\/wp-json\/wp\/v2\/product\/744161","targetHints":{"allow":["GET"]}}],"collection":[{"href":"https:\/\/stoic-curie.212-227-153-4.plesk.page\/hr\/wp-json\/wp\/v2\/product"}],"about":[{"href":"https:\/\/stoic-curie.212-227-153-4.plesk.page\/hr\/wp-json\/wp\/v2\/types\/product"}],"replies":[{"embeddable":true,"href":"https:\/\/stoic-curie.212-227-153-4.plesk.page\/hr\/wp-json\/wp\/v2\/comments?post=744161"}],"version-history":[{"count":0,"href":"https:\/\/stoic-curie.212-227-153-4.plesk.page\/hr\/wp-json\/wp\/v2\/product\/744161\/revisions"}],"wp:featuredmedia":[{"embeddable":true,"href":"https:\/\/stoic-curie.212-227-153-4.plesk.page\/hr\/wp-json\/wp\/v2\/media\/5946091"}],"wp:attachment":[{"href":"https:\/\/stoic-curie.212-227-153-4.plesk.page\/hr\/wp-json\/wp\/v2\/media?parent=744161"}],"wp:term":[{"taxonomy":"product_brand","embeddable":true,"href":"https:\/\/stoic-curie.212-227-153-4.plesk.page\/hr\/wp-json\/wp\/v2\/product_brand?post=744161"},{"taxonomy":"product_cat","embeddable":true,"href":"https:\/\/stoic-curie.212-227-153-4.plesk.page\/hr\/wp-json\/wp\/v2\/product_cat?post=744161"},{"taxonomy":"product_tag","embeddable":true,"href":"https:\/\/stoic-curie.212-227-153-4.plesk.page\/hr\/wp-json\/wp\/v2\/product_tag?post=744161"}],"curies":[{"name":"wp","href":"https:\/\/api.w.org\/{rel}","templated":true}]}}