{"id":744162,"date":"2025-03-03T18:57:49","date_gmt":"2025-03-03T17:57:49","guid":{"rendered":"https:\/\/stoic-curie.212-227-153-4.plesk.page\/producto\/jedrilcarske-cizme-orca-bay-carbon-velicina-40\/"},"modified":"2026-02-25T00:01:12","modified_gmt":"2026-02-25T00:01:12","slug":"jedrilcarske-cizme-orca-bay-carbon-velicina-40","status":"publish","type":"product","link":"https:\/\/stoic-curie.212-227-153-4.plesk.page\/hr\/product\/jedrilcarske-cizme-orca-bay-carbon-velicina-40\/","title":{"rendered":"Jedril\u010darske \u010dizme Orca Bay Carbon, velicina: 40"},"content":{"rendered":"<p>Jedril\u010darske \u010dizme Orca Bay Carbon, velicina: 40 &#8211; <\/p>\n<p>Trostruke vodonepropusne i prozra\u010dne Orca Bay Storm jedrili\u010darske \u010dizme za visoke performanse i maksimalnu udobnost. Potplat od gume koji ne klizi za izvrsno prianjanje na skliskim palubama. Pogodne za rekreacijsku, profesionalnu i gara\u017enu upotrebu u svakoj sezoni. Savjeti za \u010di\u0161\u0107enje i odr\u017eavanje: koristite \u010detku za uklanjanje ostataka i isperite hladnom vodom ili vla\u017enom krpom. Ostavite da se osu\u0161i na zraku. Povremeno naftite sprejem za vodootpornost kako biste za\u0161titili ko\u017eu i odr\u017eali njezinu vodootpornost. Zatim se preporu\u010duje nano\u0161enje prozirne hranjive kreme kako biste odr\u017eali elasti\u010dnost ko\u017ee i ostavite da se osu\u0161i.<\/p>\n","protected":false},"excerpt":{"rendered":"<p>Jedril\u010darske \u010dizme Orca Bay Carbon, velicina: 40 &#8211; Trostruke vodonepropusne i prozra\u010dne Orca Bay Storm jedrili\u010darske \u010dizme za visoke performanse<\/p>\n","protected":false},"featured_media":5946091,"comment_status":"open","ping_status":"closed","template":"","meta":[],"product_brand":[3231],"product_cat":[1859],"product_tag":[],"class_list":{"0":"post-744162","1":"product","2":"type-product","3":"status-publish","4":"has-post-thumbnail","6":"product_brand-orca-bay-hr","7":"product_cat-jedrilicarske-cizme","9":"first","10":"outofstock","11":"shipping-taxable","12":"purchasable","13":"product-type-simple"},"_links":{"self":[{"href":"https:\/\/stoic-curie.212-227-153-4.plesk.page\/hr\/wp-json\/wp\/v2\/product\/744162","targetHints":{"allow":["GET"]}}],"collection":[{"href":"https:\/\/stoic-curie.212-227-153-4.plesk.page\/hr\/wp-json\/wp\/v2\/product"}],"about":[{"href":"https:\/\/stoic-curie.212-227-153-4.plesk.page\/hr\/wp-json\/wp\/v2\/types\/product"}],"replies":[{"embeddable":true,"href":"https:\/\/stoic-curie.212-227-153-4.plesk.page\/hr\/wp-json\/wp\/v2\/comments?post=744162"}],"version-history":[{"count":0,"href":"https:\/\/stoic-curie.212-227-153-4.plesk.page\/hr\/wp-json\/wp\/v2\/product\/744162\/revisions"}],"wp:featuredmedia":[{"embeddable":true,"href":"https:\/\/stoic-curie.212-227-153-4.plesk.page\/hr\/wp-json\/wp\/v2\/media\/5946091"}],"wp:attachment":[{"href":"https:\/\/stoic-curie.212-227-153-4.plesk.page\/hr\/wp-json\/wp\/v2\/media?parent=744162"}],"wp:term":[{"taxonomy":"product_brand","embeddable":true,"href":"https:\/\/stoic-curie.212-227-153-4.plesk.page\/hr\/wp-json\/wp\/v2\/product_brand?post=744162"},{"taxonomy":"product_cat","embeddable":true,"href":"https:\/\/stoic-curie.212-227-153-4.plesk.page\/hr\/wp-json\/wp\/v2\/product_cat?post=744162"},{"taxonomy":"product_tag","embeddable":true,"href":"https:\/\/stoic-curie.212-227-153-4.plesk.page\/hr\/wp-json\/wp\/v2\/product_tag?post=744162"}],"curies":[{"name":"wp","href":"https:\/\/api.w.org\/{rel}","templated":true}]}}