{"id":744163,"date":"2025-03-03T18:57:49","date_gmt":"2025-03-03T17:57:49","guid":{"rendered":"https:\/\/stoic-curie.212-227-153-4.plesk.page\/producto\/jedrilicarske-cizme-orca-bay-carbon-velicina-41\/"},"modified":"2026-02-25T00:01:12","modified_gmt":"2026-02-25T00:01:12","slug":"jedrilicarske-cizme-orca-bay-carbon-velicina-41","status":"publish","type":"product","link":"https:\/\/stoic-curie.212-227-153-4.plesk.page\/hr\/product\/jedrilicarske-cizme-orca-bay-carbon-velicina-41\/","title":{"rendered":"Jedrili\u010darske \u010dizme Orca Bay Carbon, velicina: 41"},"content":{"rendered":"<p>Jedrili\u010darske \u010dizme Orca Bay Carbon, velicina: 41 &#8211; <\/p>\n<p>Trostruke vodonepropusne i prozra\u010dne Orca Bay Storm jedrili\u010darske \u010dizme nude visoke performanse i maksimalnu udobnost. Gumeni potplat protiv klizanja osigurava sjajno prianjanje na skliskim palubama. Pogodno za rekreacijsko, profesionalno i skladi\u0161no kori\u0161tenje u svim sezonama. Savjeti za \u010di\u0161\u0107enje i odr\u017eavanje: koristite \u010detku za uklanjanje ostataka i isperite hladnom vodom ili vla\u017enom krpom. Ostavite da se prirodno osu\u0161i. Povremeno nanosite vodonepropusni sprej kako biste za\u0161titili ko\u017eu i odr\u017eali njenu vodonepropusnost. Nakon toga preporu\u010duje se nano\u0161enje prozirne hranjive kreme za odr\u017eavanje elasti\u010dnosti ko\u017ee i ostavljanje da se osu\u0161i.<\/p>\n","protected":false},"excerpt":{"rendered":"<p>Jedrili\u010darske \u010dizme Orca Bay Carbon, velicina: 41 &#8211; Trostruke vodonepropusne i prozra\u010dne Orca Bay Storm jedrili\u010darske \u010dizme nude visoke performanse<\/p>\n","protected":false},"featured_media":5946091,"comment_status":"open","ping_status":"closed","template":"","meta":[],"product_brand":[3231],"product_cat":[1859],"product_tag":[],"class_list":{"0":"post-744163","1":"product","2":"type-product","3":"status-publish","4":"has-post-thumbnail","6":"product_brand-orca-bay-hr","7":"product_cat-jedrilicarske-cizme","9":"first","10":"instock","11":"shipping-taxable","12":"purchasable","13":"product-type-simple"},"_links":{"self":[{"href":"https:\/\/stoic-curie.212-227-153-4.plesk.page\/hr\/wp-json\/wp\/v2\/product\/744163","targetHints":{"allow":["GET"]}}],"collection":[{"href":"https:\/\/stoic-curie.212-227-153-4.plesk.page\/hr\/wp-json\/wp\/v2\/product"}],"about":[{"href":"https:\/\/stoic-curie.212-227-153-4.plesk.page\/hr\/wp-json\/wp\/v2\/types\/product"}],"replies":[{"embeddable":true,"href":"https:\/\/stoic-curie.212-227-153-4.plesk.page\/hr\/wp-json\/wp\/v2\/comments?post=744163"}],"version-history":[{"count":0,"href":"https:\/\/stoic-curie.212-227-153-4.plesk.page\/hr\/wp-json\/wp\/v2\/product\/744163\/revisions"}],"wp:featuredmedia":[{"embeddable":true,"href":"https:\/\/stoic-curie.212-227-153-4.plesk.page\/hr\/wp-json\/wp\/v2\/media\/5946091"}],"wp:attachment":[{"href":"https:\/\/stoic-curie.212-227-153-4.plesk.page\/hr\/wp-json\/wp\/v2\/media?parent=744163"}],"wp:term":[{"taxonomy":"product_brand","embeddable":true,"href":"https:\/\/stoic-curie.212-227-153-4.plesk.page\/hr\/wp-json\/wp\/v2\/product_brand?post=744163"},{"taxonomy":"product_cat","embeddable":true,"href":"https:\/\/stoic-curie.212-227-153-4.plesk.page\/hr\/wp-json\/wp\/v2\/product_cat?post=744163"},{"taxonomy":"product_tag","embeddable":true,"href":"https:\/\/stoic-curie.212-227-153-4.plesk.page\/hr\/wp-json\/wp\/v2\/product_tag?post=744163"}],"curies":[{"name":"wp","href":"https:\/\/api.w.org\/{rel}","templated":true}]}}