{"id":744166,"date":"2025-03-03T18:57:50","date_gmt":"2025-03-03T17:57:50","guid":{"rendered":"https:\/\/stoic-curie.212-227-153-4.plesk.page\/producto\/jedrilicarske-cizme-orca-bay-carbon-velicina-44\/"},"modified":"2026-02-25T00:01:12","modified_gmt":"2026-02-25T00:01:12","slug":"jedrilicarske-cizme-orca-bay-carbon-velicina-44","status":"publish","type":"product","link":"https:\/\/stoic-curie.212-227-153-4.plesk.page\/hr\/product\/jedrilicarske-cizme-orca-bay-carbon-velicina-44\/","title":{"rendered":"Jedrili\u010darske \u010dizme Orca Bay Carbon, velicina : 44"},"content":{"rendered":"<p>Jedrili\u010darske \u010dizme Orca Bay Carbon, velicina : 44 &#8211; <\/p>\n<p>Trostruki vodootporni i prozra\u010dni Orca Bay Storm \u010dizmama za jedrenje za visoke performanse i maksimalnu udobnost. Gumeni potplat protiv klizanja za izvrsno prianjanje na skliskim palubama. Za rekreaciju, profesionalce i gara\u017enu upotrebu u svim godi\u0161njim dobima. Savjeti za \u010di\u0161\u0107enje i odr\u017eavanje: koristite \u010detku za uklanjanje ne\u010disto\u0107a i isperite hladnom vodom ili vla\u017enom krpom. Ostavite da se su\u0161i prirodno. Povremeno nanesite vodoodbojni sprej kako biste za\u0161titili ko\u017eu i odr\u017eali njezinu vodootpornost. Nakon toga se preporu\u010duje primjena prozirne hranjive kreme kako bi se odr\u017eala elasti\u010dnost ko\u017ee i ostavite da se osu\u0161i.<\/p>\n","protected":false},"excerpt":{"rendered":"<p>Jedrili\u010darske \u010dizme Orca Bay Carbon, velicina : 44 &#8211; Trostruki vodootporni i prozra\u010dni Orca Bay Storm \u010dizmama za jedrenje za<\/p>\n","protected":false},"featured_media":5946091,"comment_status":"open","ping_status":"closed","template":"","meta":[],"product_brand":[3231],"product_cat":[1859],"product_tag":[],"class_list":{"0":"post-744166","1":"product","2":"type-product","3":"status-publish","4":"has-post-thumbnail","6":"product_brand-orca-bay-hr","7":"product_cat-jedrilicarske-cizme","9":"first","10":"instock","11":"shipping-taxable","12":"purchasable","13":"product-type-simple"},"_links":{"self":[{"href":"https:\/\/stoic-curie.212-227-153-4.plesk.page\/hr\/wp-json\/wp\/v2\/product\/744166","targetHints":{"allow":["GET"]}}],"collection":[{"href":"https:\/\/stoic-curie.212-227-153-4.plesk.page\/hr\/wp-json\/wp\/v2\/product"}],"about":[{"href":"https:\/\/stoic-curie.212-227-153-4.plesk.page\/hr\/wp-json\/wp\/v2\/types\/product"}],"replies":[{"embeddable":true,"href":"https:\/\/stoic-curie.212-227-153-4.plesk.page\/hr\/wp-json\/wp\/v2\/comments?post=744166"}],"version-history":[{"count":0,"href":"https:\/\/stoic-curie.212-227-153-4.plesk.page\/hr\/wp-json\/wp\/v2\/product\/744166\/revisions"}],"wp:featuredmedia":[{"embeddable":true,"href":"https:\/\/stoic-curie.212-227-153-4.plesk.page\/hr\/wp-json\/wp\/v2\/media\/5946091"}],"wp:attachment":[{"href":"https:\/\/stoic-curie.212-227-153-4.plesk.page\/hr\/wp-json\/wp\/v2\/media?parent=744166"}],"wp:term":[{"taxonomy":"product_brand","embeddable":true,"href":"https:\/\/stoic-curie.212-227-153-4.plesk.page\/hr\/wp-json\/wp\/v2\/product_brand?post=744166"},{"taxonomy":"product_cat","embeddable":true,"href":"https:\/\/stoic-curie.212-227-153-4.plesk.page\/hr\/wp-json\/wp\/v2\/product_cat?post=744166"},{"taxonomy":"product_tag","embeddable":true,"href":"https:\/\/stoic-curie.212-227-153-4.plesk.page\/hr\/wp-json\/wp\/v2\/product_tag?post=744166"}],"curies":[{"name":"wp","href":"https:\/\/api.w.org\/{rel}","templated":true}]}}