{"id":744177,"date":"2025-03-03T18:57:53","date_gmt":"2025-03-03T17:57:53","guid":{"rendered":"https:\/\/stoic-curie.212-227-153-4.plesk.page\/producto\/jobe-neoprenski-prsluk-plava-velicina-xl\/"},"modified":"2026-02-25T00:01:12","modified_gmt":"2026-02-25T00:01:12","slug":"jobe-neoprenski-prsluk-plava-velicina-xl","status":"publish","type":"product","link":"https:\/\/stoic-curie.212-227-153-4.plesk.page\/hr\/product\/jobe-neoprenski-prsluk-plava-velicina-xl\/","title":{"rendered":"Jobe Neoprenski prsluk &#8211; Plava &#8211; Velicina : XL"},"content":{"rendered":"<p>Jobe Neoprenski prsluk &#8211; Plava &#8211; Velicina : XL &#8211; <\/p>\n<p>Jobe ISO EN12402-5 odobreni prsluk za plutanje od 50N, pogodan za vodeno skijanje i vodene sportove, izra\u0111en od udobne PVC pjene oblo\u017eene neoprenom. Sa sustavom odvodnje vode, patentnim zatvara\u010dem i brzim kop\u010danjem, pode\u0161avanim trakama i sigurnosnim D-prstenom za pri\u010dvr\u0161\u0107ivanje hitnog u\u017eeta. 50N &#8211; Pomo\u0107 za plutanje (za redovite pliva\u010de).<\/p>\n","protected":false},"excerpt":{"rendered":"<p>Jobe Neoprenski prsluk &#8211; Plava &#8211; Velicina : XL &#8211; Jobe ISO EN12402-5 odobreni prsluk za plutanje od 50N, pogodan<\/p>\n","protected":false},"featured_media":5946105,"comment_status":"open","ping_status":"closed","template":"","meta":[],"product_brand":[3041],"product_cat":[1842,1603],"product_tag":[],"class_list":{"0":"post-744177","1":"product","2":"type-product","3":"status-publish","4":"has-post-thumbnail","6":"product_brand-jobe-sports-hr","7":"product_cat-prsluci-za-spasavanje-za-sportove-na-vodi","8":"product_cat-uzgonska-pomagala","10":"first","11":"outofstock","12":"shipping-taxable","13":"purchasable","14":"product-type-simple"},"_links":{"self":[{"href":"https:\/\/stoic-curie.212-227-153-4.plesk.page\/hr\/wp-json\/wp\/v2\/product\/744177","targetHints":{"allow":["GET"]}}],"collection":[{"href":"https:\/\/stoic-curie.212-227-153-4.plesk.page\/hr\/wp-json\/wp\/v2\/product"}],"about":[{"href":"https:\/\/stoic-curie.212-227-153-4.plesk.page\/hr\/wp-json\/wp\/v2\/types\/product"}],"replies":[{"embeddable":true,"href":"https:\/\/stoic-curie.212-227-153-4.plesk.page\/hr\/wp-json\/wp\/v2\/comments?post=744177"}],"version-history":[{"count":0,"href":"https:\/\/stoic-curie.212-227-153-4.plesk.page\/hr\/wp-json\/wp\/v2\/product\/744177\/revisions"}],"wp:featuredmedia":[{"embeddable":true,"href":"https:\/\/stoic-curie.212-227-153-4.plesk.page\/hr\/wp-json\/wp\/v2\/media\/5946105"}],"wp:attachment":[{"href":"https:\/\/stoic-curie.212-227-153-4.plesk.page\/hr\/wp-json\/wp\/v2\/media?parent=744177"}],"wp:term":[{"taxonomy":"product_brand","embeddable":true,"href":"https:\/\/stoic-curie.212-227-153-4.plesk.page\/hr\/wp-json\/wp\/v2\/product_brand?post=744177"},{"taxonomy":"product_cat","embeddable":true,"href":"https:\/\/stoic-curie.212-227-153-4.plesk.page\/hr\/wp-json\/wp\/v2\/product_cat?post=744177"},{"taxonomy":"product_tag","embeddable":true,"href":"https:\/\/stoic-curie.212-227-153-4.plesk.page\/hr\/wp-json\/wp\/v2\/product_tag?post=744177"}],"curies":[{"name":"wp","href":"https:\/\/api.w.org\/{rel}","templated":true}]}}