{"id":744178,"date":"2025-03-03T18:57:54","date_gmt":"2025-03-03T17:57:54","guid":{"rendered":"https:\/\/stoic-curie.212-227-153-4.plesk.page\/producto\/jobe-neoprenski-prsluk-plava-velicina-xxl\/"},"modified":"2026-02-25T00:01:12","modified_gmt":"2026-02-25T00:01:12","slug":"jobe-neoprenski-prsluk-plava-velicina-xxl","status":"publish","type":"product","link":"https:\/\/stoic-curie.212-227-153-4.plesk.page\/hr\/product\/jobe-neoprenski-prsluk-plava-velicina-xxl\/","title":{"rendered":"Jobe Neoprenski prsluk &#8211; Plava &#8211; Velicina : XXL"},"content":{"rendered":"<p>Jobe Neoprenski prsluk &#8211; Plava &#8211; Velicina : XXL &#8211; <\/p>\n<p>Jobe ISO EN12402-5 odobreni prsluk za plovnost od 50N pogodan je za vodenih skijanje i vodene sportove, izra\u0111en je od udobne PVC pjene prekrivene neoprenom. Opremljen sustavom za odvodnju vode, patentnim zatvara\u010dem i kop\u010dom s brzim otpu\u0161tanjem, podesivim trakama i sigurnosnim D-prstenom za pri\u010dvr\u0161\u0107ivanje hitnog kabla. 50N &#8211; Pomo\u0107 za plovnost (za redovne pliva\u010de).<\/p>\n","protected":false},"excerpt":{"rendered":"<p>Jobe Neoprenski prsluk &#8211; Plava &#8211; Velicina : XXL &#8211; Jobe ISO EN12402-5 odobreni prsluk za plovnost od 50N pogodan<\/p>\n","protected":false},"featured_media":5946105,"comment_status":"open","ping_status":"closed","template":"","meta":[],"product_brand":[3041],"product_cat":[1842,1603],"product_tag":[],"class_list":{"0":"post-744178","1":"product","2":"type-product","3":"status-publish","4":"has-post-thumbnail","6":"product_brand-jobe-sports-hr","7":"product_cat-prsluci-za-spasavanje-za-sportove-na-vodi","8":"product_cat-uzgonska-pomagala","10":"first","11":"outofstock","12":"shipping-taxable","13":"purchasable","14":"product-type-simple"},"_links":{"self":[{"href":"https:\/\/stoic-curie.212-227-153-4.plesk.page\/hr\/wp-json\/wp\/v2\/product\/744178","targetHints":{"allow":["GET"]}}],"collection":[{"href":"https:\/\/stoic-curie.212-227-153-4.plesk.page\/hr\/wp-json\/wp\/v2\/product"}],"about":[{"href":"https:\/\/stoic-curie.212-227-153-4.plesk.page\/hr\/wp-json\/wp\/v2\/types\/product"}],"replies":[{"embeddable":true,"href":"https:\/\/stoic-curie.212-227-153-4.plesk.page\/hr\/wp-json\/wp\/v2\/comments?post=744178"}],"version-history":[{"count":0,"href":"https:\/\/stoic-curie.212-227-153-4.plesk.page\/hr\/wp-json\/wp\/v2\/product\/744178\/revisions"}],"wp:featuredmedia":[{"embeddable":true,"href":"https:\/\/stoic-curie.212-227-153-4.plesk.page\/hr\/wp-json\/wp\/v2\/media\/5946105"}],"wp:attachment":[{"href":"https:\/\/stoic-curie.212-227-153-4.plesk.page\/hr\/wp-json\/wp\/v2\/media?parent=744178"}],"wp:term":[{"taxonomy":"product_brand","embeddable":true,"href":"https:\/\/stoic-curie.212-227-153-4.plesk.page\/hr\/wp-json\/wp\/v2\/product_brand?post=744178"},{"taxonomy":"product_cat","embeddable":true,"href":"https:\/\/stoic-curie.212-227-153-4.plesk.page\/hr\/wp-json\/wp\/v2\/product_cat?post=744178"},{"taxonomy":"product_tag","embeddable":true,"href":"https:\/\/stoic-curie.212-227-153-4.plesk.page\/hr\/wp-json\/wp\/v2\/product_tag?post=744178"}],"curies":[{"name":"wp","href":"https:\/\/api.w.org\/{rel}","templated":true}]}}