{"id":744179,"date":"2025-03-03T18:57:54","date_gmt":"2025-03-03T17:57:54","guid":{"rendered":"https:\/\/stoic-curie.212-227-153-4.plesk.page\/producto\/jobe-neoprenski-prsluk-limeta-velicina-s\/"},"modified":"2026-02-25T00:01:12","modified_gmt":"2026-02-25T00:01:12","slug":"jobe-neoprenski-prsluk-limeta-velicina-s","status":"publish","type":"product","link":"https:\/\/stoic-curie.212-227-153-4.plesk.page\/hr\/product\/jobe-neoprenski-prsluk-limeta-velicina-s\/","title":{"rendered":"Jobe Neoprenski prsluk &#8211; Limeta &#8211; Velicina : S"},"content":{"rendered":"<p>Jobe Neoprenski prsluk &#8211; Limeta &#8211; Velicina : S &#8211; <\/p>\n<p>Jobe ISO EN12402-5 odobreni prsluk za plovnost od 50N prikladan je za vodeno skijanje i vodene sportove, izra\u0111en je od udobne PVC pjene prekrivene neoprenom. Ima sustav za odvodnju vode, zatvara\u010d i brzi kop\u010du, podesive trake i sigurnosni D-prsten za pri\u010dvr\u0161\u0107ivanje hitne u\u017ee. 50N &#8211; Pomo\u0107na plovnost (za redovite pliva\u010de).<\/p>\n","protected":false},"excerpt":{"rendered":"<p>Jobe Neoprenski prsluk &#8211; Limeta &#8211; Velicina : S &#8211; Jobe ISO EN12402-5 odobreni prsluk za plovnost od 50N prikladan<\/p>\n","protected":false},"featured_media":5946106,"comment_status":"open","ping_status":"closed","template":"","meta":[],"product_brand":[3041],"product_cat":[1842,1603],"product_tag":[],"class_list":{"0":"post-744179","1":"product","2":"type-product","3":"status-publish","4":"has-post-thumbnail","6":"product_brand-jobe-sports-hr","7":"product_cat-prsluci-za-spasavanje-za-sportove-na-vodi","8":"product_cat-uzgonska-pomagala","10":"first","11":"instock","12":"shipping-taxable","13":"purchasable","14":"product-type-simple"},"_links":{"self":[{"href":"https:\/\/stoic-curie.212-227-153-4.plesk.page\/hr\/wp-json\/wp\/v2\/product\/744179","targetHints":{"allow":["GET"]}}],"collection":[{"href":"https:\/\/stoic-curie.212-227-153-4.plesk.page\/hr\/wp-json\/wp\/v2\/product"}],"about":[{"href":"https:\/\/stoic-curie.212-227-153-4.plesk.page\/hr\/wp-json\/wp\/v2\/types\/product"}],"replies":[{"embeddable":true,"href":"https:\/\/stoic-curie.212-227-153-4.plesk.page\/hr\/wp-json\/wp\/v2\/comments?post=744179"}],"version-history":[{"count":0,"href":"https:\/\/stoic-curie.212-227-153-4.plesk.page\/hr\/wp-json\/wp\/v2\/product\/744179\/revisions"}],"wp:featuredmedia":[{"embeddable":true,"href":"https:\/\/stoic-curie.212-227-153-4.plesk.page\/hr\/wp-json\/wp\/v2\/media\/5946106"}],"wp:attachment":[{"href":"https:\/\/stoic-curie.212-227-153-4.plesk.page\/hr\/wp-json\/wp\/v2\/media?parent=744179"}],"wp:term":[{"taxonomy":"product_brand","embeddable":true,"href":"https:\/\/stoic-curie.212-227-153-4.plesk.page\/hr\/wp-json\/wp\/v2\/product_brand?post=744179"},{"taxonomy":"product_cat","embeddable":true,"href":"https:\/\/stoic-curie.212-227-153-4.plesk.page\/hr\/wp-json\/wp\/v2\/product_cat?post=744179"},{"taxonomy":"product_tag","embeddable":true,"href":"https:\/\/stoic-curie.212-227-153-4.plesk.page\/hr\/wp-json\/wp\/v2\/product_tag?post=744179"}],"curies":[{"name":"wp","href":"https:\/\/api.w.org\/{rel}","templated":true}]}}