{"id":744190,"date":"2025-03-03T18:57:57","date_gmt":"2025-03-03T17:57:57","guid":{"rendered":"https:\/\/stoic-curie.212-227-153-4.plesk.page\/producto\/podesivi-drzac-stapa-za-ribolov-h300mm-x-40mm\/"},"modified":"2026-02-25T00:01:12","modified_gmt":"2026-02-25T00:01:12","slug":"podesivi-drzac-stapa-za-ribolov-h300mm-x-40mm","status":"publish","type":"product","link":"https:\/\/stoic-curie.212-227-153-4.plesk.page\/hr\/product\/podesivi-drzac-stapa-za-ribolov-h300mm-x-40mm\/","title":{"rendered":"Podesivi dr\u017eac \u0161tapa za ribolov H300mm x 40mm"},"content":{"rendered":"<p>Podesivi dr\u017eac \u0161tapa za ribolov H300mm x 40mm &#8211; <\/p>\n<p>Pode\u0161avaju\u0107i dr\u017ea\u010d ribolovne \u0161tapove od kromiranog mesinga s ravnom bazom i gumenom za\u0161titom. Zahvaljuju\u0107i klik nosa\u010du, lako se uklanja i odr\u017eava palubu slobodom.<\/p>\n","protected":false},"excerpt":{"rendered":"<p>Podesivi dr\u017eac \u0161tapa za ribolov H300mm x 40mm &#8211; Pode\u0161avaju\u0107i dr\u017ea\u010d ribolovne \u0161tapove od kromiranog mesinga s ravnom bazom i<\/p>\n","protected":false},"featured_media":5946107,"comment_status":"open","ping_status":"closed","template":"","meta":[],"product_brand":[2946],"product_cat":[1680],"product_tag":[],"class_list":{"0":"post-744190","1":"product","2":"type-product","3":"status-publish","4":"has-post-thumbnail","6":"product_brand-foresti-suardi-hr","7":"product_cat-drzaci-stapova-za-ribolov","9":"first","10":"instock","11":"shipping-taxable","12":"purchasable","13":"product-type-simple"},"_links":{"self":[{"href":"https:\/\/stoic-curie.212-227-153-4.plesk.page\/hr\/wp-json\/wp\/v2\/product\/744190","targetHints":{"allow":["GET"]}}],"collection":[{"href":"https:\/\/stoic-curie.212-227-153-4.plesk.page\/hr\/wp-json\/wp\/v2\/product"}],"about":[{"href":"https:\/\/stoic-curie.212-227-153-4.plesk.page\/hr\/wp-json\/wp\/v2\/types\/product"}],"replies":[{"embeddable":true,"href":"https:\/\/stoic-curie.212-227-153-4.plesk.page\/hr\/wp-json\/wp\/v2\/comments?post=744190"}],"version-history":[{"count":0,"href":"https:\/\/stoic-curie.212-227-153-4.plesk.page\/hr\/wp-json\/wp\/v2\/product\/744190\/revisions"}],"wp:featuredmedia":[{"embeddable":true,"href":"https:\/\/stoic-curie.212-227-153-4.plesk.page\/hr\/wp-json\/wp\/v2\/media\/5946107"}],"wp:attachment":[{"href":"https:\/\/stoic-curie.212-227-153-4.plesk.page\/hr\/wp-json\/wp\/v2\/media?parent=744190"}],"wp:term":[{"taxonomy":"product_brand","embeddable":true,"href":"https:\/\/stoic-curie.212-227-153-4.plesk.page\/hr\/wp-json\/wp\/v2\/product_brand?post=744190"},{"taxonomy":"product_cat","embeddable":true,"href":"https:\/\/stoic-curie.212-227-153-4.plesk.page\/hr\/wp-json\/wp\/v2\/product_cat?post=744190"},{"taxonomy":"product_tag","embeddable":true,"href":"https:\/\/stoic-curie.212-227-153-4.plesk.page\/hr\/wp-json\/wp\/v2\/product_tag?post=744190"}],"curies":[{"name":"wp","href":"https:\/\/api.w.org\/{rel}","templated":true}]}}