{"id":744198,"date":"2025-03-03T19:00:03","date_gmt":"2025-03-03T18:00:03","guid":{"rendered":"https:\/\/stoic-curie.212-227-153-4.plesk.page\/producto\/pojacalo-fusion-apollo-ms-ap41200\/"},"modified":"2026-02-25T00:01:12","modified_gmt":"2026-02-25T00:01:12","slug":"pojacalo-fusion-apollo-ms-ap41200","status":"publish","type":"product","link":"https:\/\/stoic-curie.212-227-153-4.plesk.page\/hr\/product\/pojacalo-fusion-apollo-ms-ap41200\/","title":{"rendered":"Poja\u010dalo Fusion Apollo MS-AP41200 &#8211; 4 kanala"},"content":{"rendered":"<p>Poja\u010dalo Fusion Apollo MS-AP41200 &#8211; 4 kanala &#8211; <\/p>\n<p style=\"color: rgb(34, 34, 34); font-family: Arial, Helvetica, sans-serif; font-size: small;\">FUSION MS-AP41200 je robusno poja\u010dalo s 4 kanala koje isporu\u010duje impresivnih 1200 vata snage. Ovo poja\u010dalo, zajedno s Fusion Apollo morskim poja\u010dalima dostupnim u konfiguracijama od dva, \u010detiri i osam kanala, pa\u017eljivo je projektirano za kompatibilnost s Fusion Apollo stereo ure\u0111ajima koji uklju\u010duju DSP (Digital Signal Processing) tehnologiju. Zahvaljuju\u0107i funkciji Easy Tune2, automatski pode\u0161ava zvu\u010dne postavke za pobolj\u0161anje audio performansi.<\/p>\n<p style=\"color: rgb(34, 34, 34); font-family: Arial, Helvetica, sans-serif; font-size: small;\">Izgra\u0111eno da izdr\u017ei izazove morskog okru\u017eenja, ovo poja\u010dalo opremljeno je LED indikatorima i nudi \u0161iroku za\u0161titu od elektri\u010dnih opasnosti, vibracija i izlo\u017eenosti slanoj vodi, dok istovremeno optimizira energetsku u\u010dinkovitost. Paket uklju\u010duje sve potrebne komponente kao \u0161to su nositelji, vijci, poklopci vijaka, konektor za napajanje, konektori za zvu\u010dnike i priru\u010dnik s predlo\u0161kom za jednostavnu instalaciju.<\/p>\n<p style=\"color: rgb(34, 34, 34); font-family: Arial, Helvetica, sans-serif; font-size: small;\">Otkrijte razliku izme\u0111u jednostavno slu\u0161aju\u0107i glazbu i stvarno je do\u017eivljavaju\u0107i.<\/p>\n<p style=\"color: rgb(34, 34, 34); font-family: Arial, Helvetica, sans-serif; font-size: small;\">Ovo poja\u010dalo je isklju\u010divo kompatibilno s Apollo serijom stereo ure\u0111aja i posebno je dizajnirano za kori\u0161tenje s Fusion\u00ae DSP-poja\u010dalima i Fusion zvu\u010dnicima.<\/p>\n<p style=\"color: rgb(34, 34, 34); font-family: Arial, Helvetica, sans-serif; font-size: small;\"><strong>Klju\u010dne zna\u010dajke:<\/strong><\/p>\n<ul style=\"color: rgb(34, 34, 34); font-family: Arial, Helvetica, sans-serif; font-size: small;\">\n<li><strong>Izvanredni izlaz snage<\/strong>: Osigurava 150 vata RMS po kanalu (na 4 ohma), sposoban pokretati do \u010detiri para zvu\u010dnika ili dva para zvu\u010dnika zajedno s subwooferom.<\/li>\n<li><strong>U\u010dinkovit Class D dizajn<\/strong>: Tro\u0161i manje energije, omogu\u0107uju\u0107i produ\u017eena slu\u0161anja na visokim razinama dok minimizira pra\u017enjenje baterije.<\/li>\n<li><strong>Funkcionalnost Easy Tune<\/strong>: Automatski kalibrira zvu\u010dne postavke za vrhunsku kvalitetu zvuka bez potrebe za ru\u010dnim pode\u0161avanjima (potrebno je postaviti putem Fusion-Link\u2122 aplikacije na kompatibilnom pametnom telefonu).<\/li>\n<li><strong>LED statusni indikator<\/strong>: Obavje\u0161tava vas o elektri\u010dnim problemima, kratkim spojnim to\u010dkama i temperaturnim varijacijama.<\/li>\n<li><strong>Niska ukupna harmonijska distorzija<\/strong>: Dizajnirano za smanjenje distorzije i \u0161uma, pobolj\u0161avaju\u0107i ukupnu jasno\u0107u zvuka.<\/li>\n<li><strong>Za\u0161tita od paljenja<\/strong>: Uklju\u010duje pametno elektroni\u010dko osigura\u010d koje \u0161titi od prekomjernog i premalog strujnog protoka, temperaturnih varijacija, kratkih spojeva na izlazu i drugih potencijalnih kvarova.<\/li>\n<li><strong>Konformirana PCB<\/strong>: Krug poja\u010dala je posebno obra\u0111en za superiornu za\u0161titu od morskih uvjeta.<\/li>\n<li><strong>Pra\u0161ni premaz od aluminija<\/strong>: Testirano protiv slane magle, ekstremnih temperatura, vibracija i UV izlaganja, ovo poja\u010dalo spaja izdr\u017eljivost s elegantnim dizajnom za pobolj\u0161anje vizualne privla\u010dnosti va\u0161e brodice.<\/li>\n<li><strong>Jednostavna instalacija<\/strong>: Dolazi s vlastitim konektorima za kabele i nosa\u010dem za jednostavno postavljanje. Priklju\u010dite svoje zvu\u010dnike ili subwoofer unaprijed, a zatim jednostavno umetnite poja\u010dalo na svoje mjesto za \u010dist zavr\u0161etak.<\/li>\n<li><strong>Visoki na\u010din rada<\/strong>: Uklju\u010duje adaptere za jednostavno povezivanje dva kanala u visokom na\u010dinu rada, pove\u0107avaju\u0107i izlaznu snagu.<\/li>\n<li><strong>True-Marine\u2122 konstrukcija<\/strong>: Dizajnirano da izdr\u017ei najte\u017ee morske uvjete iz sezone u sezonu, podr\u017eano trogodi\u0161njim jamstvom.<\/li>\n<\/ul>\n<p style=\"color: rgb(34, 34, 34); font-family: Arial, Helvetica, sans-serif; font-size: small;\">Fusion\u00ae Apollo\u2122 morska poja\u010dala unapre\u0111uju va\u0161e iskustvo slu\u0161anja od jednostavnog slu\u0161anja glazbe do stvarnog osje\u0107anja. Ova u\u010dinkovita, korisniku prijazna poja\u010dala izra\u0111ena su isklju\u010divo za kompatibilne Fusion DSP-poja\u010dane stereo ure\u0111aje (Apollo RA770, Apollo RA670, Apollo WB670 i RA210) i Fusion zvu\u010dnike. S vrhunskom izlaznom snagom od 1200 vata (150 vata RMS po kanalu), 4-kanalno poja\u010dalo mo\u017ee pokretati do \u010detiri para zvu\u010dnika ili dva para zvu\u010dnika i jedan subwoofer. Funkcija Easy Tune jam\u010di optimalnu kvalitetu zvuka bez potrebe za ru\u010dnim pode\u0161avanjima (postavljanje zahtijeva Fusion-Link\u2122 aplikaciju na kompatibilnom pametnom telefonu). Dizajnirano posebno za morske aplikacije, Apollo poja\u010dala dolaze s trogodi\u0161njim ograni\u010denim jamstvom za potro\u0161a\u010de.<\/p>\n<p style=\"color: rgb(34, 34, 34); font-family: Arial, Helvetica, sans-serif; font-size: small;\"><strong>Klju\u010dne zna\u010dajke:<\/strong><\/p>\n<ul style=\"color: rgb(34, 34, 34); font-family: Arial, Helvetica, sans-serif; font-size: small;\">\n<li><strong>Mo\u0107no 1200-vatno 4-kanalno poja\u010dalo<\/strong> (150 vata RMS po kanalu) projektirano za pokretanje do \u010detiri para zvu\u010dnika ili dva para zvu\u010dnika i jedan subwoofer.<\/li>\n<li><strong>Easy Tune funkcija<\/strong> automatski kalibrira audio postavke za najbolju kvalitetu zvuka (zahtijeva postavljanje kori\u0161tenjem Fusion-Link\u2122 aplikacije na kompatibilnom pametnom telefonu).<\/li>\n<li><strong>Uklju\u010duje nosa\u010d<\/strong> za jednostavnu instalaciju.<\/li>\n<li><strong>Fusion\u00ae True-Marine\u2122 dizajn<\/strong> (testirano protiv slane magle, temperature, vibracija i UV izlaganja) s trogodi\u0161njim ograni\u010denim jamstvom za potro\u0161a\u010de.<\/li>\n<\/ul>\n","protected":false},"excerpt":{"rendered":"<p>Poja\u010dalo Fusion Apollo MS-AP41200 &#8211; 4 kanala &#8211; FUSION MS-AP41200 je robusno poja\u010dalo s 4 kanala koje isporu\u010duje impresivnih 1200<\/p>\n","protected":false},"featured_media":5946121,"comment_status":"open","ping_status":"closed","template":"","meta":[],"product_brand":[2961],"product_cat":[1733],"product_tag":[],"class_list":{"0":"post-744198","1":"product","2":"type-product","3":"status-publish","4":"has-post-thumbnail","6":"product_brand-fusion-hr","7":"product_cat-stereo-i-zvucnici","9":"first","10":"instock","11":"shipping-taxable","12":"purchasable","13":"product-type-simple"},"_links":{"self":[{"href":"https:\/\/stoic-curie.212-227-153-4.plesk.page\/hr\/wp-json\/wp\/v2\/product\/744198","targetHints":{"allow":["GET"]}}],"collection":[{"href":"https:\/\/stoic-curie.212-227-153-4.plesk.page\/hr\/wp-json\/wp\/v2\/product"}],"about":[{"href":"https:\/\/stoic-curie.212-227-153-4.plesk.page\/hr\/wp-json\/wp\/v2\/types\/product"}],"replies":[{"embeddable":true,"href":"https:\/\/stoic-curie.212-227-153-4.plesk.page\/hr\/wp-json\/wp\/v2\/comments?post=744198"}],"version-history":[{"count":0,"href":"https:\/\/stoic-curie.212-227-153-4.plesk.page\/hr\/wp-json\/wp\/v2\/product\/744198\/revisions"}],"wp:featuredmedia":[{"embeddable":true,"href":"https:\/\/stoic-curie.212-227-153-4.plesk.page\/hr\/wp-json\/wp\/v2\/media\/5946121"}],"wp:attachment":[{"href":"https:\/\/stoic-curie.212-227-153-4.plesk.page\/hr\/wp-json\/wp\/v2\/media?parent=744198"}],"wp:term":[{"taxonomy":"product_brand","embeddable":true,"href":"https:\/\/stoic-curie.212-227-153-4.plesk.page\/hr\/wp-json\/wp\/v2\/product_brand?post=744198"},{"taxonomy":"product_cat","embeddable":true,"href":"https:\/\/stoic-curie.212-227-153-4.plesk.page\/hr\/wp-json\/wp\/v2\/product_cat?post=744198"},{"taxonomy":"product_tag","embeddable":true,"href":"https:\/\/stoic-curie.212-227-153-4.plesk.page\/hr\/wp-json\/wp\/v2\/product_tag?post=744198"}],"curies":[{"name":"wp","href":"https:\/\/api.w.org\/{rel}","templated":true}]}}