{"id":744200,"date":"2025-03-03T19:00:04","date_gmt":"2025-03-03T18:00:04","guid":{"rendered":"https:\/\/stoic-curie.212-227-153-4.plesk.page\/producto\/pojacalo-fusion-ms-ap82400\/"},"modified":"2026-02-25T00:01:12","modified_gmt":"2026-02-25T00:01:12","slug":"pojacalo-fusion-ms-ap82400","status":"publish","type":"product","link":"https:\/\/stoic-curie.212-227-153-4.plesk.page\/hr\/product\/pojacalo-fusion-ms-ap82400\/","title":{"rendered":"Poja\u010dalo Fusion MS-AP82400 s 8 kanala"},"content":{"rendered":"<p>Poja\u010dalo Fusion MS-AP82400 s 8 kanala &#8211; <\/p>\n<p>Marine poja\u010dalo Fusion MS-AP82400 klju\u010dna je komponenta Fusionova Apollo Marine Entertainment sustava. Ovaj sustav nudi potpuno audio iskustvo visoke vjernosti, osiguravaju\u0107i da svaki dio\u2014od izvora do napajanja i zvu\u010dnika\u2014besprijekorno sura\u0111uje. Apollo Series prijemnici, poja\u010dala i zvu\u010dnici dizajnirani su da funkcioniraju u harmoniji, eliminiraju\u0107i potrebu za slo\u017eenim kontrolama na brodu. Umjesto toga, sve mo\u017eete lako upravljati putem Fusionovog Easy Tune softvera.<\/p>\n<p>Ova serija uklju\u010duje dvo-, \u010detverokanalna i osmo-kanalna Class D Fusion Apollo marine poja\u010dala, posebno dizajnirana za kori\u0161tenje s Fusion Apollo stereo ure\u0111ajima koji imaju DSP (Digital Signal Processing) tehnologiju. Uz Easy Tune2 funkciju, ova poja\u010dala mogu automatski prilagoditi postavke zvuka kako bi pobolj\u0161ala audio kvalitetu. Dolaze s LED indikatorima, potpunom za\u0161titom od elektri\u010dnih o\u0161te\u0107enja, a izra\u0111ena su da izdr\u017ee vibracije i slane okoline, dok istovremeno optimiziraju potro\u0161nju energije. Pakiranje uklju\u010duje nosa\u010de, vijke, pokrove vijaka, priklju\u010dke za napajanje, priklju\u010dke za zvu\u010dnike, te priru\u010dnik s predlo\u0161kom.<\/p>\n<p><strong>Prilago\u0111eno pode\u0161avanje<\/strong><\/p>\n<p>Koriste\u0107i Fusion-Link\u2122 aplikaciju na svom kompatibilnom pametnom telefonu, mo\u017eete odabrati Apollo Series poja\u010dalo, zvu\u010dnike i subwoofere koje koristite. DSP prijemnik \u0107e tada stvoriti fino pode\u0161en signal prilago\u0111en optimalnom poja\u010danju poja\u010dala, prijelazu i postavkama tonova. Mo\u017eete \u010dak odabrati razli\u010dite zvu\u010dne profile za zatvorene kabine, podru\u010dje kormila ili otvorenu palubu, osiguravaju\u0107i savr\u0161enu kvalitetu zvuka na svakoj lokaciji.<\/p>\n<p><strong>Snaga za va\u0161 Fusion Apollo sustav<\/strong><\/p>\n<p>Fusion Apollo MS-AP82400 osmo-kanalno poja\u010dalo isporu\u010duje 150 W RMS po kanalu, pru\u017eaju\u0107i snagu koju va\u0161a glazba treba u svakom dijelu va\u0161eg broda. Uklju\u010deni adapter za spajanje omogu\u0107uje vam da spojite dva kanala poja\u010dala kako biste pokrenuli subwoofer s do 580 W RMS, dok istovremeno napajate \u0161est drugih zvu\u010dnika s po 150 W. U\u010dinkovit Class-D dizajn maksimizira ispravnu snagu uz minimalnu potro\u0161nju baterije.<\/p>\n<p><strong>Dizajniran za \u017eivot na moru<\/strong><\/p>\n<p>Ovo poja\u010dalo ima za\u0161titu od paljenja i inteligentnu elektroni\u010dku osigura\u010d za spre\u010davanje o\u0161te\u0107enja od elektri\u010dnih kvarova. Njegovo vremenski otporno, IPX2 ocijenjeno (otpornik na prskanje) ku\u0107i\u0161te, zavr\u0161na obrada od prahom oblo\u017eenog aluminija i oblo\u017eene skladi\u0161ne plo\u010de osiguravaju da Fusionovo True-Marine\u2122 Design poja\u010dalo mo\u017ee izdr\u017eati te\u0161ke uvjete na moru.<\/p>\n<p><strong>Istaknute zna\u010dajke proizvoda:<\/strong><\/p>\n<ul>\n<li>8-kanalno marine poja\u010dalo za Fusion Apollo DSP stereo sustav<\/li>\n<li>150 W RMS x 8 na 4 ohma<\/li>\n<li>290 W RMS x 8 na 2 ohma<\/li>\n<li>580 W RMS x 4 bridged* na 4 ohma<\/li>\n<li>Usugla\u0161eno s CEA-2006 normama<\/li>\n<li>Class D dizajn<\/li>\n<li>Nema kontrola napajanja ili zvuka na brodu<\/li>\n<\/ul>\n<p><strong>Easy Tune zna\u010dajke:<\/strong><\/p>\n<ul>\n<li>Upravlja se putem Fusion-Link aplikacije s va\u0161eg pametnog telefona putem Bluetootha na kompatibilne Fusion DSP prijemnike, zvu\u010dnike i subwoofere<\/li>\n<li>Kompatibilni Fusion prijemnici: MS-RA770, MS-RA670, WB670 i MS-RA210<\/li>\n<\/ul>\n<p><strong>Dodatne zna\u010dajke:<\/strong><\/p>\n<ul>\n<li>Uklju\u010deni nosa\u010d<\/li>\n<li>Otpornost na vremenske uvjete: IPX2 ocjenjeno ku\u0107i\u0161te i oblo\u017eene skladi\u0161ne plo\u010de<\/li>\n<li>Jedan visokoprofitni adapter za spajanje uklju\u010den; dodatni adapteri dostupni od Fusiona<\/li>\n<li>\u017dice i hardver nisu uklju\u010deni s poja\u010dalom<\/li>\n<li>Preporu\u010dene \u017eice za napajanje i uzemljenje: 4-gauge<\/li>\n<li>Ocjena osigura\u010da: 125A x 1<\/li>\n<li>Dimenzije (s nosa\u010dem): 14-1\/8&#8243;\u0160 x 2-1\/4&#8243;V x 8-5\/16&#8243;D<\/li>\n<li>Jamstvo: 3 godine<\/li>\n<\/ul>\n","protected":false},"excerpt":{"rendered":"<p>Poja\u010dalo Fusion MS-AP82400 s 8 kanala &#8211; Marine poja\u010dalo Fusion MS-AP82400 klju\u010dna je komponenta Fusionova Apollo Marine Entertainment sustava. Ovaj<\/p>\n","protected":false},"featured_media":5946121,"comment_status":"open","ping_status":"closed","template":"","meta":[],"product_brand":[2961],"product_cat":[1733],"product_tag":[],"class_list":{"0":"post-744200","1":"product","2":"type-product","3":"status-publish","4":"has-post-thumbnail","6":"product_brand-fusion-hr","7":"product_cat-stereo-i-zvucnici","9":"first","10":"instock","11":"shipping-taxable","12":"purchasable","13":"product-type-simple"},"_links":{"self":[{"href":"https:\/\/stoic-curie.212-227-153-4.plesk.page\/hr\/wp-json\/wp\/v2\/product\/744200","targetHints":{"allow":["GET"]}}],"collection":[{"href":"https:\/\/stoic-curie.212-227-153-4.plesk.page\/hr\/wp-json\/wp\/v2\/product"}],"about":[{"href":"https:\/\/stoic-curie.212-227-153-4.plesk.page\/hr\/wp-json\/wp\/v2\/types\/product"}],"replies":[{"embeddable":true,"href":"https:\/\/stoic-curie.212-227-153-4.plesk.page\/hr\/wp-json\/wp\/v2\/comments?post=744200"}],"version-history":[{"count":0,"href":"https:\/\/stoic-curie.212-227-153-4.plesk.page\/hr\/wp-json\/wp\/v2\/product\/744200\/revisions"}],"wp:featuredmedia":[{"embeddable":true,"href":"https:\/\/stoic-curie.212-227-153-4.plesk.page\/hr\/wp-json\/wp\/v2\/media\/5946121"}],"wp:attachment":[{"href":"https:\/\/stoic-curie.212-227-153-4.plesk.page\/hr\/wp-json\/wp\/v2\/media?parent=744200"}],"wp:term":[{"taxonomy":"product_brand","embeddable":true,"href":"https:\/\/stoic-curie.212-227-153-4.plesk.page\/hr\/wp-json\/wp\/v2\/product_brand?post=744200"},{"taxonomy":"product_cat","embeddable":true,"href":"https:\/\/stoic-curie.212-227-153-4.plesk.page\/hr\/wp-json\/wp\/v2\/product_cat?post=744200"},{"taxonomy":"product_tag","embeddable":true,"href":"https:\/\/stoic-curie.212-227-153-4.plesk.page\/hr\/wp-json\/wp\/v2\/product_tag?post=744200"}],"curies":[{"name":"wp","href":"https:\/\/api.w.org\/{rel}","templated":true}]}}