{"id":744201,"date":"2025-03-03T19:00:05","date_gmt":"2025-03-03T18:00:05","guid":{"rendered":"https:\/\/stoic-curie.212-227-153-4.plesk.page\/producto\/pumpe-rule-800-403fc-50lt-minuta-12v\/"},"modified":"2026-02-25T00:01:12","modified_gmt":"2026-02-25T00:01:12","slug":"pumpe-rule-800-403fc-50lt-minuta-12v","status":"publish","type":"product","link":"https:\/\/stoic-curie.212-227-153-4.plesk.page\/hr\/product\/pumpe-rule-800-403fc-50lt-minuta-12v\/","title":{"rendered":"Pumpe Rule 800-403FC 50lt minuta 12v"},"content":{"rendered":"<p>Pumpe Rule 800-403FC 50lt minuta 12v &#8211; <\/p>\n<p>Rule pumpa za aeraciju s dvostrukim izlazom za opcionalnu priklju\u010dnu operaciju. Rotiraju\u0107e tijelo za olak\u0161avanje povezanosti i uklonjivi ulo\u0161ci za jednostavno \u010di\u0161\u0107enje. Odvodna cijev: 1821640: 3\/4&#8243; navoj sa 20 mm ravnom i kutnom cijevi do crijeva 1821642: 1&#8243;1\/8 navoj sa 30 mm ravnom i kutnom cijevi do crijeva Druga operativna cijev: 1\/2&#8243; NPT navoj<\/p>\n","protected":false},"excerpt":{"rendered":"<p>Pumpe Rule 800-403FC 50lt minuta 12v &#8211; Rule pumpa za aeraciju s dvostrukim izlazom za opcionalnu priklju\u010dnu operaciju. Rotiraju\u0107e tijelo<\/p>\n","protected":false},"featured_media":5946124,"comment_status":"open","ping_status":"closed","template":"","meta":[],"product_brand":[3326],"product_cat":[1653],"product_tag":[],"class_list":{"0":"post-744201","1":"product","2":"type-product","3":"status-publish","4":"has-post-thumbnail","6":"product_brand-rule-hr","7":"product_cat-brodske-aeratorske-pumpe","9":"first","10":"outofstock","11":"shipping-taxable","12":"purchasable","13":"product-type-simple"},"_links":{"self":[{"href":"https:\/\/stoic-curie.212-227-153-4.plesk.page\/hr\/wp-json\/wp\/v2\/product\/744201","targetHints":{"allow":["GET"]}}],"collection":[{"href":"https:\/\/stoic-curie.212-227-153-4.plesk.page\/hr\/wp-json\/wp\/v2\/product"}],"about":[{"href":"https:\/\/stoic-curie.212-227-153-4.plesk.page\/hr\/wp-json\/wp\/v2\/types\/product"}],"replies":[{"embeddable":true,"href":"https:\/\/stoic-curie.212-227-153-4.plesk.page\/hr\/wp-json\/wp\/v2\/comments?post=744201"}],"version-history":[{"count":0,"href":"https:\/\/stoic-curie.212-227-153-4.plesk.page\/hr\/wp-json\/wp\/v2\/product\/744201\/revisions"}],"wp:featuredmedia":[{"embeddable":true,"href":"https:\/\/stoic-curie.212-227-153-4.plesk.page\/hr\/wp-json\/wp\/v2\/media\/5946124"}],"wp:attachment":[{"href":"https:\/\/stoic-curie.212-227-153-4.plesk.page\/hr\/wp-json\/wp\/v2\/media?parent=744201"}],"wp:term":[{"taxonomy":"product_brand","embeddable":true,"href":"https:\/\/stoic-curie.212-227-153-4.plesk.page\/hr\/wp-json\/wp\/v2\/product_brand?post=744201"},{"taxonomy":"product_cat","embeddable":true,"href":"https:\/\/stoic-curie.212-227-153-4.plesk.page\/hr\/wp-json\/wp\/v2\/product_cat?post=744201"},{"taxonomy":"product_tag","embeddable":true,"href":"https:\/\/stoic-curie.212-227-153-4.plesk.page\/hr\/wp-json\/wp\/v2\/product_tag?post=744201"}],"curies":[{"name":"wp","href":"https:\/\/api.w.org\/{rel}","templated":true}]}}