{"id":744203,"date":"2025-03-03T19:00:05","date_gmt":"2025-03-03T18:00:05","guid":{"rendered":"https:\/\/stoic-curie.212-227-153-4.plesk.page\/producto\/rezervni-prekidac-60psi-za-jabsco-par-max\/"},"modified":"2026-02-25T00:01:12","modified_gmt":"2026-02-25T00:01:12","slug":"rezervni-prekidac-60psi-za-jabsco-par-max","status":"publish","type":"product","link":"https:\/\/stoic-curie.212-227-153-4.plesk.page\/hr\/product\/rezervni-prekidac-60psi-za-jabsco-par-max\/","title":{"rendered":"Rezervni prekida\u010d 60psi za Jabsco Par-max"},"content":{"rendered":"<p>Rezervni prekida\u010d 60psi za Jabsco Par-max &#8211; <\/p>\n<p>Jabsco Par-Max HD pumpa za pritisak slatke vode za umivaonike i tu\u0161eve pogodna je za 2 do 4 korisna mjesta. Samousisna je do 2 metra, s motorom s trajnim magnetom i sustavom zaobi\u0111anja koji jam\u010di konstantan protok i ti\u0161inu. Uklju\u010duje filtar i brze spojnice.<\/p>\n","protected":false},"excerpt":{"rendered":"<p>Rezervni prekida\u010d 60psi za Jabsco Par-max &#8211; Jabsco Par-Max HD pumpa za pritisak slatke vode za umivaonike i tu\u0161eve pogodna<\/p>\n","protected":false},"featured_media":5946126,"comment_status":"open","ping_status":"closed","template":"","meta":[],"product_brand":[3031],"product_cat":[1660],"product_tag":[],"class_list":{"0":"post-744203","1":"product","2":"type-product","3":"status-publish","4":"has-post-thumbnail","6":"product_brand-jabsco-marine-hr","7":"product_cat-pumpe-za-tlak-vode","9":"first","10":"instock","11":"shipping-taxable","12":"purchasable","13":"product-type-simple"},"_links":{"self":[{"href":"https:\/\/stoic-curie.212-227-153-4.plesk.page\/hr\/wp-json\/wp\/v2\/product\/744203","targetHints":{"allow":["GET"]}}],"collection":[{"href":"https:\/\/stoic-curie.212-227-153-4.plesk.page\/hr\/wp-json\/wp\/v2\/product"}],"about":[{"href":"https:\/\/stoic-curie.212-227-153-4.plesk.page\/hr\/wp-json\/wp\/v2\/types\/product"}],"replies":[{"embeddable":true,"href":"https:\/\/stoic-curie.212-227-153-4.plesk.page\/hr\/wp-json\/wp\/v2\/comments?post=744203"}],"version-history":[{"count":0,"href":"https:\/\/stoic-curie.212-227-153-4.plesk.page\/hr\/wp-json\/wp\/v2\/product\/744203\/revisions"}],"wp:featuredmedia":[{"embeddable":true,"href":"https:\/\/stoic-curie.212-227-153-4.plesk.page\/hr\/wp-json\/wp\/v2\/media\/5946126"}],"wp:attachment":[{"href":"https:\/\/stoic-curie.212-227-153-4.plesk.page\/hr\/wp-json\/wp\/v2\/media?parent=744203"}],"wp:term":[{"taxonomy":"product_brand","embeddable":true,"href":"https:\/\/stoic-curie.212-227-153-4.plesk.page\/hr\/wp-json\/wp\/v2\/product_brand?post=744203"},{"taxonomy":"product_cat","embeddable":true,"href":"https:\/\/stoic-curie.212-227-153-4.plesk.page\/hr\/wp-json\/wp\/v2\/product_cat?post=744203"},{"taxonomy":"product_tag","embeddable":true,"href":"https:\/\/stoic-curie.212-227-153-4.plesk.page\/hr\/wp-json\/wp\/v2\/product_tag?post=744203"}],"curies":[{"name":"wp","href":"https:\/\/api.w.org\/{rel}","templated":true}]}}