{"id":744204,"date":"2025-03-03T19:00:06","date_gmt":"2025-03-03T18:00:06","guid":{"rendered":"https:\/\/stoic-curie.212-227-153-4.plesk.page\/producto\/jabsco-hotshot-hd4-pumpa-za-ispiranje-24v-15l-min-60-psi\/"},"modified":"2026-02-25T00:01:12","modified_gmt":"2026-02-25T00:01:12","slug":"jabsco-hotshot-hd4-pumpa-za-ispiranje-24v-15l-min-60-psi","status":"publish","type":"product","link":"https:\/\/stoic-curie.212-227-153-4.plesk.page\/hr\/product\/jabsco-hotshot-hd4-pumpa-za-ispiranje-24v-15l-min-60-psi\/","title":{"rendered":"Jabsco Par-Max HD4 40PSI 24v"},"content":{"rendered":"<p>Jabsco Par-Max HD4 40PSI 24v &#8211; Jabsco Xylem HotShot HD4 24V DC je pouzdana pra\u0107ena visoko protok i visoki tlak dijafragmatska pumpa. Ovaj HD (te\u0161ka) model ima \u0161iri promjer motora (od standardnih ne-HD modela) s pra\u0161kasto premazanom \u0161koljkom, lijevanim aluminijskim krajevima i donjim ku\u0107i\u0161tem za pobolj\u0161anje sposobnosti tlaka i trajnosti.<\/p>\n<p>Pumpa ima no\u017eice za smanjenje vibracija za tihi rad i integrirani, zatvoreni prekida\u010d pritiska za rad po potrebi. Ima suha samousisnu sposobnost do 2,1 metara (7 stopa) i mo\u017ee raditi suho bez o\u0161te\u0107enja.<\/p>\n<p>Jabsco Xylem HotShot HD4 dolazi s brzo povezanim ravnim adapterima cijevi i GHT spojnicama, 90\u00b0 20-mre\u017enim brzim spojnikom talizirom i brzo povezanim adapterima za cijevi.<\/p>\n<ul>\n<li>Napon: 24V DC<\/li>\n<li>Otvoreni protok: 4 GPM (15 LPM)<\/li>\n<li>Prekidni tlak: 60 BAR (4,1 PSI)<\/li>\n<li>Maks. struja: 6,0 Ampera<\/li>\n<li>Preporu\u010dena veli\u010dina osigura\u010da: 10A<\/li>\n<li>Dimenzije: 239mm (D) x 104mm (\u0160) x 97mm (V)<\/li>\n<\/ul>\n","protected":false},"excerpt":{"rendered":"<p>Jabsco Par-Max HD4 40PSI 24v &#8211; Jabsco Xylem HotShot HD4 24V DC je pouzdana pra\u0107ena visoko protok i visoki tlak<\/p>\n","protected":false},"featured_media":5946127,"comment_status":"open","ping_status":"closed","template":"","meta":[],"product_brand":[3031],"product_cat":[1648,1660],"product_tag":[],"class_list":{"0":"post-744204","1":"product","2":"type-product","3":"status-publish","4":"has-post-thumbnail","6":"product_brand-jabsco-marine-hr","7":"product_cat-pumpe-za-pranje-brodova","8":"product_cat-pumpe-za-tlak-vode","10":"first","11":"instock","12":"shipping-taxable","13":"purchasable","14":"product-type-simple"},"_links":{"self":[{"href":"https:\/\/stoic-curie.212-227-153-4.plesk.page\/hr\/wp-json\/wp\/v2\/product\/744204","targetHints":{"allow":["GET"]}}],"collection":[{"href":"https:\/\/stoic-curie.212-227-153-4.plesk.page\/hr\/wp-json\/wp\/v2\/product"}],"about":[{"href":"https:\/\/stoic-curie.212-227-153-4.plesk.page\/hr\/wp-json\/wp\/v2\/types\/product"}],"replies":[{"embeddable":true,"href":"https:\/\/stoic-curie.212-227-153-4.plesk.page\/hr\/wp-json\/wp\/v2\/comments?post=744204"}],"version-history":[{"count":0,"href":"https:\/\/stoic-curie.212-227-153-4.plesk.page\/hr\/wp-json\/wp\/v2\/product\/744204\/revisions"}],"wp:featuredmedia":[{"embeddable":true,"href":"https:\/\/stoic-curie.212-227-153-4.plesk.page\/hr\/wp-json\/wp\/v2\/media\/5946127"}],"wp:attachment":[{"href":"https:\/\/stoic-curie.212-227-153-4.plesk.page\/hr\/wp-json\/wp\/v2\/media?parent=744204"}],"wp:term":[{"taxonomy":"product_brand","embeddable":true,"href":"https:\/\/stoic-curie.212-227-153-4.plesk.page\/hr\/wp-json\/wp\/v2\/product_brand?post=744204"},{"taxonomy":"product_cat","embeddable":true,"href":"https:\/\/stoic-curie.212-227-153-4.plesk.page\/hr\/wp-json\/wp\/v2\/product_cat?post=744204"},{"taxonomy":"product_tag","embeddable":true,"href":"https:\/\/stoic-curie.212-227-153-4.plesk.page\/hr\/wp-json\/wp\/v2\/product_tag?post=744204"}],"curies":[{"name":"wp","href":"https:\/\/api.w.org\/{rel}","templated":true}]}}