{"id":744205,"date":"2025-03-03T19:00:06","date_gmt":"2025-03-03T18:00:06","guid":{"rendered":"https:\/\/stoic-curie.212-227-153-4.plesk.page\/producto\/jabsco-hotshot-hd6-pumpa-za-ispiranje-12-v-23-l-min-70-psi\/"},"modified":"2026-02-25T00:01:12","modified_gmt":"2026-02-25T00:01:12","slug":"jabsco-hotshot-hd6-pumpa-za-ispiranje-12-v-23-l-min-70-psi","status":"publish","type":"product","link":"https:\/\/stoic-curie.212-227-153-4.plesk.page\/hr\/product\/jabsco-hotshot-hd6-pumpa-za-ispiranje-12-v-23-l-min-70-psi\/","title":{"rendered":"Jabsco Par-Max HD6 40PSI 12v"},"content":{"rendered":"<p>Jabsco Par-Max HD6 40PSI 12v &#8211; <\/p>\n<div class=\"col-24 col-md-15\">\n<p>12V DC visokoproto\u010dna, visokotla\u010dna membranska pumpa za pranje od Jabsco Xylem. Ovaj Heavy Duty model HotShot HD6 ima motor \u0161ireg promjera (u usporedbi s standardnim modelima koji nisu HD) s prahom premazanom \u0161koljkom, lijevanim aluminijskim krajevima i donjim ku\u0107i\u0161tem za pobolj\u0161anje sposobnosti pritiska i trajnosti.<\/p>\n<p>Pumpa ima noge za ubla\u017eavanje vibracija za ti\u0161i rad i integrirani zatvoreni prekida\u010d tlaka za rad na zahtjev. Ima sposobnost suhog automatskog usisavanja do 2,1 metra (7 stopa) i mo\u017ee raditi suho bez o\u0161te\u0107enja.<\/p>\n<p>Jabsco Xylem HotShot HD6 se isporu\u010duje s brzim spojem ravnog crijeva i GHT priklju\u010dcima, brzim spojom za filtriranje 90\u00b0 20 mre\u0161kanjem i pi\u0161toljom sa brzim spojem te adaptore za crijevo sa brzim spojem.<\/p>\n<p>\u2022 Napon: 12V DC<\/p>\n<p>\u2022 Otvoreni protok GPM (LPM): 6 (23)<\/p>\n<p>\u2022 Prekidni tlak PSI (BAR): 70 (4,8)<\/p>\n<p>\u2022 Maks. struja AMPS: 19,0<\/p>\n<p>\u2022 Preporu\u010dena veli\u010dina osigura\u010da: 25<\/p>\n<p>\u2022 Dimenzije: 10,2&#8243; du\u017eina, 5,1&#8243; \u0161irina, 4,7&#8243; visina \/ 259(L) x 129(W) x 119(H)mm<\/p>\n<\/div>\n","protected":false},"excerpt":{"rendered":"<p>Jabsco Par-Max HD6 40PSI 12v &#8211; 12V DC visokoproto\u010dna, visokotla\u010dna membranska pumpa za pranje od Jabsco Xylem. Ovaj Heavy Duty<\/p>\n","protected":false},"featured_media":5946128,"comment_status":"open","ping_status":"closed","template":"","meta":[],"product_brand":[3031],"product_cat":[1648,1660],"product_tag":[],"class_list":{"0":"post-744205","1":"product","2":"type-product","3":"status-publish","4":"has-post-thumbnail","6":"product_brand-jabsco-marine-hr","7":"product_cat-pumpe-za-pranje-brodova","8":"product_cat-pumpe-za-tlak-vode","10":"first","11":"instock","12":"shipping-taxable","13":"purchasable","14":"product-type-simple"},"_links":{"self":[{"href":"https:\/\/stoic-curie.212-227-153-4.plesk.page\/hr\/wp-json\/wp\/v2\/product\/744205","targetHints":{"allow":["GET"]}}],"collection":[{"href":"https:\/\/stoic-curie.212-227-153-4.plesk.page\/hr\/wp-json\/wp\/v2\/product"}],"about":[{"href":"https:\/\/stoic-curie.212-227-153-4.plesk.page\/hr\/wp-json\/wp\/v2\/types\/product"}],"replies":[{"embeddable":true,"href":"https:\/\/stoic-curie.212-227-153-4.plesk.page\/hr\/wp-json\/wp\/v2\/comments?post=744205"}],"version-history":[{"count":0,"href":"https:\/\/stoic-curie.212-227-153-4.plesk.page\/hr\/wp-json\/wp\/v2\/product\/744205\/revisions"}],"wp:featuredmedia":[{"embeddable":true,"href":"https:\/\/stoic-curie.212-227-153-4.plesk.page\/hr\/wp-json\/wp\/v2\/media\/5946128"}],"wp:attachment":[{"href":"https:\/\/stoic-curie.212-227-153-4.plesk.page\/hr\/wp-json\/wp\/v2\/media?parent=744205"}],"wp:term":[{"taxonomy":"product_brand","embeddable":true,"href":"https:\/\/stoic-curie.212-227-153-4.plesk.page\/hr\/wp-json\/wp\/v2\/product_brand?post=744205"},{"taxonomy":"product_cat","embeddable":true,"href":"https:\/\/stoic-curie.212-227-153-4.plesk.page\/hr\/wp-json\/wp\/v2\/product_cat?post=744205"},{"taxonomy":"product_tag","embeddable":true,"href":"https:\/\/stoic-curie.212-227-153-4.plesk.page\/hr\/wp-json\/wp\/v2\/product_tag?post=744205"}],"curies":[{"name":"wp","href":"https:\/\/api.w.org\/{rel}","templated":true}]}}