{"id":744206,"date":"2025-03-03T19:00:07","date_gmt":"2025-03-03T18:00:07","guid":{"rendered":"https:\/\/stoic-curie.212-227-153-4.plesk.page\/producto\/jabsco-hotshot-hd6-pumpa-za-ispiranje-24v-23l-min-70-psi\/"},"modified":"2026-02-25T00:01:12","modified_gmt":"2026-02-25T00:01:12","slug":"jabsco-hotshot-hd6-pumpa-za-ispiranje-24v-23l-min-70-psi","status":"publish","type":"product","link":"https:\/\/stoic-curie.212-227-153-4.plesk.page\/hr\/product\/jabsco-hotshot-hd6-pumpa-za-ispiranje-24v-23l-min-70-psi\/","title":{"rendered":"Jabsco Hotshot HD6 pumpa za ispiranje (24V \/ 23L \/ min \/ 70 psi)"},"content":{"rendered":"<p>Jabsco Hotshot HD6 pumpa za ispiranje (24V \/ 23L \/ min \/ 70 psi) &#8211; <\/p>\n<div class=\"col-24 col-md-15\">\n<p>24V DC visokotla\u010dna membranska pumpa za ispiranje visoke proto\u010dnosti od Jabsco Xylem. Ovaj HotShot HD6 model te\u017eak otpornik ima motorski mehanizam ve\u0107eg promjera (u usporedbi sa standardnim ne-HD modelima), oblo\u017een prahom, lijevana aluminijska krajnja ku\u0107i\u0161ta i donji dio ku\u0107i\u0161ta za pobolj\u0161anje sposobnosti tlaka i trajnosti.<\/p>\n<p>Pumpa ima noge za smanjenje vibracija za tiho djelovanje i ugra\u0111eni, zatvoreni prekida\u010d za pritisak za rad na zahtjev. Ima suho samo-primanje do 2,1 metra (7 stopa) i mo\u017ee raditi bez o\u0161te\u0107enja.<\/p>\n<p>Jabsco Xylem HotShot HD6 dolazi s brzim spojnikom ravnog crijeva i GHT spojevima, brzim spojnikom od 90\u00b0 s 20 mre\u017eicama i pi\u0161toljem za okidanje i brzim spojnicima za cijevi.<\/p>\n<p>\u2022 Napon: 24V DC<\/p>\n<p>\u2022 Otvoreni protok GPM (LPM): 6 (23)<\/p>\n<p>\u2022 Prekidni pritisak PSI (BAR): 70 (4.8)<\/p>\n<p>\u2022 Maks. struja AMPS: 9.4<\/p>\n<p>\u2022 Preporu\u010dena veli\u010dina osigura\u010da: 15<\/p>\n<p>\u2022 Dimenzije: 10.2&#8243; du\u017eine, 5.1&#8243; \u0161irine, 4.7&#8243; visine \/ 259 (D) x 129 (\u0160) x 119 (V) mm<\/p>\n<\/div>\n","protected":false},"excerpt":{"rendered":"<p>Jabsco Hotshot HD6 pumpa za ispiranje (24V \/ 23L \/ min \/ 70 psi) &#8211; 24V DC visokotla\u010dna membranska pumpa<\/p>\n","protected":false},"featured_media":5946129,"comment_status":"open","ping_status":"closed","template":"","meta":[],"product_brand":[3031],"product_cat":[1648,1660],"product_tag":[],"class_list":{"0":"post-744206","1":"product","2":"type-product","3":"status-publish","4":"has-post-thumbnail","6":"product_brand-jabsco-marine-hr","7":"product_cat-pumpe-za-pranje-brodova","8":"product_cat-pumpe-za-tlak-vode","10":"first","11":"instock","12":"shipping-taxable","13":"purchasable","14":"product-type-simple"},"_links":{"self":[{"href":"https:\/\/stoic-curie.212-227-153-4.plesk.page\/hr\/wp-json\/wp\/v2\/product\/744206","targetHints":{"allow":["GET"]}}],"collection":[{"href":"https:\/\/stoic-curie.212-227-153-4.plesk.page\/hr\/wp-json\/wp\/v2\/product"}],"about":[{"href":"https:\/\/stoic-curie.212-227-153-4.plesk.page\/hr\/wp-json\/wp\/v2\/types\/product"}],"replies":[{"embeddable":true,"href":"https:\/\/stoic-curie.212-227-153-4.plesk.page\/hr\/wp-json\/wp\/v2\/comments?post=744206"}],"version-history":[{"count":0,"href":"https:\/\/stoic-curie.212-227-153-4.plesk.page\/hr\/wp-json\/wp\/v2\/product\/744206\/revisions"}],"wp:featuredmedia":[{"embeddable":true,"href":"https:\/\/stoic-curie.212-227-153-4.plesk.page\/hr\/wp-json\/wp\/v2\/media\/5946129"}],"wp:attachment":[{"href":"https:\/\/stoic-curie.212-227-153-4.plesk.page\/hr\/wp-json\/wp\/v2\/media?parent=744206"}],"wp:term":[{"taxonomy":"product_brand","embeddable":true,"href":"https:\/\/stoic-curie.212-227-153-4.plesk.page\/hr\/wp-json\/wp\/v2\/product_brand?post=744206"},{"taxonomy":"product_cat","embeddable":true,"href":"https:\/\/stoic-curie.212-227-153-4.plesk.page\/hr\/wp-json\/wp\/v2\/product_cat?post=744206"},{"taxonomy":"product_tag","embeddable":true,"href":"https:\/\/stoic-curie.212-227-153-4.plesk.page\/hr\/wp-json\/wp\/v2\/product_tag?post=744206"}],"curies":[{"name":"wp","href":"https:\/\/api.w.org\/{rel}","templated":true}]}}