{"id":744207,"date":"2025-03-03T19:00:07","date_gmt":"2025-03-03T18:00:07","guid":{"rendered":"https:\/\/stoic-curie.212-227-153-4.plesk.page\/producto\/jabsco-29097-1000-zamjenska-wc-daska\/"},"modified":"2026-02-25T00:01:12","modified_gmt":"2026-02-25T00:01:12","slug":"jabsco-29097-1000-zamjenska-wc-daska","status":"publish","type":"product","link":"https:\/\/stoic-curie.212-227-153-4.plesk.page\/hr\/product\/jabsco-29097-1000-zamjenska-wc-daska\/","title":{"rendered":"Jabsco 29097-1000 zamjenska WC daska"},"content":{"rendered":"<p>Jabsco 29097-1000 zamjenska WC daska &#8211; <\/p>\n<div class=\"col-24 col-md-15\">\n<p>Ova zamjenska sjedala i poklopac za WC Jabsco 29097-1000 prikladni su za 29040 seriju Jabsco kompaktnih WC \u0161koljki. Ova kompaktna sjedala i poklopac su izra\u0111eni od drva i isporu\u010duju se s kompletnim potrebnim priborom i \u0161arkama.<\/p>\n<\/div>\n<p><\/p>\n<table class=\"table\">\n<tbody>\n<tr>\n<td><strong>Duljina<\/strong><\/td>\n<td>330mm<\/td>\n<\/tr>\n<tr>\n<td><strong>\u0160irina<\/strong><\/td>\n<td>330mm, Udaljenost izme\u0111u rupa za u\u010dvr\u0161\u0107enje: 140mm<\/td>\n<\/tr>\n<tr>\n<td><strong>Marka<\/strong><\/td>\n<td>Jabsco<\/td>\n<\/tr>\n<tr>\n<td><strong>Model<\/strong><\/td>\n<td>29097-1000<\/td>\n<\/tr>\n<tr>\n<td><strong>Prikladnost<\/strong><\/td>\n<td>Jabsco kompaktni WC vi\u0161enemani 29090<\/td>\n<\/tr>\n<tr>\n<td><strong>Dubina<\/strong><\/td>\n<td>60mm<\/td>\n<\/tr>\n<\/tbody>\n<\/table>\n","protected":false},"excerpt":{"rendered":"<p>Jabsco 29097-1000 zamjenska WC daska &#8211; Ova zamjenska sjedala i poklopac za WC Jabsco 29097-1000 prikladni su za 29040 seriju<\/p>\n","protected":false},"featured_media":5946130,"comment_status":"open","ping_status":"closed","template":"","meta":[],"product_brand":[3141],"product_cat":[1675],"product_tag":[],"class_list":{"0":"post-744207","1":"product","2":"type-product","3":"status-publish","4":"has-post-thumbnail","6":"product_brand-matromarine-hr","7":"product_cat-brodski-wc","9":"first","10":"instock","11":"shipping-taxable","12":"purchasable","13":"product-type-simple"},"_links":{"self":[{"href":"https:\/\/stoic-curie.212-227-153-4.plesk.page\/hr\/wp-json\/wp\/v2\/product\/744207","targetHints":{"allow":["GET"]}}],"collection":[{"href":"https:\/\/stoic-curie.212-227-153-4.plesk.page\/hr\/wp-json\/wp\/v2\/product"}],"about":[{"href":"https:\/\/stoic-curie.212-227-153-4.plesk.page\/hr\/wp-json\/wp\/v2\/types\/product"}],"replies":[{"embeddable":true,"href":"https:\/\/stoic-curie.212-227-153-4.plesk.page\/hr\/wp-json\/wp\/v2\/comments?post=744207"}],"version-history":[{"count":0,"href":"https:\/\/stoic-curie.212-227-153-4.plesk.page\/hr\/wp-json\/wp\/v2\/product\/744207\/revisions"}],"wp:featuredmedia":[{"embeddable":true,"href":"https:\/\/stoic-curie.212-227-153-4.plesk.page\/hr\/wp-json\/wp\/v2\/media\/5946130"}],"wp:attachment":[{"href":"https:\/\/stoic-curie.212-227-153-4.plesk.page\/hr\/wp-json\/wp\/v2\/media?parent=744207"}],"wp:term":[{"taxonomy":"product_brand","embeddable":true,"href":"https:\/\/stoic-curie.212-227-153-4.plesk.page\/hr\/wp-json\/wp\/v2\/product_brand?post=744207"},{"taxonomy":"product_cat","embeddable":true,"href":"https:\/\/stoic-curie.212-227-153-4.plesk.page\/hr\/wp-json\/wp\/v2\/product_cat?post=744207"},{"taxonomy":"product_tag","embeddable":true,"href":"https:\/\/stoic-curie.212-227-153-4.plesk.page\/hr\/wp-json\/wp\/v2\/product_tag?post=744207"}],"curies":[{"name":"wp","href":"https:\/\/api.w.org\/{rel}","templated":true}]}}