{"id":744209,"date":"2025-03-03T19:00:08","date_gmt":"2025-03-03T18:00:08","guid":{"rendered":"https:\/\/stoic-curie.212-227-153-4.plesk.page\/producto\/ultraflex-m66-kabel-za-upravljanje-3-96-m-13-feet-heavy-duty\/"},"modified":"2026-02-25T00:01:12","modified_gmt":"2026-02-25T00:01:12","slug":"ultraflex-m66-kabel-za-upravljanje-3-96-m-13-feet-heavy-duty","status":"publish","type":"product","link":"https:\/\/stoic-curie.212-227-153-4.plesk.page\/hr\/product\/ultraflex-m66-kabel-za-upravljanje-3-96-m-13-feet-heavy-duty\/","title":{"rendered":"Ultraflex M66 kabel za upravljanje 3.96 m\/ 13 Feet (Heavy Duty)"},"content":{"rendered":"<p>Ultraflex M66 kabel za upravljanje 3.96 m\/ 13 Feet (Heavy Duty) &#8211; <\/p>\n<div class=\"col-24 col-md-15\">\n<p>Trenutna serija brojeva 6057++ izra\u0111uje se i mjeri u stopama kao primarna jedinica.<\/p>\n<p> Imaju iste zavr\u0161ne dijelove kao i broj 6052++, koji su izra\u0111eni u metrima, i zamijenit \u0107e ih.<\/p>\n<p>Te\u0161ki upravlja\u010dki kabeli imaju utor za stezanje na spoju upravlja\u010da.<\/p>\n<\/div>\n<p><\/p>\n<table class=\"table\">\n<tbody>\n<tr>\n<td><strong> Duljina <\/strong><\/td>\n<td>3,96 m (13&#8242;)<\/td>\n<\/tr>\n<tr>\n<td><strong> Marku <\/strong><\/td>\n<td>Uflex<\/td>\n<\/tr>\n<tr>\n<td><strong> Kabel [Mech kabel] <\/strong><\/td>\n<td>Heavy Duty M66<\/td>\n<\/tr>\n<tr>\n<td><strong> Boja <\/strong><\/td>\n<td>Crna<\/td>\n<\/tr>\n<tr>\n<td><strong> Veli\u010dina navoja <\/strong><\/td>\n<td>Matica: 7\/8\u201d UNF<\/td>\n<\/tr>\n<\/tbody>\n<\/table>\n","protected":false},"excerpt":{"rendered":"<p>Ultraflex M66 kabel za upravljanje 3.96 m\/ 13 Feet (Heavy Duty) &#8211; Trenutna serija brojeva 6057++ izra\u0111uje se i mjeri<\/p>\n","protected":false},"featured_media":5946135,"comment_status":"open","ping_status":"closed","template":"","meta":[],"product_brand":[3501],"product_cat":[1828],"product_tag":[],"class_list":{"0":"post-744209","1":"product","2":"type-product","3":"status-publish","4":"has-post-thumbnail","6":"product_brand-ultraflex-uflex-hr","7":"product_cat-kormilarski-uredaji-sa-sajlom","9":"first","10":"instock","11":"shipping-taxable","12":"purchasable","13":"product-type-simple"},"_links":{"self":[{"href":"https:\/\/stoic-curie.212-227-153-4.plesk.page\/hr\/wp-json\/wp\/v2\/product\/744209","targetHints":{"allow":["GET"]}}],"collection":[{"href":"https:\/\/stoic-curie.212-227-153-4.plesk.page\/hr\/wp-json\/wp\/v2\/product"}],"about":[{"href":"https:\/\/stoic-curie.212-227-153-4.plesk.page\/hr\/wp-json\/wp\/v2\/types\/product"}],"replies":[{"embeddable":true,"href":"https:\/\/stoic-curie.212-227-153-4.plesk.page\/hr\/wp-json\/wp\/v2\/comments?post=744209"}],"version-history":[{"count":0,"href":"https:\/\/stoic-curie.212-227-153-4.plesk.page\/hr\/wp-json\/wp\/v2\/product\/744209\/revisions"}],"wp:featuredmedia":[{"embeddable":true,"href":"https:\/\/stoic-curie.212-227-153-4.plesk.page\/hr\/wp-json\/wp\/v2\/media\/5946135"}],"wp:attachment":[{"href":"https:\/\/stoic-curie.212-227-153-4.plesk.page\/hr\/wp-json\/wp\/v2\/media?parent=744209"}],"wp:term":[{"taxonomy":"product_brand","embeddable":true,"href":"https:\/\/stoic-curie.212-227-153-4.plesk.page\/hr\/wp-json\/wp\/v2\/product_brand?post=744209"},{"taxonomy":"product_cat","embeddable":true,"href":"https:\/\/stoic-curie.212-227-153-4.plesk.page\/hr\/wp-json\/wp\/v2\/product_cat?post=744209"},{"taxonomy":"product_tag","embeddable":true,"href":"https:\/\/stoic-curie.212-227-153-4.plesk.page\/hr\/wp-json\/wp\/v2\/product_tag?post=744209"}],"curies":[{"name":"wp","href":"https:\/\/api.w.org\/{rel}","templated":true}]}}