{"id":744213,"date":"2025-03-03T19:00:11","date_gmt":"2025-03-03T18:00:11","guid":{"rendered":"https:\/\/stoic-curie.212-227-153-4.plesk.page\/producto\/ultraflex-s62-kit-za-picvrscenje-za-kabel-kormila-low-55mm\/"},"modified":"2026-02-25T00:01:12","modified_gmt":"2026-02-25T00:01:12","slug":"ultraflex-s62-kit-za-picvrscenje-za-kabel-kormila-low-55mm","status":"publish","type":"product","link":"https:\/\/stoic-curie.212-227-153-4.plesk.page\/hr\/product\/ultraflex-s62-kit-za-picvrscenje-za-kabel-kormila-low-55mm\/","title":{"rendered":"Ultraflex S62 kit za pi\u010dvr\u0161\u0107enje za kabel kormila (Low 55mm)"},"content":{"rendered":"<p>Ultraflex S62 kit za pi\u010dvr\u0161\u0107enje za kabel kormila (Low 55mm) &#8211; <\/p>\n<div class=\"col-24 col-md-15\">\n<p>Ova Uflex monta\u017ena stega dizajnirana je za monta\u017eu na krmu kako bi podr\u017eala kabel na putu do vanbrodskog motora. Okretna potpora za upravlja\u010dki kabel dolazi s cijevi kroz koju kabel prolazi, \u0161to osigurava kabel i jam\u010di to\u010dno i precizno djelovanje. Uflex stezni blok je izra\u0111en od \u010delika otporog na koroziju.\n<\/p>\n<p>S39 komplet za potporu kabela ima nisku monta\u017enu poziciju.<\/p>\n<\/p><\/div>\n<p><\/p>\n<table class=\"table\">\n<tbody>\n<tr>\n<td><strong>Duljina<\/strong><\/td>\n<td>283mm (11.32&#8243;)<\/td>\n<\/tr>\n<tr>\n<td><strong>Marka<\/strong><\/td>\n<td>Uflex<\/td>\n<\/tr>\n<tr>\n<td><strong>Izrada<\/strong><\/td>\n<td>\u010celik otporan na koroziju<\/td>\n<\/tr>\n<tr>\n<td><strong>Dimenzije<\/strong><\/td>\n<td>Dubina: 55mm (2.2&#8243;)<\/td>\n<\/tr>\n<tr>\n<td><strong>Model<\/strong><\/td>\n<td>S62<\/td>\n<\/tr>\n<tr>\n<td><strong>Rezervni dijelovi i Dodaci<\/strong><\/td>\n<td>Monta\u017ena stega za kabel<\/td>\n<\/tr>\n<\/tbody>\n<\/table>\n","protected":false},"excerpt":{"rendered":"<p>Ultraflex S62 kit za pi\u010dvr\u0161\u0107enje za kabel kormila (Low 55mm) &#8211; Ova Uflex monta\u017ena stega dizajnirana je za monta\u017eu na<\/p>\n","protected":false},"featured_media":5946148,"comment_status":"open","ping_status":"closed","template":"","meta":[],"product_brand":[3501],"product_cat":[1828],"product_tag":[],"class_list":{"0":"post-744213","1":"product","2":"type-product","3":"status-publish","4":"has-post-thumbnail","6":"product_brand-ultraflex-uflex-hr","7":"product_cat-kormilarski-uredaji-sa-sajlom","9":"first","10":"instock","11":"shipping-taxable","12":"purchasable","13":"product-type-simple"},"_links":{"self":[{"href":"https:\/\/stoic-curie.212-227-153-4.plesk.page\/hr\/wp-json\/wp\/v2\/product\/744213","targetHints":{"allow":["GET"]}}],"collection":[{"href":"https:\/\/stoic-curie.212-227-153-4.plesk.page\/hr\/wp-json\/wp\/v2\/product"}],"about":[{"href":"https:\/\/stoic-curie.212-227-153-4.plesk.page\/hr\/wp-json\/wp\/v2\/types\/product"}],"replies":[{"embeddable":true,"href":"https:\/\/stoic-curie.212-227-153-4.plesk.page\/hr\/wp-json\/wp\/v2\/comments?post=744213"}],"version-history":[{"count":0,"href":"https:\/\/stoic-curie.212-227-153-4.plesk.page\/hr\/wp-json\/wp\/v2\/product\/744213\/revisions"}],"wp:featuredmedia":[{"embeddable":true,"href":"https:\/\/stoic-curie.212-227-153-4.plesk.page\/hr\/wp-json\/wp\/v2\/media\/5946148"}],"wp:attachment":[{"href":"https:\/\/stoic-curie.212-227-153-4.plesk.page\/hr\/wp-json\/wp\/v2\/media?parent=744213"}],"wp:term":[{"taxonomy":"product_brand","embeddable":true,"href":"https:\/\/stoic-curie.212-227-153-4.plesk.page\/hr\/wp-json\/wp\/v2\/product_brand?post=744213"},{"taxonomy":"product_cat","embeddable":true,"href":"https:\/\/stoic-curie.212-227-153-4.plesk.page\/hr\/wp-json\/wp\/v2\/product_cat?post=744213"},{"taxonomy":"product_tag","embeddable":true,"href":"https:\/\/stoic-curie.212-227-153-4.plesk.page\/hr\/wp-json\/wp\/v2\/product_tag?post=744213"}],"curies":[{"name":"wp","href":"https:\/\/api.w.org\/{rel}","templated":true}]}}