{"id":744217,"date":"2025-03-03T19:00:13","date_gmt":"2025-03-03T18:00:13","guid":{"rendered":"https:\/\/stoic-curie.212-227-153-4.plesk.page\/producto\/pneumatski-camac-eurovinil-ultralight-2-50mt\/"},"modified":"2026-02-25T00:01:12","modified_gmt":"2026-02-25T00:01:12","slug":"pneumatski-camac-eurovinil-ultralight-2-50mt","status":"publish","type":"product","link":"https:\/\/stoic-curie.212-227-153-4.plesk.page\/hr\/product\/pneumatski-camac-eurovinil-ultralight-2-50mt\/","title":{"rendered":"Pneumatski \u010damac Eurovinil Ultralight 2.50mt"},"content":{"rendered":"<p>Pneumatski \u010damac Eurovinil Ultralight 2.50mt &#8211; <\/p>\n<p style=\"color: rgb(34, 34, 34); font-family: Arial, Helvetica, sans-serif; font-size: small;\">Predstavljamo Ultralight Line 250, zna\u010dajnu inovaciju Eurovinila koja se sastoji od visoko otporne dvostruke 100Dtex PVC tkanine. Ova tenderica je izuzetno lagana, s konstrukcijom od \u010dvrstog anodiziranog aluminijskog trupa i velikih cijevi, osiguravaju\u0107i ugodno planiranje \u010dak i uz ni\u017ee snage motora. Modeli 250 i 270 dizajnirani su kao jedan trup i ne uklju\u010duju pramac. Standardna oprema uklju\u010duje pumpu za napuhavanje, set za popravak, vesla, klupu, sidreno u\u017ee i torbu za vrata \u010damca.<\/p>\n<p style=\"color: rgb(34, 34, 34); font-family: Arial, Helvetica, sans-serif; font-size: small;\">Ova premium tenderica besprijekorno spaja eleganciju s izdr\u017eljivo\u0161\u0107u, a njezina smanjena te\u017eina pobolj\u0161ava performanse, \u010dak i s manjim motorima. Velike cijevi i vodonepropusni poklopac pru\u017eaju izvanrednu udobnost tijekom plovidbe, u\u010dinkovito \u0161tite\u0107i putnike od ulaska vode. Ultralight serija nadopunjuje svaki brod, nude\u0107i kombinaciju sofisticiranosti, jednostavnosti i visokih performansi.<\/p>\n<p style=\"color: rgb(34, 34, 34); font-family: Arial, Helvetica, sans-serif; font-size: small;\">I 250 i 270 verzije imaju V-oblikovan kobilicu i unutarnju dno koje optimizira unutarnji prostor. Dolaze potpuno opremljene s klupom i osnovnim dodacima, a mogu se dodatno pobolj\u0161ati s odvojivim jastu\u010di\u0107em i torbom ispod klupe, kao i prakti\u010dnom brzim otpu\u0161tanjem torbom za pramac.<\/p>\n<p style=\"color: rgb(34, 34, 34); font-family: Arial, Helvetica, sans-serif; font-size: small;\"><strong>Specifikacije:<\/strong><\/p>\n<ul style=\"color: rgb(34, 34, 34); font-family: Arial, Helvetica, sans-serif; font-size: small;\">\n<li><strong>Model serija:<\/strong> Ultralight 250 \/ 270<\/li>\n<li><strong>Ukupna du\u017eina (cm):<\/strong> 250 \/ 270<\/li>\n<li><strong>Ukupna \u0161irina (cm):<\/strong> 149<\/li>\n<li><strong>Visina transoma (cm):<\/strong> 38<\/li>\n<li><strong>Prosje\u010dni promjer cijevi (cm):<\/strong> 42<\/li>\n<li><strong>Kapacitet:<\/strong> 2 + 2 (s dodatnim sjedalima po izboru)<\/li>\n<li><strong>Maksimalna nosivost (kg):<\/strong> 298 \/ 341<\/li>\n<li><strong>Broj pretinaca:<\/strong> 3<\/li>\n<li><strong>Te\u017eina (kg):<\/strong> 38 \/ 41<\/li>\n<li><strong>Maksimalna snaga (HP):<\/strong> 5 \/ 8<\/li>\n<li><strong>Duljina osovine:<\/strong> Kratka<\/li>\n<li><strong>Maksimalna te\u017eina motora (kg):<\/strong> 48 \/ 55<\/li>\n<li><strong>Kategorija dizajna:<\/strong> C<\/li>\n<\/ul>\n<p style=\"color: rgb(34, 34, 34); font-family: Arial, Helvetica, sans-serif; font-size: small;\">Ova tenderica je izvrstan izbor za vlasnike \u010damaca koji tra\u017ee pouzdanost, kvalitetu i jasno\u0107u u svom iskustvu kupovine.<\/p>\n","protected":false},"excerpt":{"rendered":"<p>Pneumatski \u010damac Eurovinil Ultralight 2.50mt &#8211; Predstavljamo Ultralight Line 250, zna\u010dajnu inovaciju Eurovinila koja se sastoji od visoko otporne dvostruke<\/p>\n","protected":false},"featured_media":5946150,"comment_status":"open","ping_status":"closed","template":"","meta":[],"product_brand":[2926],"product_cat":[1833],"product_tag":[],"class_list":{"0":"post-744217","1":"product","2":"type-product","3":"status-publish","4":"has-post-thumbnail","6":"product_brand-eurovinil-hr","7":"product_cat-pomocni-camci","9":"first","10":"outofstock","11":"shipping-taxable","12":"purchasable","13":"product-type-simple"},"_links":{"self":[{"href":"https:\/\/stoic-curie.212-227-153-4.plesk.page\/hr\/wp-json\/wp\/v2\/product\/744217","targetHints":{"allow":["GET"]}}],"collection":[{"href":"https:\/\/stoic-curie.212-227-153-4.plesk.page\/hr\/wp-json\/wp\/v2\/product"}],"about":[{"href":"https:\/\/stoic-curie.212-227-153-4.plesk.page\/hr\/wp-json\/wp\/v2\/types\/product"}],"replies":[{"embeddable":true,"href":"https:\/\/stoic-curie.212-227-153-4.plesk.page\/hr\/wp-json\/wp\/v2\/comments?post=744217"}],"version-history":[{"count":0,"href":"https:\/\/stoic-curie.212-227-153-4.plesk.page\/hr\/wp-json\/wp\/v2\/product\/744217\/revisions"}],"wp:featuredmedia":[{"embeddable":true,"href":"https:\/\/stoic-curie.212-227-153-4.plesk.page\/hr\/wp-json\/wp\/v2\/media\/5946150"}],"wp:attachment":[{"href":"https:\/\/stoic-curie.212-227-153-4.plesk.page\/hr\/wp-json\/wp\/v2\/media?parent=744217"}],"wp:term":[{"taxonomy":"product_brand","embeddable":true,"href":"https:\/\/stoic-curie.212-227-153-4.plesk.page\/hr\/wp-json\/wp\/v2\/product_brand?post=744217"},{"taxonomy":"product_cat","embeddable":true,"href":"https:\/\/stoic-curie.212-227-153-4.plesk.page\/hr\/wp-json\/wp\/v2\/product_cat?post=744217"},{"taxonomy":"product_tag","embeddable":true,"href":"https:\/\/stoic-curie.212-227-153-4.plesk.page\/hr\/wp-json\/wp\/v2\/product_tag?post=744217"}],"curies":[{"name":"wp","href":"https:\/\/api.w.org\/{rel}","templated":true}]}}