{"id":744219,"date":"2025-03-03T19:00:14","date_gmt":"2025-03-03T18:00:14","guid":{"rendered":"https:\/\/stoic-curie.212-227-153-4.plesk.page\/producto\/pneumatski-camac-eurovinil-ultralight-2-90mt\/"},"modified":"2026-02-25T00:01:12","modified_gmt":"2026-02-25T00:01:12","slug":"pneumatski-camac-eurovinil-ultralight-2-90mt","status":"publish","type":"product","link":"https:\/\/stoic-curie.212-227-153-4.plesk.page\/hr\/product\/pneumatski-camac-eurovinil-ultralight-2-90mt\/","title":{"rendered":"Pneumatski \u010damac Eurovinil Ultralight 2.90mt"},"content":{"rendered":"<p>Pneumatski \u010damac Eurovinil Ultralight 2.90mt &#8211; <\/p>\n<p>Predstavljamo na\u0161u tendu od visokotvrdog dvostrukog sloja PVC-a 100Dtex, dizajniranu za izvanrednu trajnost i performanse. Ova lagana tenda ima kruti anodizirani aluminijski trup i velike cijevi, osiguravaju\u0107i udobno planiranje \u010dak i pri niskoj snazi. Modeli 250 i 270 dolaze s jednostrukim trupom i nemaju kabinu za prednju stranu, dok modeli 290 i 320 imaju oblikovani trup s kabinom za prednju stranu radi dodatne udobnosti.<\/p>\n<p>Uklju\u010dena su standardna oprema koja uklju\u010duje pumpu za inflaciju, set za popravak, vesla, klupu, veznu u\u017ee i torbu za vrata \u010damca. Ultralahe tenda 290 i 320 besprijekorno kombiniraju lako\u0107u i \u010dvrsto\u0107u, nude\u0107i jedinstvene zna\u010dajke udobnosti, poput oblikovanog trupa s inovativnim dizajnom protiv klizanja, kabine za prednju stranu za pohranu sidara i pribora, i nos prednje opremljenim s \u017eljebom.<\/p>\n<p>Oba modela dolaze s osnovnim sjedalima i opremom i mogu se dodatno pobolj\u0161ati prakti\u010dnom stolicom koja uklju\u010duje jastu\u010di\u0107 i torbu ispod klupe, omogu\u0107uju\u0107i pove\u0107anje prostora za pohranu na brodu i mogu\u0107nost transporta predmeta iz tendi.<\/p>\n<p><strong>TENDERSKA LINJA: ULTRALIGHT 290\/320<\/strong><\/p>\n<ul>\n<li><strong>Ukupna duljina (cm):<\/strong> 290 \/ 320<\/li>\n<li><strong>Ukupna \u0161irina (cm):<\/strong> 155 \/ 156<\/li>\n<li><strong>Visina kukice (cm):<\/strong> 39 \/ 39<\/li>\n<li><strong>Promjer cijevi (cm, prosjek):<\/strong> 42 \/ 42<\/li>\n<li><strong>Broj osoba:<\/strong> 4 \/ 4 + 1<\/li>\n<li><strong>Maksimalno optere\u0107enje (kg):<\/strong> 50 \/ 46 \/ 64<\/li>\n<li><strong>Broj prostorija:<\/strong> 3 \/ 3<\/li>\n<li><strong>Te\u017eina (kg):<\/strong> 54 \/ 64<\/li>\n<li><strong>Maksimalna snaga (HP):<\/strong> 10 \/ 15<\/li>\n<li><strong>Osovina:<\/strong> Kratka \/ Kratka<\/li>\n<li><strong>Maksimalna te\u017eina motora (kg):<\/strong> 42 \/ 55<\/li>\n<li><strong>Kategorija dizajna:<\/strong> C<\/li>\n<\/ul>\n<p>Istra\u017eite savr\u0161enu ravnote\u017eu izme\u0111u performansi i udobnosti s na\u0161im ultralaganim tendama, prilago\u0111enim potrebama zahtjevnih vlasnika plovila.<\/p>\n","protected":false},"excerpt":{"rendered":"<p>Pneumatski \u010damac Eurovinil Ultralight 2.90mt &#8211; Predstavljamo na\u0161u tendu od visokotvrdog dvostrukog sloja PVC-a 100Dtex, dizajniranu za izvanrednu trajnost i<\/p>\n","protected":false},"featured_media":5946150,"comment_status":"open","ping_status":"closed","template":"","meta":[],"product_brand":[2926],"product_cat":[1833],"product_tag":[],"class_list":{"0":"post-744219","1":"product","2":"type-product","3":"status-publish","4":"has-post-thumbnail","6":"product_brand-eurovinil-hr","7":"product_cat-pomocni-camci","9":"first","10":"instock","11":"shipping-taxable","12":"purchasable","13":"product-type-simple"},"_links":{"self":[{"href":"https:\/\/stoic-curie.212-227-153-4.plesk.page\/hr\/wp-json\/wp\/v2\/product\/744219","targetHints":{"allow":["GET"]}}],"collection":[{"href":"https:\/\/stoic-curie.212-227-153-4.plesk.page\/hr\/wp-json\/wp\/v2\/product"}],"about":[{"href":"https:\/\/stoic-curie.212-227-153-4.plesk.page\/hr\/wp-json\/wp\/v2\/types\/product"}],"replies":[{"embeddable":true,"href":"https:\/\/stoic-curie.212-227-153-4.plesk.page\/hr\/wp-json\/wp\/v2\/comments?post=744219"}],"version-history":[{"count":0,"href":"https:\/\/stoic-curie.212-227-153-4.plesk.page\/hr\/wp-json\/wp\/v2\/product\/744219\/revisions"}],"wp:featuredmedia":[{"embeddable":true,"href":"https:\/\/stoic-curie.212-227-153-4.plesk.page\/hr\/wp-json\/wp\/v2\/media\/5946150"}],"wp:attachment":[{"href":"https:\/\/stoic-curie.212-227-153-4.plesk.page\/hr\/wp-json\/wp\/v2\/media?parent=744219"}],"wp:term":[{"taxonomy":"product_brand","embeddable":true,"href":"https:\/\/stoic-curie.212-227-153-4.plesk.page\/hr\/wp-json\/wp\/v2\/product_brand?post=744219"},{"taxonomy":"product_cat","embeddable":true,"href":"https:\/\/stoic-curie.212-227-153-4.plesk.page\/hr\/wp-json\/wp\/v2\/product_cat?post=744219"},{"taxonomy":"product_tag","embeddable":true,"href":"https:\/\/stoic-curie.212-227-153-4.plesk.page\/hr\/wp-json\/wp\/v2\/product_tag?post=744219"}],"curies":[{"name":"wp","href":"https:\/\/api.w.org\/{rel}","templated":true}]}}