{"id":744220,"date":"2025-03-03T19:00:15","date_gmt":"2025-03-03T18:00:15","guid":{"rendered":"https:\/\/stoic-curie.212-227-153-4.plesk.page\/producto\/pneumatski-camac-eurovinil-ultralight-3-20mt\/"},"modified":"2026-02-25T00:01:12","modified_gmt":"2026-02-25T00:01:12","slug":"pneumatski-camac-eurovinil-ultralight-3-20mt","status":"publish","type":"product","link":"https:\/\/stoic-curie.212-227-153-4.plesk.page\/hr\/product\/pneumatski-camac-eurovinil-ultralight-3-20mt\/","title":{"rendered":"Pneumatski \u010damac Eurovinil Ultralight 3.20mt"},"content":{"rendered":"<p>Pneumatski \u010damac Eurovinil Ultralight 3.20mt &#8211; <\/p>\n<p>Predstavljamo na\u0161 tender od visokotla\u010dnog dvostrukog 100Dtex PVC materijala, dizajniran za iznimnu izdr\u017eljivost i performanse. Ovaj tender je iznimno lagan, s \u010dvrstim eloksiranim aluminijskim trupom i velikim cijevima koje osiguravaju udobnu navigaciju na planu, \u010dak i pri maloj snazi.<\/p>\n<p>Modeli 250 i 270 dolaze s jedinstvenim trupom i ne uklju\u010duju pramac, dok modeli 290 i 320 imaju oblikovani trup opremljen pram\u010danom luku za dodatnu pogodnost.<\/p>\n<p>Standardna oprema za sve modele uklju\u010duje pumpu za napuhavanje, komplet za popravak, vesla, klupu, fender kabel i torbu za \u010damac. Ultralahti 290 i 320 tenderi jedinstveno kombiniraju lako\u0107u i \u010dvrsto\u0107u, nude\u0107i izuzetne zna\u010dajke udobnosti poput suprotno oblikovanog trupa s inovativnim dizajnom protiv klizanja, pram\u010dane luknje za pohranu sidara i pribora te pram\u010dane to\u010dke opremljene stezaljkom.<\/p>\n<p>Svaki model opremljen je neophodnim sjedalima i dodacima te se mo\u017ee dodatno pobolj\u0161ati prakti\u010dnim sjedi\u0161tem s jastu\u010di\u0107em i torbom ispod klupe, omogu\u0107uju\u0107i dodatno skladi\u0161tenje na brodu i transport predmeta iz tendera.<\/p>\n<p>Uklju\u010dena oprema uklju\u010duje:<\/p>\n<ul>\n<li>Pumpa za napuhavanje<\/li>\n<li>Komplet za popravak<\/li>\n<li>Vesla<\/li>\n<li>Torbica za \u010damac<\/li>\n<li>Fender kabel<\/li>\n<li>Klupa<\/li>\n<\/ul>\n<p>Iskusite savr\u0161enu kombinaciju kvalitete, funkcionalnosti i udobnosti s na\u0161im asortimanom tenders, prilago\u0111enim potrebama svakog vlasnika broda.<\/p>\n","protected":false},"excerpt":{"rendered":"<p>Pneumatski \u010damac Eurovinil Ultralight 3.20mt &#8211; Predstavljamo na\u0161 tender od visokotla\u010dnog dvostrukog 100Dtex PVC materijala, dizajniran za iznimnu izdr\u017eljivost i<\/p>\n","protected":false},"featured_media":5946150,"comment_status":"open","ping_status":"closed","template":"","meta":[],"product_brand":[2926],"product_cat":[1833],"product_tag":[],"class_list":{"0":"post-744220","1":"product","2":"type-product","3":"status-publish","4":"has-post-thumbnail","6":"product_brand-eurovinil-hr","7":"product_cat-pomocni-camci","9":"first","10":"instock","11":"shipping-taxable","12":"purchasable","13":"product-type-simple"},"_links":{"self":[{"href":"https:\/\/stoic-curie.212-227-153-4.plesk.page\/hr\/wp-json\/wp\/v2\/product\/744220","targetHints":{"allow":["GET"]}}],"collection":[{"href":"https:\/\/stoic-curie.212-227-153-4.plesk.page\/hr\/wp-json\/wp\/v2\/product"}],"about":[{"href":"https:\/\/stoic-curie.212-227-153-4.plesk.page\/hr\/wp-json\/wp\/v2\/types\/product"}],"replies":[{"embeddable":true,"href":"https:\/\/stoic-curie.212-227-153-4.plesk.page\/hr\/wp-json\/wp\/v2\/comments?post=744220"}],"version-history":[{"count":0,"href":"https:\/\/stoic-curie.212-227-153-4.plesk.page\/hr\/wp-json\/wp\/v2\/product\/744220\/revisions"}],"wp:featuredmedia":[{"embeddable":true,"href":"https:\/\/stoic-curie.212-227-153-4.plesk.page\/hr\/wp-json\/wp\/v2\/media\/5946150"}],"wp:attachment":[{"href":"https:\/\/stoic-curie.212-227-153-4.plesk.page\/hr\/wp-json\/wp\/v2\/media?parent=744220"}],"wp:term":[{"taxonomy":"product_brand","embeddable":true,"href":"https:\/\/stoic-curie.212-227-153-4.plesk.page\/hr\/wp-json\/wp\/v2\/product_brand?post=744220"},{"taxonomy":"product_cat","embeddable":true,"href":"https:\/\/stoic-curie.212-227-153-4.plesk.page\/hr\/wp-json\/wp\/v2\/product_cat?post=744220"},{"taxonomy":"product_tag","embeddable":true,"href":"https:\/\/stoic-curie.212-227-153-4.plesk.page\/hr\/wp-json\/wp\/v2\/product_tag?post=744220"}],"curies":[{"name":"wp","href":"https:\/\/api.w.org\/{rel}","templated":true}]}}