{"id":744222,"date":"2025-03-03T19:00:15","date_gmt":"2025-03-03T18:00:15","guid":{"rendered":"https:\/\/stoic-curie.212-227-153-4.plesk.page\/producto\/baza-sjedala-za-pedestal-garelick\/"},"modified":"2026-02-25T00:01:12","modified_gmt":"2026-02-25T00:01:12","slug":"baza-sjedala-za-pedestal-garelick","status":"publish","type":"product","link":"https:\/\/stoic-curie.212-227-153-4.plesk.page\/hr\/product\/baza-sjedala-za-pedestal-garelick\/","title":{"rendered":"Baza sjedala za Pedestal Garelick"},"content":{"rendered":"<p>Baza sjedala za Pedestal Garelick &#8211; <\/p>\n<p>Pode\u0161ivi visinski anodizirani aluminijski Garelick sjedalo s postoljem s pri\u010dvr\u0161\u0107enjem. Mo\u017ee se dovr\u0161iti sa standardnom gornjom plo\u010dom ili s prednjom-pozadinskom kliznom gornjom plo\u010dom. Obje gornje plo\u010de opremljene su Delrin le\u017eajem koji uklanja trenje i omogu\u0107uje savr\u0161enu rotaciju. Promjer postolja 73 mm, promjer baze 235 mm.<\/p>\n","protected":false},"excerpt":{"rendered":"<p>Baza sjedala za Pedestal Garelick &#8211; Pode\u0161ivi visinski anodizirani aluminijski Garelick sjedalo s postoljem s pri\u010dvr\u0161\u0107enjem. Mo\u017ee se dovr\u0161iti sa<\/p>\n","protected":false},"featured_media":5946221,"comment_status":"open","ping_status":"closed","template":"","meta":[],"product_brand":[2966],"product_cat":[1678,1698],"product_tag":[],"class_list":{"0":"post-744222","1":"product","2":"type-product","3":"status-publish","4":"has-post-thumbnail","6":"product_brand-garelick-hr","7":"product_cat-brodska-sjedala","8":"product_cat-stalci-za-sjedala","10":"first","11":"instock","12":"shipping-taxable","13":"purchasable","14":"product-type-simple"},"_links":{"self":[{"href":"https:\/\/stoic-curie.212-227-153-4.plesk.page\/hr\/wp-json\/wp\/v2\/product\/744222","targetHints":{"allow":["GET"]}}],"collection":[{"href":"https:\/\/stoic-curie.212-227-153-4.plesk.page\/hr\/wp-json\/wp\/v2\/product"}],"about":[{"href":"https:\/\/stoic-curie.212-227-153-4.plesk.page\/hr\/wp-json\/wp\/v2\/types\/product"}],"replies":[{"embeddable":true,"href":"https:\/\/stoic-curie.212-227-153-4.plesk.page\/hr\/wp-json\/wp\/v2\/comments?post=744222"}],"version-history":[{"count":0,"href":"https:\/\/stoic-curie.212-227-153-4.plesk.page\/hr\/wp-json\/wp\/v2\/product\/744222\/revisions"}],"wp:featuredmedia":[{"embeddable":true,"href":"https:\/\/stoic-curie.212-227-153-4.plesk.page\/hr\/wp-json\/wp\/v2\/media\/5946221"}],"wp:attachment":[{"href":"https:\/\/stoic-curie.212-227-153-4.plesk.page\/hr\/wp-json\/wp\/v2\/media?parent=744222"}],"wp:term":[{"taxonomy":"product_brand","embeddable":true,"href":"https:\/\/stoic-curie.212-227-153-4.plesk.page\/hr\/wp-json\/wp\/v2\/product_brand?post=744222"},{"taxonomy":"product_cat","embeddable":true,"href":"https:\/\/stoic-curie.212-227-153-4.plesk.page\/hr\/wp-json\/wp\/v2\/product_cat?post=744222"},{"taxonomy":"product_tag","embeddable":true,"href":"https:\/\/stoic-curie.212-227-153-4.plesk.page\/hr\/wp-json\/wp\/v2\/product_tag?post=744222"}],"curies":[{"name":"wp","href":"https:\/\/api.w.org\/{rel}","templated":true}]}}