{"id":744223,"date":"2025-03-03T19:00:16","date_gmt":"2025-03-03T18:00:16","guid":{"rendered":"https:\/\/stoic-curie.212-227-153-4.plesk.page\/producto\/garelick-telescopick-ljestve-3-koraka-84-x-28cm\/"},"modified":"2026-02-25T00:01:12","modified_gmt":"2026-02-25T00:01:12","slug":"garelick-telescopick-ljestve-3-koraka-84-x-28cm","status":"publish","type":"product","link":"https:\/\/stoic-curie.212-227-153-4.plesk.page\/hr\/product\/garelick-telescopick-ljestve-3-koraka-84-x-28cm\/","title":{"rendered":"Garelick Telescopick ljestve 3 koraka"},"content":{"rendered":"<p>Garelick Telescopick ljestve 3 koraka &#8211; <\/p>\n<p>Sa zadovoljstvom vam predstavljamo na\u0161u anodiziranu aluminijsku petlju teleskopsku ljestvicu, koja pokazuje izdr\u017eljivu hard oksidnu povr\u0161inu. Ova ljestvica dizajnirana je sa \u010dvrstim sredi\u0161njim okvirom i retraktabilnim stepenicama koje se lako integri\u0161u u transom. Pru\u017ea jednostavan sustav za brzu ugradnju, omogu\u0107avaju\u0107i glatko va\u0111enje dok ostaje neprimjetna i lako dostupna.<\/p>\n<p>Diskretna, ali odmah dostupna, ugra\u0111ena Garelick transom ljestvica gotovo je potpuno skrivena kada nije u upotrebi. Jedini vidljivi dio je elegantna prednja plo\u010da opremljena mehanizmom za zaklju\u010davanje i otklju\u010davanje. Ljestvica se \u010duva u cijevi za pohranu koja je utu\u010dena unutar unutarnjih odjeljaka trupa.<\/p>\n<p>Kada je ljestvica potrebna, jednostavno oslobodite zasun i povucite je unatrag u jednom fluidnom pokretu, omogu\u0107uju\u0107i joj da se nagne u vodu. Nakon \u0161to je izvu\u010dena iz cijevi za pohranu, oblikovane stepenice ljestvice se lako otvore, tvore\u0107i niz \u010dvrstih i prakti\u010dnih koraka za jednostavno ulaz i izlaz.<\/p>\n<p>Ova Garelick samozatajna ljestvica montirana na transom dolazi u dvije varijante s razli\u010ditim pribli\u017enim dimenzijama:<\/p>\n<ul>\n<li>3 stepenice: Ukupna du\u017eina (cijev za pohranu): 96,5 cm \/ Du\u017eina ljestvice (raspore\u0111ena): 74,9 cm<\/li>\n<\/ul>\n<p>Klju\u010dne zna\u010dajke:<\/p>\n<ul>\n<li>Omogu\u0107ava neovisan povratak na brod<\/li>\n<li>Potpuno se povla\u010di unutar transoma i trupa<\/li>\n<li>Tri razli\u010dite stepenice za jednostavan pristup<\/li>\n<li>Brzo otpu\u0161tanje s prstenom i automatskim zaklju\u010davanjem za jednostavno postavljanje<\/li>\n<li>Anodizirano aluminijsko tijelo kanala se prote\u017ee pod kutom od 15\u00b0<\/li>\n<li>Podr\u017eava te\u017einu pri ukrcavanju od 250 do 300 lbs.<\/li>\n<\/ul>\n<p>Otkrijte ljestvicu koja spaja prakti\u010dnost s korisni\u010dkom prihvatljivo\u0161\u0107u.<\/p>\n","protected":false},"excerpt":{"rendered":"<p>Garelick Telescopick ljestve 3 koraka &#8211; Sa zadovoljstvom vam predstavljamo na\u0161u anodiziranu aluminijsku petlju teleskopsku ljestvicu, koja pokazuje izdr\u017eljivu hard<\/p>\n","protected":false},"featured_media":5946225,"comment_status":"open","ping_status":"closed","template":"","meta":[],"product_brand":[2966],"product_cat":[1618],"product_tag":[],"class_list":{"0":"post-744223","1":"product","2":"type-product","3":"status-publish","4":"has-post-thumbnail","6":"product_brand-garelick-hr","7":"product_cat-ljestve-za-brodove","9":"first","10":"instock","11":"shipping-taxable","12":"purchasable","13":"product-type-simple"},"_links":{"self":[{"href":"https:\/\/stoic-curie.212-227-153-4.plesk.page\/hr\/wp-json\/wp\/v2\/product\/744223","targetHints":{"allow":["GET"]}}],"collection":[{"href":"https:\/\/stoic-curie.212-227-153-4.plesk.page\/hr\/wp-json\/wp\/v2\/product"}],"about":[{"href":"https:\/\/stoic-curie.212-227-153-4.plesk.page\/hr\/wp-json\/wp\/v2\/types\/product"}],"replies":[{"embeddable":true,"href":"https:\/\/stoic-curie.212-227-153-4.plesk.page\/hr\/wp-json\/wp\/v2\/comments?post=744223"}],"version-history":[{"count":0,"href":"https:\/\/stoic-curie.212-227-153-4.plesk.page\/hr\/wp-json\/wp\/v2\/product\/744223\/revisions"}],"wp:featuredmedia":[{"embeddable":true,"href":"https:\/\/stoic-curie.212-227-153-4.plesk.page\/hr\/wp-json\/wp\/v2\/media\/5946225"}],"wp:attachment":[{"href":"https:\/\/stoic-curie.212-227-153-4.plesk.page\/hr\/wp-json\/wp\/v2\/media?parent=744223"}],"wp:term":[{"taxonomy":"product_brand","embeddable":true,"href":"https:\/\/stoic-curie.212-227-153-4.plesk.page\/hr\/wp-json\/wp\/v2\/product_brand?post=744223"},{"taxonomy":"product_cat","embeddable":true,"href":"https:\/\/stoic-curie.212-227-153-4.plesk.page\/hr\/wp-json\/wp\/v2\/product_cat?post=744223"},{"taxonomy":"product_tag","embeddable":true,"href":"https:\/\/stoic-curie.212-227-153-4.plesk.page\/hr\/wp-json\/wp\/v2\/product_tag?post=744223"}],"curies":[{"name":"wp","href":"https:\/\/api.w.org\/{rel}","templated":true}]}}