{"id":744226,"date":"2025-03-03T19:00:17","date_gmt":"2025-03-03T18:00:17","guid":{"rendered":"https:\/\/stoic-curie.212-227-153-4.plesk.page\/producto\/platforma-od-tikovine-390-x-450-mm-s-uvlacivim-ljestvama\/"},"modified":"2026-02-25T00:01:13","modified_gmt":"2026-02-25T00:01:13","slug":"platforma-od-tikovine-390-x-450-mm-s-uvlacivim-ljestvama","status":"publish","type":"product","link":"https:\/\/stoic-curie.212-227-153-4.plesk.page\/hr\/product\/platforma-od-tikovine-390-x-450-mm-s-uvlacivim-ljestvama\/","title":{"rendered":"Platforma od tikovine 390 x 450 mm s uvlacivim ljestvama"},"content":{"rendered":"<p>Platforma od tikovine 390 x 450 mm s uvlacivim ljestvama &#8211; <\/p>\n<p>Transom platforma za plivanje od 316 nehr\u0111aju\u0107eg \u010delika s teakovim daskama i teleskopskom ljestvom s 3 koraka koja se montira ispod.<\/p>\n","protected":false},"excerpt":{"rendered":"<p>Platforma od tikovine 390 x 450 mm s uvlacivim ljestvama &#8211; Transom platforma za plivanje od 316 nehr\u0111aju\u0107eg \u010delika s<\/p>\n","protected":false},"featured_media":5946231,"comment_status":"open","ping_status":"closed","template":"","meta":[],"product_brand":[3491],"product_cat":[1694,1614],"product_tag":[],"class_list":{"0":"post-744226","1":"product","2":"type-product","3":"status-publish","4":"has-post-thumbnail","6":"product_brand-trem-hr","7":"product_cat-brodske-krmene-platforme","8":"product_cat-platforme-za-plivanje-na-brodu","10":"first","11":"instock","12":"shipping-taxable","13":"purchasable","14":"product-type-simple"},"_links":{"self":[{"href":"https:\/\/stoic-curie.212-227-153-4.plesk.page\/hr\/wp-json\/wp\/v2\/product\/744226","targetHints":{"allow":["GET"]}}],"collection":[{"href":"https:\/\/stoic-curie.212-227-153-4.plesk.page\/hr\/wp-json\/wp\/v2\/product"}],"about":[{"href":"https:\/\/stoic-curie.212-227-153-4.plesk.page\/hr\/wp-json\/wp\/v2\/types\/product"}],"replies":[{"embeddable":true,"href":"https:\/\/stoic-curie.212-227-153-4.plesk.page\/hr\/wp-json\/wp\/v2\/comments?post=744226"}],"version-history":[{"count":0,"href":"https:\/\/stoic-curie.212-227-153-4.plesk.page\/hr\/wp-json\/wp\/v2\/product\/744226\/revisions"}],"wp:featuredmedia":[{"embeddable":true,"href":"https:\/\/stoic-curie.212-227-153-4.plesk.page\/hr\/wp-json\/wp\/v2\/media\/5946231"}],"wp:attachment":[{"href":"https:\/\/stoic-curie.212-227-153-4.plesk.page\/hr\/wp-json\/wp\/v2\/media?parent=744226"}],"wp:term":[{"taxonomy":"product_brand","embeddable":true,"href":"https:\/\/stoic-curie.212-227-153-4.plesk.page\/hr\/wp-json\/wp\/v2\/product_brand?post=744226"},{"taxonomy":"product_cat","embeddable":true,"href":"https:\/\/stoic-curie.212-227-153-4.plesk.page\/hr\/wp-json\/wp\/v2\/product_cat?post=744226"},{"taxonomy":"product_tag","embeddable":true,"href":"https:\/\/stoic-curie.212-227-153-4.plesk.page\/hr\/wp-json\/wp\/v2\/product_tag?post=744226"}],"curies":[{"name":"wp","href":"https:\/\/api.w.org\/{rel}","templated":true}]}}