{"id":744227,"date":"2025-03-03T19:00:17","date_gmt":"2025-03-03T18:00:17","guid":{"rendered":"https:\/\/stoic-curie.212-227-153-4.plesk.page\/producto\/tikovina-i-nehrdajuca-platforma-1000-x-380-mm-s-ljestvama-tri-stube\/"},"modified":"2026-02-25T00:01:13","modified_gmt":"2026-02-25T00:01:13","slug":"tikovina-i-nehrdajuca-platforma-1000-x-380-mm-s-ljestvama-tri-stube","status":"publish","type":"product","link":"https:\/\/stoic-curie.212-227-153-4.plesk.page\/hr\/product\/tikovina-i-nehrdajuca-platforma-1000-x-380-mm-s-ljestvama-tri-stube\/","title":{"rendered":"Tikovina i nehr\u0111aju\u0107a platforma 1000 x 380 mm s ljestvama tri stube"},"content":{"rendered":"<p>Tikovina i nehr\u0111aju\u0107a platforma 1000 x 380 mm s ljestvama tri stube &#8211; <\/p>\n<p>Okvir od nehr\u0111aju\u0107eg \u010delika 316 i teak plo\u010de za veliku platformu za plivanje na krmi. Teleskopska ljestve s 3 koraka za donju ugradnju (D 37 cm pohranjeno \/ D 87 cm postavljeno). Ljestve se mo\u017ee sklopiti i pohraniti u kavezu ispod platforme.<\/p>\n","protected":false},"excerpt":{"rendered":"<p>Tikovina i nehr\u0111aju\u0107a platforma 1000 x 380 mm s ljestvama tri stube &#8211; Okvir od nehr\u0111aju\u0107eg \u010delika 316 i teak<\/p>\n","protected":false},"featured_media":5946233,"comment_status":"open","ping_status":"closed","template":"","meta":[],"product_brand":[3491],"product_cat":[1694,1614],"product_tag":[],"class_list":{"0":"post-744227","1":"product","2":"type-product","3":"status-publish","4":"has-post-thumbnail","6":"product_brand-trem-hr","7":"product_cat-brodske-krmene-platforme","8":"product_cat-platforme-za-plivanje-na-brodu","10":"first","11":"instock","12":"shipping-taxable","13":"purchasable","14":"product-type-simple"},"_links":{"self":[{"href":"https:\/\/stoic-curie.212-227-153-4.plesk.page\/hr\/wp-json\/wp\/v2\/product\/744227","targetHints":{"allow":["GET"]}}],"collection":[{"href":"https:\/\/stoic-curie.212-227-153-4.plesk.page\/hr\/wp-json\/wp\/v2\/product"}],"about":[{"href":"https:\/\/stoic-curie.212-227-153-4.plesk.page\/hr\/wp-json\/wp\/v2\/types\/product"}],"replies":[{"embeddable":true,"href":"https:\/\/stoic-curie.212-227-153-4.plesk.page\/hr\/wp-json\/wp\/v2\/comments?post=744227"}],"version-history":[{"count":0,"href":"https:\/\/stoic-curie.212-227-153-4.plesk.page\/hr\/wp-json\/wp\/v2\/product\/744227\/revisions"}],"wp:featuredmedia":[{"embeddable":true,"href":"https:\/\/stoic-curie.212-227-153-4.plesk.page\/hr\/wp-json\/wp\/v2\/media\/5946233"}],"wp:attachment":[{"href":"https:\/\/stoic-curie.212-227-153-4.plesk.page\/hr\/wp-json\/wp\/v2\/media?parent=744227"}],"wp:term":[{"taxonomy":"product_brand","embeddable":true,"href":"https:\/\/stoic-curie.212-227-153-4.plesk.page\/hr\/wp-json\/wp\/v2\/product_brand?post=744227"},{"taxonomy":"product_cat","embeddable":true,"href":"https:\/\/stoic-curie.212-227-153-4.plesk.page\/hr\/wp-json\/wp\/v2\/product_cat?post=744227"},{"taxonomy":"product_tag","embeddable":true,"href":"https:\/\/stoic-curie.212-227-153-4.plesk.page\/hr\/wp-json\/wp\/v2\/product_tag?post=744227"}],"curies":[{"name":"wp","href":"https:\/\/api.w.org\/{rel}","templated":true}]}}