{"id":744229,"date":"2025-03-03T19:00:18","date_gmt":"2025-03-03T18:00:18","guid":{"rendered":"https:\/\/stoic-curie.212-227-153-4.plesk.page\/producto\/nehrdajuci-inspekcijski-otvori-147mm\/"},"modified":"2026-02-25T00:01:13","modified_gmt":"2026-02-25T00:01:13","slug":"nehrdajuci-inspekcijski-otvori-147mm","status":"publish","type":"product","link":"https:\/\/stoic-curie.212-227-153-4.plesk.page\/hr\/product\/nehrdajuci-inspekcijski-otvori-147mm\/","title":{"rendered":"Nehr\u0111aju\u0107i inspekcijski otvori 147mm"},"content":{"rendered":"<p>Nehr\u0111aju\u0107i inspekcijski otvori 147mm &#8211; <\/p>\n<p>\u010cvrsta hodna paluba od nehr\u0111aju\u0107eg \u010delika 316.<\/p>\n","protected":false},"excerpt":{"rendered":"<p>Nehr\u0111aju\u0107i inspekcijski otvori 147mm &#8211; \u010cvrsta hodna paluba od nehr\u0111aju\u0107eg \u010delika 316.<\/p>\n","protected":false},"featured_media":5946239,"comment_status":"open","ping_status":"closed","template":"","meta":[],"product_brand":[3121],"product_cat":[1684],"product_tag":[],"class_list":{"0":"post-744229","1":"product","2":"type-product","3":"status-publish","4":"has-post-thumbnail","6":"product_brand-marinetech-hr","7":"product_cat-inspekcijski-otvori","9":"first","10":"outofstock","11":"shipping-taxable","12":"purchasable","13":"product-type-simple"},"_links":{"self":[{"href":"https:\/\/stoic-curie.212-227-153-4.plesk.page\/hr\/wp-json\/wp\/v2\/product\/744229","targetHints":{"allow":["GET"]}}],"collection":[{"href":"https:\/\/stoic-curie.212-227-153-4.plesk.page\/hr\/wp-json\/wp\/v2\/product"}],"about":[{"href":"https:\/\/stoic-curie.212-227-153-4.plesk.page\/hr\/wp-json\/wp\/v2\/types\/product"}],"replies":[{"embeddable":true,"href":"https:\/\/stoic-curie.212-227-153-4.plesk.page\/hr\/wp-json\/wp\/v2\/comments?post=744229"}],"version-history":[{"count":0,"href":"https:\/\/stoic-curie.212-227-153-4.plesk.page\/hr\/wp-json\/wp\/v2\/product\/744229\/revisions"}],"wp:featuredmedia":[{"embeddable":true,"href":"https:\/\/stoic-curie.212-227-153-4.plesk.page\/hr\/wp-json\/wp\/v2\/media\/5946239"}],"wp:attachment":[{"href":"https:\/\/stoic-curie.212-227-153-4.plesk.page\/hr\/wp-json\/wp\/v2\/media?parent=744229"}],"wp:term":[{"taxonomy":"product_brand","embeddable":true,"href":"https:\/\/stoic-curie.212-227-153-4.plesk.page\/hr\/wp-json\/wp\/v2\/product_brand?post=744229"},{"taxonomy":"product_cat","embeddable":true,"href":"https:\/\/stoic-curie.212-227-153-4.plesk.page\/hr\/wp-json\/wp\/v2\/product_cat?post=744229"},{"taxonomy":"product_tag","embeddable":true,"href":"https:\/\/stoic-curie.212-227-153-4.plesk.page\/hr\/wp-json\/wp\/v2\/product_tag?post=744229"}],"curies":[{"name":"wp","href":"https:\/\/api.w.org\/{rel}","templated":true}]}}