{"id":744232,"date":"2025-03-03T19:00:19","date_gmt":"2025-03-03T18:00:19","guid":{"rendered":"https:\/\/stoic-curie.212-227-153-4.plesk.page\/producto\/spremnik-za-gorivo-can-sb-bravo-210lt-1100-x-1000-x-v262mm\/"},"modified":"2026-02-25T00:01:13","modified_gmt":"2026-02-25T00:01:13","slug":"spremnik-za-gorivo-can-sb-bravo-210lt-1100-x-1000-x-v262mm","status":"publish","type":"product","link":"https:\/\/stoic-curie.212-227-153-4.plesk.page\/hr\/product\/spremnik-za-gorivo-can-sb-bravo-210lt-1100-x-1000-x-v262mm\/","title":{"rendered":"Spremnik za gorivo Can-SB Bravo 210lt 1100 x 1000 x V262mm"},"content":{"rendered":"<p>Spremnik za gorivo Can-SB Bravo 210lt 1100 x 1000 x V262mm &#8211; <\/p>\n<p style=\"color: rgb(34, 34, 34); font-family: Arial, Helvetica, sans-serif; font-size: small;\">Uzbu\u0111eni smo \u0161to vam mo\u017eemo predstaviti BRAVO2 spremnik za gorivo od 210 litara.<\/p>\n<p style=\"color: rgb(34, 34, 34); font-family: Arial, Helvetica, sans-serif; font-size: small;\">BRAVO2 spremnik za gorivo od 210 litara predstavlja visoko pouzdano i izdr\u017eljivo re\u0161enje, posebno dizajnirano za sve va\u0161e potrebe skladi\u0161tenja goriva. Ovaj spremnik je izra\u0111en od \u010dvrstog polietilena visoke gusto\u0107e, materijala poznatog po svojoj snazi i dugotrajnosti. Ovo osigurava da \u0107e spremnik trajati dugi niz godina i sigurno skladi\u0161titi razne supstance, uklju\u010duju\u0107i kiseline i goriva. Promi\u0161ljen dizajn BRAVO2 spremnika uklju\u010duje standardnu inspekcijsku rupu sa sigurnim poklopcem, ventil za efikasnu kontrolu pritiska i terminal za ventilaciju zraka od 3\/8\u201d koji omogu\u0107ava odgovaraju\u0107i protok zraka, \u0161to je klju\u010dno za o\u010duvanje integriteta skladi\u0161tenog goriva.<\/p>\n<p style=\"color: rgb(34, 34, 34); font-family: Arial, Helvetica, sans-serif; font-size: small;\">BRAVO2 spremnik se isporu\u010duje spreman za trenutnu upotrebu, sa ugra\u0111enom usisnom pumpom koja pojednostavljuje proces prenosa goriva. Inspekcijska rupa je dizajnirana da ugosti mera\u010d goriva, \u0161to vam omogu\u0107ava da birate izme\u0111u mehani\u010dke ili elektri\u010dne verzije prema svojim \u017eeljama. Ova funkcija pobolj\u0161ava upotrebljivost spremnika, olak\u0161avaju\u0107i precizno pra\u0107enje nivoa goriva. Pored toga, spremnik uklju\u010duje terminal od 1\/4\u201d koji se mo\u017ee povezati sa gumenom crevom. To omogu\u0107ava da funkcionira kao drugi usis za gorivo ili kao povratna linija za dizel za fiksne instalacije, pru\u017eaju\u0107i svestranost za razne primene.<\/p>\n<p style=\"color: rgb(34, 34, 34); font-family: Arial, Helvetica, sans-serif; font-size: small;\">Jedna od istaknutih karakteristika BRAVO2 spremnika je njegova specijalno dizajnirana donja povr\u0161ina, koja nudi stabilnost i efikasnost. Ovaj spremnik za gorivo od umre\u017eenog polietilena je projektovan da obezbedi sigurnu i stabilnu re\u0161enje za skladi\u0161tenje. Uklju\u010duje inspekcijsku rupu za lak pristup, ventilaciju od 17\/19 mm koja osigurava efikasno provetravanje, i 12 mm cev za merenje goriva koja omogu\u0107ava precizna merenja nivoa goriva. Pored toga, spremnik je opremljen sa navojnim poklopcem koji garantuje siguran pe\u010dat, spre\u010davaju\u0107i bilo kakva curenja ili prosipanje.<\/p>\n<p style=\"color: rgb(34, 34, 34); font-family: Arial, Helvetica, sans-serif; font-size: small;\">Za one koji zahtevaju prilagodbu, BRAVO2 spremnik se mo\u017ee prilagoditi prema va\u0161im specifi\u010dnim potrebama sa ulazima od 38\/50\/60 mm. Ova fleksibilnost vam omogu\u0107ava da prilagodite spremnik za razli\u010dite tipove goriva i zahteve skladi\u0161tenja, \u010dine\u0107i ga idealnim izborom za li\u010dnu i komercijalnu upotrebu.<\/p>\n<p style=\"color: rgb(34, 34, 34); font-family: Arial, Helvetica, sans-serif; font-size: small;\">Kako bismo osigurali najvi\u0161e standarde kvaliteta i sigurnosti, BRAVO2 spremnik za gorivo je CE-ISO21487 sertifikovan. Ova sertifikacija vam pru\u017ea poverenje da birate proizvod koji ispunjava stroge industrijske standarde, osiguravaju\u0107i pouzdanost i sigurnost u va\u0161im re\u0161enjima za skladi\u0161tenje goriva.<\/p>\n<p style=\"color: rgb(34, 34, 34); font-family: Arial, Helvetica, sans-serif; font-size: small;\">Bilo da ste strastveni brodar koji tra\u017ei pouzdanu opciju skladi\u0161tenja goriva za svoje plovilo ili komercijalni operater kojem je potrebna robusna re\u0161enja za upravljanje gorivom, BRAVO2 spremnik za gorivo od 210 litara je savr\u0161en izbor. Sa svojom kombinacijom izdr\u017eljivosti, funkcionalnosti i sigurnosnih karakteristika, mo\u017eete biti sigurni da \u0107e ovaj rezervoar efikasno i efikasno zadovoljiti va\u0161e potrebe za skladi\u0161tenjem goriva. Izaberite BRAVO2 spremnik kao pouzdano i dugotrajno re\u0161enje za va\u0161e potrebe skladi\u0161tenja goriva.<\/p>\n","protected":false},"excerpt":{"rendered":"<p>Spremnik za gorivo Can-SB Bravo 210lt 1100 x 1000 x V262mm &#8211; Uzbu\u0111eni smo \u0161to vam mo\u017eemo predstaviti BRAVO2 spremnik<\/p>\n","protected":false},"featured_media":5946241,"comment_status":"open","ping_status":"closed","template":"","meta":[],"product_brand":[2856],"product_cat":[1800],"product_tag":[],"class_list":{"0":"post-744232","1":"product","2":"type-product","3":"status-publish","4":"has-post-thumbnail","6":"product_brand-can-marine-hr","7":"product_cat-spremnici-goriva","9":"first","10":"instock","11":"shipping-taxable","12":"purchasable","13":"product-type-simple"},"_links":{"self":[{"href":"https:\/\/stoic-curie.212-227-153-4.plesk.page\/hr\/wp-json\/wp\/v2\/product\/744232","targetHints":{"allow":["GET"]}}],"collection":[{"href":"https:\/\/stoic-curie.212-227-153-4.plesk.page\/hr\/wp-json\/wp\/v2\/product"}],"about":[{"href":"https:\/\/stoic-curie.212-227-153-4.plesk.page\/hr\/wp-json\/wp\/v2\/types\/product"}],"replies":[{"embeddable":true,"href":"https:\/\/stoic-curie.212-227-153-4.plesk.page\/hr\/wp-json\/wp\/v2\/comments?post=744232"}],"version-history":[{"count":0,"href":"https:\/\/stoic-curie.212-227-153-4.plesk.page\/hr\/wp-json\/wp\/v2\/product\/744232\/revisions"}],"wp:featuredmedia":[{"embeddable":true,"href":"https:\/\/stoic-curie.212-227-153-4.plesk.page\/hr\/wp-json\/wp\/v2\/media\/5946241"}],"wp:attachment":[{"href":"https:\/\/stoic-curie.212-227-153-4.plesk.page\/hr\/wp-json\/wp\/v2\/media?parent=744232"}],"wp:term":[{"taxonomy":"product_brand","embeddable":true,"href":"https:\/\/stoic-curie.212-227-153-4.plesk.page\/hr\/wp-json\/wp\/v2\/product_brand?post=744232"},{"taxonomy":"product_cat","embeddable":true,"href":"https:\/\/stoic-curie.212-227-153-4.plesk.page\/hr\/wp-json\/wp\/v2\/product_cat?post=744232"},{"taxonomy":"product_tag","embeddable":true,"href":"https:\/\/stoic-curie.212-227-153-4.plesk.page\/hr\/wp-json\/wp\/v2\/product_tag?post=744232"}],"curies":[{"name":"wp","href":"https:\/\/api.w.org\/{rel}","templated":true}]}}