{"id":744233,"date":"2025-03-03T19:00:19","date_gmt":"2025-03-03T18:00:19","guid":{"rendered":"https:\/\/stoic-curie.212-227-153-4.plesk.page\/producto\/spremnik-za-gorivo-can-sb-255lt-1100-x-1000-x-v342mm\/"},"modified":"2026-02-25T00:01:13","modified_gmt":"2026-02-25T00:01:13","slug":"spremnik-za-gorivo-can-sb-255lt-1100-x-1000-x-v342mm","status":"publish","type":"product","link":"https:\/\/stoic-curie.212-227-153-4.plesk.page\/hr\/product\/spremnik-za-gorivo-can-sb-255lt-1100-x-1000-x-v342mm\/","title":{"rendered":"Spremnik za gorivo Can-Sb 255lt (1100 x 1000 x V342mm)"},"content":{"rendered":"<p>Spremnik za gorivo Can-Sb 255lt (1100 x 1000 x V342mm) &#8211; <\/p>\n<p style=\"color: rgb(34, 34, 34); font-family: Arial, Helvetica, sans-serif; font-size: small;\">Predstavljamo BRAVO2 rezervoar za gorivo od 255 litara<\/p>\n<p style=\"color: rgb(34, 34, 34); font-family: Arial, Helvetica, sans-serif; font-size: small;\">S ponosom vam predstavljamo rezervoar za gorivo BRAVO2 od 255 litara, rje\u0161enje velike kapacitete dizajnirano kako bi zadovoljilo va\u0161e potrebe za pohranu goriva s izvanrednom pouzdano\u0161\u0107u i trajno\u0161\u0107u. Ovaj rezervoar je stru\u010dno izra\u0111en od robusnog polietilena visoke gusto\u0107e, \u0161to ne samo da jam\u010di njegovu dugovje\u010dnost, ve\u0107 ga \u010dini pogodnim za pohranu \u0161irokog spektra tvari, uklju\u010duju\u0107i kiseline i goriva. Njegov dizajn uklju\u010duje standardni pregledni otvor opremljen sigurnim poklopcem, ventil za regulaciju pritiska i terminal za ventilaciju zraka od 3\/8\u201d radi optimalne proto\u010dnosti zraka.<\/p>\n<p style=\"color: rgb(34, 34, 34); font-family: Arial, Helvetica, sans-serif; font-size: small;\">BRAVO2 rezervoar je pa\u017eljivo opremljen sakuplja\u010dem goriva, \u0161to omogu\u0107ava trenutnu upotrebu odmah po va\u0111enju iz kutije. Pregledni otvor je dovoljno svestran da uklopi mjera\u010d goriva, bez obzira na to volite li mehani\u010dku ili elektri\u010dnu opciju. Osim toga, opremljen je terminalom s koljenom od 1\/4\u201d koji se mo\u017ee spojiti na gumenu cijev, pru\u017eaju\u0107i fleksibilnost da slu\u017ei kao druga uti\u010dnica za gorivo ili kao povratna linija za dizel za fiksne instalacije.<\/p>\n<p style=\"color: rgb(34, 34, 34); font-family: Arial, Helvetica, sans-serif; font-size: small;\">Osmi\u0161ljen s jedinstvenim oblikom donjeg trupa, ovaj povezani polietilenski rezervoar za gorivo konstruiran je za stabilnost i u\u010dinkovitost. Uklju\u010duje pregledni otvor, ventil od 17\/19 mm za u\u010dinkovito ventiliranje, 12 mm cijev za precizno mjerenje i navojni poklopac koji osigurava sigurno brtvljenje. Nadalje, rezervoar se mo\u017ee prilagoditi s ulazima od 38\/50\/60 mm kako bi zadovoljio va\u0161e specifi\u010dne zahtjeve.<\/p>\n<p style=\"color: rgb(34, 34, 34); font-family: Arial, Helvetica, sans-serif; font-size: small;\">Kako bismo osigurali kvalitetu i sigurnost, rezervoar za gorivo BRAVO2 dolazi s CE-ISO21487 certifikatom, omogu\u0107uju\u0107i vam mirnu savjest da ula\u017eete u proizvod koji ispunjava stroge industrijske standarde. Bilo za osobnu ili komercijalnu upotrebu, BRAVO2 rezervoar za gorivo od 255 litara idealan je izbor za pouzdanu pohranu goriva.<\/p>\n","protected":false},"excerpt":{"rendered":"<p>Spremnik za gorivo Can-Sb 255lt (1100 x 1000 x V342mm) &#8211; Predstavljamo BRAVO2 rezervoar za gorivo od 255 litara S<\/p>\n","protected":false},"featured_media":5946241,"comment_status":"open","ping_status":"closed","template":"","meta":[],"product_brand":[2856],"product_cat":[1800],"product_tag":[],"class_list":{"0":"post-744233","1":"product","2":"type-product","3":"status-publish","4":"has-post-thumbnail","6":"product_brand-can-marine-hr","7":"product_cat-spremnici-goriva","9":"first","10":"instock","11":"shipping-taxable","12":"purchasable","13":"product-type-simple"},"_links":{"self":[{"href":"https:\/\/stoic-curie.212-227-153-4.plesk.page\/hr\/wp-json\/wp\/v2\/product\/744233","targetHints":{"allow":["GET"]}}],"collection":[{"href":"https:\/\/stoic-curie.212-227-153-4.plesk.page\/hr\/wp-json\/wp\/v2\/product"}],"about":[{"href":"https:\/\/stoic-curie.212-227-153-4.plesk.page\/hr\/wp-json\/wp\/v2\/types\/product"}],"replies":[{"embeddable":true,"href":"https:\/\/stoic-curie.212-227-153-4.plesk.page\/hr\/wp-json\/wp\/v2\/comments?post=744233"}],"version-history":[{"count":0,"href":"https:\/\/stoic-curie.212-227-153-4.plesk.page\/hr\/wp-json\/wp\/v2\/product\/744233\/revisions"}],"wp:featuredmedia":[{"embeddable":true,"href":"https:\/\/stoic-curie.212-227-153-4.plesk.page\/hr\/wp-json\/wp\/v2\/media\/5946241"}],"wp:attachment":[{"href":"https:\/\/stoic-curie.212-227-153-4.plesk.page\/hr\/wp-json\/wp\/v2\/media?parent=744233"}],"wp:term":[{"taxonomy":"product_brand","embeddable":true,"href":"https:\/\/stoic-curie.212-227-153-4.plesk.page\/hr\/wp-json\/wp\/v2\/product_brand?post=744233"},{"taxonomy":"product_cat","embeddable":true,"href":"https:\/\/stoic-curie.212-227-153-4.plesk.page\/hr\/wp-json\/wp\/v2\/product_cat?post=744233"},{"taxonomy":"product_tag","embeddable":true,"href":"https:\/\/stoic-curie.212-227-153-4.plesk.page\/hr\/wp-json\/wp\/v2\/product_tag?post=744233"}],"curies":[{"name":"wp","href":"https:\/\/api.w.org\/{rel}","templated":true}]}}