{"id":744245,"date":"2025-03-03T19:02:39","date_gmt":"2025-03-03T18:02:39","guid":{"rendered":"https:\/\/stoic-curie.212-227-153-4.plesk.page\/producto\/jedrilicarske-rukavice-musto-performance-zima-puna-velicina-xxl\/"},"modified":"2026-02-25T00:01:13","modified_gmt":"2026-02-25T00:01:13","slug":"jedrilicarske-rukavice-musto-performance-zima-puna-velicina-xxl","status":"publish","type":"product","link":"https:\/\/stoic-curie.212-227-153-4.plesk.page\/hr\/product\/jedrilicarske-rukavice-musto-performance-zima-puna-velicina-xxl\/","title":{"rendered":"Jedrilicarske rukavice Musto Performance Zima puna &#8211; velicina: XXL"},"content":{"rendered":"<p>Jedrilicarske rukavice Musto Performance Zima puna &#8211; velicina: XXL &#8211; <\/p>\n<p>Musto Performance zimske rukavice s ergonomskom konstrukcijom prstiju za ve\u0107i udobnost i spretnost. Izra\u0111ene od visokokvalitetnog neoprena, osiguravaju dobar grip i za\u0161titu od hladno\u0107e. Oja\u010dani prsti i dlanovi minimiziraju opekotine od u\u017eadi, a njihova fleksibilnost ostaje o\u010duvana i nakon su\u0161enja. S pode\u0161iva\u010dem man\u017eetne za najbolju prilagodbu.<\/p>\n","protected":false},"excerpt":{"rendered":"<p>Jedrilicarske rukavice Musto Performance Zima puna &#8211; velicina: XXL &#8211; Musto Performance zimske rukavice s ergonomskom konstrukcijom prstiju za ve\u0107i<\/p>\n","protected":false},"featured_media":5946258,"comment_status":"open","ping_status":"closed","template":"","meta":[],"product_brand":[3156],"product_cat":[1854,1858],"product_tag":[],"class_list":{"0":"post-744245","1":"product","2":"type-product","3":"status-publish","4":"has-post-thumbnail","6":"product_brand-musto-hr","7":"product_cat-jedrilicarska-odjeca-musto","8":"product_cat-rukavice-za-jedrenje","10":"first","11":"instock","12":"shipping-taxable","13":"purchasable","14":"product-type-simple"},"_links":{"self":[{"href":"https:\/\/stoic-curie.212-227-153-4.plesk.page\/hr\/wp-json\/wp\/v2\/product\/744245","targetHints":{"allow":["GET"]}}],"collection":[{"href":"https:\/\/stoic-curie.212-227-153-4.plesk.page\/hr\/wp-json\/wp\/v2\/product"}],"about":[{"href":"https:\/\/stoic-curie.212-227-153-4.plesk.page\/hr\/wp-json\/wp\/v2\/types\/product"}],"replies":[{"embeddable":true,"href":"https:\/\/stoic-curie.212-227-153-4.plesk.page\/hr\/wp-json\/wp\/v2\/comments?post=744245"}],"version-history":[{"count":0,"href":"https:\/\/stoic-curie.212-227-153-4.plesk.page\/hr\/wp-json\/wp\/v2\/product\/744245\/revisions"}],"wp:featuredmedia":[{"embeddable":true,"href":"https:\/\/stoic-curie.212-227-153-4.plesk.page\/hr\/wp-json\/wp\/v2\/media\/5946258"}],"wp:attachment":[{"href":"https:\/\/stoic-curie.212-227-153-4.plesk.page\/hr\/wp-json\/wp\/v2\/media?parent=744245"}],"wp:term":[{"taxonomy":"product_brand","embeddable":true,"href":"https:\/\/stoic-curie.212-227-153-4.plesk.page\/hr\/wp-json\/wp\/v2\/product_brand?post=744245"},{"taxonomy":"product_cat","embeddable":true,"href":"https:\/\/stoic-curie.212-227-153-4.plesk.page\/hr\/wp-json\/wp\/v2\/product_cat?post=744245"},{"taxonomy":"product_tag","embeddable":true,"href":"https:\/\/stoic-curie.212-227-153-4.plesk.page\/hr\/wp-json\/wp\/v2\/product_tag?post=744245"}],"curies":[{"name":"wp","href":"https:\/\/api.w.org\/{rel}","templated":true}]}}