{"id":744246,"date":"2025-03-03T19:02:39","date_gmt":"2025-03-03T18:02:39","guid":{"rendered":"https:\/\/stoic-curie.212-227-153-4.plesk.page\/producto\/klimatizacijski-sustav-vitrifrigo-macs-7000\/"},"modified":"2026-02-25T00:01:13","modified_gmt":"2026-02-25T00:01:13","slug":"klimatizacijski-sustav-vitrifrigo-macs-7000","status":"publish","type":"product","link":"https:\/\/stoic-curie.212-227-153-4.plesk.page\/hr\/product\/klimatizacijski-sustav-vitrifrigo-macs-7000\/","title":{"rendered":"Klimatizacijski sustav Vitrifrigo MACS 7000"},"content":{"rendered":"<p>Klimatizacijski sustav Vitrifrigo MACS 7000 &#8211; <\/p>\n<p style=\"color: rgb(34, 34, 34); font-family: Arial, Helvetica, sans-serif; font-size: small;\"><strong>Vitrifrigo MACS 7000<\/strong> klima ure\u0111aj je posebno dizajniran za morsku primjenu, \u0161to ga \u010dini odli\u010dnim izborom za hla\u0111enje jedne prostorije ili dvije susjedne prostorije. Ovaj sustav radi pomo\u0107u morske vode, djeluju\u0107i i kao klima ure\u0111aj koji pru\u017ea hladan zrak i kao ure\u0111aj za grijanje koji opskrbljuje topli zrak.<\/p>\n<p style=\"color: rgb(34, 34, 34); font-family: Arial, Helvetica, sans-serif; font-size: small;\">Kompaktni monoblock dizajn uklju\u010duje kompresor, kondenzator, ispariva\u010d, ventilator i upravlja\u010dku plo\u010du, zajedno s 3-metra dugim produ\u017enim Kabelom i daljinskim upravlja\u010dem. Elektri\u010dni panel ima produ\u017eni kabel od 1,2 metra i radi na napajanju od 220V, prikladno za kori\u0161tenje s obalnom energijom ili generatorom. Imajte na umu da se ova jedinica isporu\u010duje bez va\u017enih dodataka kao \u0161to su crijeva, re\u0161etke, pumpe za vodu, filteri i ulazni filtri, koji se moraju kupiti odvojeno.<\/p>\n<p style=\"color: rgb(34, 34, 34); font-family: Arial, Helvetica, sans-serif; font-size: small;\">\u0160to se ti\u010de performansi, MACS serija nudi nekoliko modela:<\/p>\n<ul style=\"color: rgb(34, 34, 34); font-family: Arial, Helvetica, sans-serif; font-size: small;\">\n<li><strong>MACS 7000<\/strong>: Tro\u0161i 600W\/2.6A (700W\/3.0A u na\u010dinu grijanja) s protokom od 400 m\u00b3\/h.<\/li>\n<li><strong>MACS 12000<\/strong>: Tro\u0161i 890W\/4.0A (1100W\/4.7A u na\u010dinu grijanja) s protokom od 540 m\u00b3\/h.<\/li>\n<li><strong>MACS 16000<\/strong>: Tro\u0161i 1100W\/5.0A (1300W\/5.5A u na\u010dinu grijanja) s protokom od 640 m\u00b3\/h.<\/li>\n<\/ul>\n<p style=\"color: rgb(34, 34, 34); font-family: Arial, Helvetica, sans-serif; font-size: small;\">Model MACS 7000 nudi optimalnu udobnost i dobrobit na brodu, \u010dak i u ekstremnim vremenskim uvjetima, s kapacitetom hla\u0111enja od 7000 BTU\/h, \u0161to ga \u010dini pogodnim za prostore od 20 do 25 kvadratnih metara.<\/p>\n<p style=\"color: rgb(34, 34, 34); font-family: Arial, Helvetica, sans-serif; font-size: small;\">Njegova monoblock konstrukcija, koja integrira kompresor, kondenzator, ispariva\u010d i ventilator, osigurava svestranost tijekom cijele godine, \u0161to ga \u010dini idealnim za morske instalacije. Digitalna kontrola temperature i LCD zaslon olak\u0161avaju precizno i korisniku prijateljsko upravljanje.<\/p>\n<p style=\"color: rgb(34, 34, 34); font-family: Arial, Helvetica, sans-serif; font-size: small;\">Osim toga, ekolo\u0161ki dizajn koristi rashladno sredstvo R410A s niskim emisijama stakleni\u010dkih plinova, u skladu s globalnim ekolo\u0161kim standardima. Sustav u\u010dinkovito pomi\u010de zrak kroz izolirane kanale i distribuira ga putem difuzijskih re\u0161etki, omogu\u0107uju\u0107i personaliziranu udobnost.<\/p>\n<p style=\"color: rgb(34, 34, 34); font-family: Arial, Helvetica, sans-serif; font-size: small;\">Odabirom Vitrifrigo MACS 7000 birate visokokvalitetno i ekolo\u0161ki prihvatljivo rje\u0161enje za hla\u0111enje za va\u0161e morsko okru\u017eenje.<\/p>\n<p style=\"color: rgb(34, 34, 34); font-family: Arial, Helvetica, sans-serif; font-size: small;\"><strong>Specifikacije:<\/strong><\/p>\n<ul style=\"color: rgb(34, 34, 34); font-family: Arial, Helvetica, sans-serif; font-size: small;\">\n<li>Serija: MACS<\/li>\n<li>Reverzibilna vrata: Ne<\/li>\n<li>Termostat: Digitalni<\/li>\n<li>Tehnologija hla\u0111enja: Kompresor<\/li>\n<li>Napon: 230 VAC<\/li>\n<\/ul>\n","protected":false},"excerpt":{"rendered":"<p>Klimatizacijski sustav Vitrifrigo MACS 7000 &#8211; Vitrifrigo MACS 7000 klima ure\u0111aj je posebno dizajniran za morsku primjenu, \u0161to ga \u010dini<\/p>\n","protected":false},"featured_media":5946259,"comment_status":"open","ping_status":"closed","template":"","meta":[],"product_brand":[3526],"product_cat":[1647],"product_tag":[],"class_list":{"0":"post-744246","1":"product","2":"type-product","3":"status-publish","4":"has-post-thumbnail","6":"product_brand-vitrifrigo-hr","7":"product_cat-uredaji-za-brodske-kuhinje","9":"first","10":"instock","11":"shipping-taxable","12":"purchasable","13":"product-type-simple"},"_links":{"self":[{"href":"https:\/\/stoic-curie.212-227-153-4.plesk.page\/hr\/wp-json\/wp\/v2\/product\/744246","targetHints":{"allow":["GET"]}}],"collection":[{"href":"https:\/\/stoic-curie.212-227-153-4.plesk.page\/hr\/wp-json\/wp\/v2\/product"}],"about":[{"href":"https:\/\/stoic-curie.212-227-153-4.plesk.page\/hr\/wp-json\/wp\/v2\/types\/product"}],"replies":[{"embeddable":true,"href":"https:\/\/stoic-curie.212-227-153-4.plesk.page\/hr\/wp-json\/wp\/v2\/comments?post=744246"}],"version-history":[{"count":0,"href":"https:\/\/stoic-curie.212-227-153-4.plesk.page\/hr\/wp-json\/wp\/v2\/product\/744246\/revisions"}],"wp:featuredmedia":[{"embeddable":true,"href":"https:\/\/stoic-curie.212-227-153-4.plesk.page\/hr\/wp-json\/wp\/v2\/media\/5946259"}],"wp:attachment":[{"href":"https:\/\/stoic-curie.212-227-153-4.plesk.page\/hr\/wp-json\/wp\/v2\/media?parent=744246"}],"wp:term":[{"taxonomy":"product_brand","embeddable":true,"href":"https:\/\/stoic-curie.212-227-153-4.plesk.page\/hr\/wp-json\/wp\/v2\/product_brand?post=744246"},{"taxonomy":"product_cat","embeddable":true,"href":"https:\/\/stoic-curie.212-227-153-4.plesk.page\/hr\/wp-json\/wp\/v2\/product_cat?post=744246"},{"taxonomy":"product_tag","embeddable":true,"href":"https:\/\/stoic-curie.212-227-153-4.plesk.page\/hr\/wp-json\/wp\/v2\/product_tag?post=744246"}],"curies":[{"name":"wp","href":"https:\/\/api.w.org\/{rel}","templated":true}]}}