{"id":744248,"date":"2025-03-03T19:02:40","date_gmt":"2025-03-03T18:02:40","guid":{"rendered":"https:\/\/stoic-curie.212-227-153-4.plesk.page\/producto\/klimatizacijski-sustav-vitrifrigo-macs-16000\/"},"modified":"2026-02-25T00:01:13","modified_gmt":"2026-02-25T00:01:13","slug":"klimatizacijski-sustav-vitrifrigo-macs-16000","status":"publish","type":"product","link":"https:\/\/stoic-curie.212-227-153-4.plesk.page\/hr\/product\/klimatizacijski-sustav-vitrifrigo-macs-16000\/","title":{"rendered":"Klimatizacijski sustav Vitrifrigo MACS 16000"},"content":{"rendered":"<p>Klimatizacijski sustav Vitrifrigo MACS 16000 &#8211; <\/p>\n<p style=\"color: rgb(34, 34, 34); font-family: Arial, Helvetica, sans-serif; font-size: small;\">VITRIFRIGO MACS 16000 sustav klimatizacije jam\u010di optimalnu udobnost i dobrobit na brodu, \u010dak i u najizazovnijim vremenskim uvjetima. S kapacitetom hla\u0111enja od 16.000 BTU\/h, ova jedinica je idealna za prostore izme\u0111u 25 i 30 \u010detvornih metara.<\/p>\n<p style=\"color: rgb(34, 34, 34); font-family: Arial, Helvetica, sans-serif; font-size: small;\">Specijalno dizajniran za pomorske primjene, Vitrifrigo MACS 16000 u\u010dinkovito hladi jednu prostoriju ili dvije susjedne prostorije. Radi koriste\u0107i kru\u017eni sustav morske vode, funkcioniraju\u0107i i kao klima ure\u0111aj koji pru\u017ea hladan zrak te kao grijalo koje isporu\u010duje toplinu. Ovaj kompaktni monoblok sustav uklju\u010duje kompresor, kondenzator, ispariva\u010d, ventil i kontrolnu plo\u010du, opremljenu s 3-metra dugom produ\u017enom kabelom i daljinskim upravlja\u010dem. Elektri\u010dni panel ima produ\u017eni kabel od 1,2 metra i radi na 220V\/1100W\/5A (1300W\/5.5A u na\u010dinu grijanja), \u0161to ga \u010dini kompatibilnim s priklju\u010dnom energijom ili generatorom. Brzina protoka zraka je 640 m\u00b3\/h. Imajte na umu da pribor za instalaciju nije uklju\u010den i mora se kupiti odvojeno.<\/p>\n<p style=\"color: rgb(34, 34, 34); font-family: Arial, Helvetica, sans-serif; font-size: small;\">Ova monoblok jedinica klima ure\u0111aja radi na 16.000 BTU\/h i koristi R410A rashladno sredstvo, funkcioni\u0161u\u0107i na 230V AC, jednofaznim, 50Hz napajanju. Jedinica dolazi s kontrolnom plo\u010dom i dizajnirana je za svestranost tijekom svih godi\u0161njih doba, \u0161to je \u010dini idealnom za pomorske instalacije.<\/p>\n<p style=\"color: rgb(34, 34, 34); font-family: Arial, Helvetica, sans-serif; font-size: small;\">Digitalna kontrola temperature i LCD ekran osiguravaju preciznu i korisni\u010dki prijateljsku operaciju. Njegov ekolo\u0161ki dizajn koristi rashladno sredstvo R410A s niskim emisijama stakleni\u010dkih plinova, u skladu sa globalnim ekolo\u0161kim standardima.<\/p>\n<p style=\"color: rgb(34, 34, 34); font-family: Arial, Helvetica, sans-serif; font-size: small;\">Sustav u\u010dinkovito cirkulira zrak kroz izolirane kanale i distribuira ga putem difuzora, pru\u017eaju\u0107i personaliziranu udobnost.<\/p>\n<p style=\"color: rgb(34, 34, 34); font-family: Arial, Helvetica, sans-serif; font-size: small;\">Odabirom VITRIFRIGO MACS 16000, birate visokokvalitetno i ekolo\u0161ki odgovorno rje\u0161enje za hla\u0111enje.<\/p>\n<p style=\"color: rgb(34, 34, 34); font-family: Arial, Helvetica, sans-serif; font-size: small;\"> <strong>Serija:<\/strong>\u00a0MACS<br \/><strong>Obrnuta vrata:<\/strong>\u00a0Ne<br \/><strong>Termostat:<\/strong>\u00a0Digitalni<br \/><strong>Tehnologija hla\u0111enja:<\/strong>\u00a0Kompresor<br \/><strong>Napon:<\/strong>\u00a0230 VAC<\/p>\n","protected":false},"excerpt":{"rendered":"<p>Klimatizacijski sustav Vitrifrigo MACS 16000 &#8211; VITRIFRIGO MACS 16000 sustav klimatizacije jam\u010di optimalnu udobnost i dobrobit na brodu, \u010dak i<\/p>\n","protected":false},"featured_media":5946264,"comment_status":"open","ping_status":"closed","template":"","meta":[],"product_brand":[3526],"product_cat":[1647],"product_tag":[],"class_list":{"0":"post-744248","1":"product","2":"type-product","3":"status-publish","4":"has-post-thumbnail","6":"product_brand-vitrifrigo-hr","7":"product_cat-uredaji-za-brodske-kuhinje","9":"first","10":"instock","11":"shipping-taxable","12":"purchasable","13":"product-type-simple"},"_links":{"self":[{"href":"https:\/\/stoic-curie.212-227-153-4.plesk.page\/hr\/wp-json\/wp\/v2\/product\/744248","targetHints":{"allow":["GET"]}}],"collection":[{"href":"https:\/\/stoic-curie.212-227-153-4.plesk.page\/hr\/wp-json\/wp\/v2\/product"}],"about":[{"href":"https:\/\/stoic-curie.212-227-153-4.plesk.page\/hr\/wp-json\/wp\/v2\/types\/product"}],"replies":[{"embeddable":true,"href":"https:\/\/stoic-curie.212-227-153-4.plesk.page\/hr\/wp-json\/wp\/v2\/comments?post=744248"}],"version-history":[{"count":0,"href":"https:\/\/stoic-curie.212-227-153-4.plesk.page\/hr\/wp-json\/wp\/v2\/product\/744248\/revisions"}],"wp:featuredmedia":[{"embeddable":true,"href":"https:\/\/stoic-curie.212-227-153-4.plesk.page\/hr\/wp-json\/wp\/v2\/media\/5946264"}],"wp:attachment":[{"href":"https:\/\/stoic-curie.212-227-153-4.plesk.page\/hr\/wp-json\/wp\/v2\/media?parent=744248"}],"wp:term":[{"taxonomy":"product_brand","embeddable":true,"href":"https:\/\/stoic-curie.212-227-153-4.plesk.page\/hr\/wp-json\/wp\/v2\/product_brand?post=744248"},{"taxonomy":"product_cat","embeddable":true,"href":"https:\/\/stoic-curie.212-227-153-4.plesk.page\/hr\/wp-json\/wp\/v2\/product_cat?post=744248"},{"taxonomy":"product_tag","embeddable":true,"href":"https:\/\/stoic-curie.212-227-153-4.plesk.page\/hr\/wp-json\/wp\/v2\/product_tag?post=744248"}],"curies":[{"name":"wp","href":"https:\/\/api.w.org\/{rel}","templated":true}]}}