{"id":744249,"date":"2025-03-03T19:02:40","date_gmt":"2025-03-03T18:02:40","guid":{"rendered":"https:\/\/stoic-curie.212-227-153-4.plesk.page\/producto\/instalacijski-kit-za-vitrifrigo-macs-16000\/"},"modified":"2026-02-25T00:01:13","modified_gmt":"2026-02-25T00:01:13","slug":"instalacijski-kit-za-vitrifrigo-macs-16000","status":"publish","type":"product","link":"https:\/\/stoic-curie.212-227-153-4.plesk.page\/hr\/product\/instalacijski-kit-za-vitrifrigo-macs-16000\/","title":{"rendered":"Instalacijski kit za Vitrifrigo Macs 16000"},"content":{"rendered":"<p>Instalacijski kit za Vitrifrigo Macs 16000 &#8211; <\/p>\n<p style=\"color: rgb(34, 34, 34); font-family: Arial, Helvetica, sans-serif; font-size: small;\">Za potpunu instalaciju MACS 16000 klima ure\u0111aja, trebat \u0107e vam ovaj priborski set. Set uklju\u010duje:<\/p>\n<ul style=\"color: rgb(34, 34, 34); font-family: Arial, Helvetica, sans-serif; font-size: small;\">\n<li>\u010cetiri priklju\u010dka cijevi na crijevo od 25 mm, usis mora i kuglasti ventil, svi od mesinga s navojem od 1&#8243;<\/li>\n<li>1&#8243; kromirana mesingana prolazna veza<\/li>\n<li>Filter za morsku vodu s 1&#8243; priklju\u010dkom<\/li>\n<li>220V\/80W\/0.7A pumpa za morsku vodu s dvije veze od 25 mm<\/li>\n<li>10 metara duga spiralna crijevo (25 mm)<\/li>\n<li>5 metara fleksibilne zra\u010dne cijevi (152 mm)<\/li>\n<li>Povratna re\u0161etka za zrak s okvirom dimenzija 335 x 335 mm i usi\u0161nim otvorom od 300 x 300 mm<\/li>\n<li>Re\u0161etka za ventilaciju s okvirom dimenzija 330 x 180 mm i usisnim otvorom od 300 x 150 mm<\/li>\n<\/ul>\n<p style=\"color: rgb(34, 34, 34); font-family: Arial, Helvetica, sans-serif; font-size: small;\">Ovaj sveobuhvatan set osigurava da imate sve \u0161to je potrebno za uspje\u0161nu instalaciju.<\/p>\n","protected":false},"excerpt":{"rendered":"<p>Instalacijski kit za Vitrifrigo Macs 16000 &#8211; Za potpunu instalaciju MACS 16000 klima ure\u0111aja, trebat \u0107e vam ovaj priborski set.<\/p>\n","protected":false},"featured_media":5946261,"comment_status":"open","ping_status":"closed","template":"","meta":[],"product_brand":[3526],"product_cat":[1647],"product_tag":[],"class_list":{"0":"post-744249","1":"product","2":"type-product","3":"status-publish","4":"has-post-thumbnail","6":"product_brand-vitrifrigo-hr","7":"product_cat-uredaji-za-brodske-kuhinje","9":"first","10":"instock","11":"shipping-taxable","12":"purchasable","13":"product-type-simple"},"_links":{"self":[{"href":"https:\/\/stoic-curie.212-227-153-4.plesk.page\/hr\/wp-json\/wp\/v2\/product\/744249","targetHints":{"allow":["GET"]}}],"collection":[{"href":"https:\/\/stoic-curie.212-227-153-4.plesk.page\/hr\/wp-json\/wp\/v2\/product"}],"about":[{"href":"https:\/\/stoic-curie.212-227-153-4.plesk.page\/hr\/wp-json\/wp\/v2\/types\/product"}],"replies":[{"embeddable":true,"href":"https:\/\/stoic-curie.212-227-153-4.plesk.page\/hr\/wp-json\/wp\/v2\/comments?post=744249"}],"version-history":[{"count":0,"href":"https:\/\/stoic-curie.212-227-153-4.plesk.page\/hr\/wp-json\/wp\/v2\/product\/744249\/revisions"}],"wp:featuredmedia":[{"embeddable":true,"href":"https:\/\/stoic-curie.212-227-153-4.plesk.page\/hr\/wp-json\/wp\/v2\/media\/5946261"}],"wp:attachment":[{"href":"https:\/\/stoic-curie.212-227-153-4.plesk.page\/hr\/wp-json\/wp\/v2\/media?parent=744249"}],"wp:term":[{"taxonomy":"product_brand","embeddable":true,"href":"https:\/\/stoic-curie.212-227-153-4.plesk.page\/hr\/wp-json\/wp\/v2\/product_brand?post=744249"},{"taxonomy":"product_cat","embeddable":true,"href":"https:\/\/stoic-curie.212-227-153-4.plesk.page\/hr\/wp-json\/wp\/v2\/product_cat?post=744249"},{"taxonomy":"product_tag","embeddable":true,"href":"https:\/\/stoic-curie.212-227-153-4.plesk.page\/hr\/wp-json\/wp\/v2\/product_tag?post=744249"}],"curies":[{"name":"wp","href":"https:\/\/api.w.org\/{rel}","templated":true}]}}