{"id":744252,"date":"2025-03-03T19:02:41","date_gmt":"2025-03-03T18:02:41","guid":{"rendered":"https:\/\/stoic-curie.212-227-153-4.plesk.page\/producto\/povratna-resetka-od-tikovine-za-vitrifrigo-klima-uredaj-300-x-300-mm\/"},"modified":"2026-02-25T00:01:13","modified_gmt":"2026-02-25T00:01:13","slug":"povratna-resetka-od-tikovine-za-vitrifrigo-klima-uredaj-300-x-300-mm","status":"publish","type":"product","link":"https:\/\/stoic-curie.212-227-153-4.plesk.page\/hr\/product\/povratna-resetka-od-tikovine-za-vitrifrigo-klima-uredaj-300-x-300-mm\/","title":{"rendered":"Povratna re\u0161etka od tikovine za Vitrifrigo klima uredaj 300 x 300 mm"},"content":{"rendered":"<p>Povratna re\u0161etka od tikovine za Vitrifrigo klima uredaj 300 x 300 mm &#8211; <\/p>\n<p>Re\u0161etke za povrat zraka s teakovim okvirom za sustave klima ure\u0111aja. Kompletne s filtrom, za monta\u017eu u kontaktu s prostorom klima ure\u0111aja i ne zahtijevaju razdjelnik zraka ili pribor.<\/p>\n","protected":false},"excerpt":{"rendered":"<p>Povratna re\u0161etka od tikovine za Vitrifrigo klima uredaj 300 x 300 mm &#8211; Re\u0161etke za povrat zraka s teakovim okvirom<\/p>\n","protected":false},"featured_media":5946268,"comment_status":"open","ping_status":"closed","template":"","meta":[],"product_brand":[3526],"product_cat":[1647],"product_tag":[],"class_list":{"0":"post-744252","1":"product","2":"type-product","3":"status-publish","4":"has-post-thumbnail","6":"product_brand-vitrifrigo-hr","7":"product_cat-uredaji-za-brodske-kuhinje","9":"first","10":"instock","11":"shipping-taxable","12":"purchasable","13":"product-type-simple"},"_links":{"self":[{"href":"https:\/\/stoic-curie.212-227-153-4.plesk.page\/hr\/wp-json\/wp\/v2\/product\/744252","targetHints":{"allow":["GET"]}}],"collection":[{"href":"https:\/\/stoic-curie.212-227-153-4.plesk.page\/hr\/wp-json\/wp\/v2\/product"}],"about":[{"href":"https:\/\/stoic-curie.212-227-153-4.plesk.page\/hr\/wp-json\/wp\/v2\/types\/product"}],"replies":[{"embeddable":true,"href":"https:\/\/stoic-curie.212-227-153-4.plesk.page\/hr\/wp-json\/wp\/v2\/comments?post=744252"}],"version-history":[{"count":0,"href":"https:\/\/stoic-curie.212-227-153-4.plesk.page\/hr\/wp-json\/wp\/v2\/product\/744252\/revisions"}],"wp:featuredmedia":[{"embeddable":true,"href":"https:\/\/stoic-curie.212-227-153-4.plesk.page\/hr\/wp-json\/wp\/v2\/media\/5946268"}],"wp:attachment":[{"href":"https:\/\/stoic-curie.212-227-153-4.plesk.page\/hr\/wp-json\/wp\/v2\/media?parent=744252"}],"wp:term":[{"taxonomy":"product_brand","embeddable":true,"href":"https:\/\/stoic-curie.212-227-153-4.plesk.page\/hr\/wp-json\/wp\/v2\/product_brand?post=744252"},{"taxonomy":"product_cat","embeddable":true,"href":"https:\/\/stoic-curie.212-227-153-4.plesk.page\/hr\/wp-json\/wp\/v2\/product_cat?post=744252"},{"taxonomy":"product_tag","embeddable":true,"href":"https:\/\/stoic-curie.212-227-153-4.plesk.page\/hr\/wp-json\/wp\/v2\/product_tag?post=744252"}],"curies":[{"name":"wp","href":"https:\/\/api.w.org\/{rel}","templated":true}]}}