{"id":744258,"date":"2025-03-03T19:02:42","date_gmt":"2025-03-03T18:02:42","guid":{"rendered":"https:\/\/stoic-curie.212-227-153-4.plesk.page\/producto\/resetka-od-tikovine-za-vitrifrigo-macs-300-x-150mm\/"},"modified":"2026-02-25T00:01:13","modified_gmt":"2026-02-25T00:01:13","slug":"resetka-od-tikovine-za-vitrifrigo-macs-300-x-150mm","status":"publish","type":"product","link":"https:\/\/stoic-curie.212-227-153-4.plesk.page\/hr\/product\/resetka-od-tikovine-za-vitrifrigo-macs-300-x-150mm\/","title":{"rendered":"Re\u0161etka od tikovine za Vitrifrigo Macs 300 x 150mm"},"content":{"rendered":"<p>Re\u0161etka od tikovine za Vitrifrigo Macs 300 x 150mm &#8211; <\/p>\n<p>Mre\u017ee za opskrbu s okvirima od tikovine za sustave klimatizacije. Povezati s zra\u010dnim kanalom putem razdjelnika zraka i prstenom za u\u010dvr\u0161\u0107ivanje crijeva.<\/p>\n","protected":false},"excerpt":{"rendered":"<p>Re\u0161etka od tikovine za Vitrifrigo Macs 300 x 150mm &#8211; Mre\u017ee za opskrbu s okvirima od tikovine za sustave klimatizacije.<\/p>\n","protected":false},"featured_media":5946269,"comment_status":"open","ping_status":"closed","template":"","meta":[],"product_brand":[3526],"product_cat":[1647],"product_tag":[],"class_list":{"0":"post-744258","1":"product","2":"type-product","3":"status-publish","4":"has-post-thumbnail","6":"product_brand-vitrifrigo-hr","7":"product_cat-uredaji-za-brodske-kuhinje","9":"first","10":"instock","11":"shipping-taxable","12":"purchasable","13":"product-type-simple"},"_links":{"self":[{"href":"https:\/\/stoic-curie.212-227-153-4.plesk.page\/hr\/wp-json\/wp\/v2\/product\/744258","targetHints":{"allow":["GET"]}}],"collection":[{"href":"https:\/\/stoic-curie.212-227-153-4.plesk.page\/hr\/wp-json\/wp\/v2\/product"}],"about":[{"href":"https:\/\/stoic-curie.212-227-153-4.plesk.page\/hr\/wp-json\/wp\/v2\/types\/product"}],"replies":[{"embeddable":true,"href":"https:\/\/stoic-curie.212-227-153-4.plesk.page\/hr\/wp-json\/wp\/v2\/comments?post=744258"}],"version-history":[{"count":0,"href":"https:\/\/stoic-curie.212-227-153-4.plesk.page\/hr\/wp-json\/wp\/v2\/product\/744258\/revisions"}],"wp:featuredmedia":[{"embeddable":true,"href":"https:\/\/stoic-curie.212-227-153-4.plesk.page\/hr\/wp-json\/wp\/v2\/media\/5946269"}],"wp:attachment":[{"href":"https:\/\/stoic-curie.212-227-153-4.plesk.page\/hr\/wp-json\/wp\/v2\/media?parent=744258"}],"wp:term":[{"taxonomy":"product_brand","embeddable":true,"href":"https:\/\/stoic-curie.212-227-153-4.plesk.page\/hr\/wp-json\/wp\/v2\/product_brand?post=744258"},{"taxonomy":"product_cat","embeddable":true,"href":"https:\/\/stoic-curie.212-227-153-4.plesk.page\/hr\/wp-json\/wp\/v2\/product_cat?post=744258"},{"taxonomy":"product_tag","embeddable":true,"href":"https:\/\/stoic-curie.212-227-153-4.plesk.page\/hr\/wp-json\/wp\/v2\/product_tag?post=744258"}],"curies":[{"name":"wp","href":"https:\/\/api.w.org\/{rel}","templated":true}]}}