{"id":744267,"date":"2025-03-03T19:02:45","date_gmt":"2025-03-03T18:02:45","guid":{"rendered":"https:\/\/stoic-curie.212-227-153-4.plesk.page\/producto\/sajla-kormilarskog-uredaja-riviera-t01-2-14mt\/"},"modified":"2026-02-25T00:01:13","modified_gmt":"2026-02-25T00:01:13","slug":"sajla-kormilarskog-uredaja-riviera-t01-2-14mt","status":"publish","type":"product","link":"https:\/\/stoic-curie.212-227-153-4.plesk.page\/hr\/product\/sajla-kormilarskog-uredaja-riviera-t01-2-14mt\/","title":{"rendered":"Sajla kormilarskog ure\u0111aja Riviera T01 2.14mt"},"content":{"rendered":"<p>Sajla kormilarskog ure\u0111aja Riviera T01 2.14mt &#8211; <\/p>\n<p>T01 upravlja\u010dki kabel za pomicanje\/povla\u010denje za mehani\u010dke sustave upravljanja Riviera MD45. S konektorom navojne ovojnice, radijus savijanja od 200 mm, hod od 224 mm i promjer ovojnice od 14 mm. Povezivanje je kompatibilno s drugim mehani\u010dkim sustavima upravljanja na tr\u017ei\u0161tu.<\/p>\n","protected":false},"excerpt":{"rendered":"<p>Sajla kormilarskog ure\u0111aja Riviera T01 2.14mt &#8211; T01 upravlja\u010dki kabel za pomicanje\/povla\u010denje za mehani\u010dke sustave upravljanja Riviera MD45. S konektorom<\/p>\n","protected":false},"featured_media":5946277,"comment_status":"open","ping_status":"closed","template":"","meta":[],"product_brand":[3306],"product_cat":[1828],"product_tag":[],"class_list":{"0":"post-744267","1":"product","2":"type-product","3":"status-publish","4":"has-post-thumbnail","6":"product_brand-riviera-hr","7":"product_cat-kormilarski-uredaji-sa-sajlom","9":"first","10":"instock","11":"shipping-taxable","12":"purchasable","13":"product-type-simple"},"_links":{"self":[{"href":"https:\/\/stoic-curie.212-227-153-4.plesk.page\/hr\/wp-json\/wp\/v2\/product\/744267","targetHints":{"allow":["GET"]}}],"collection":[{"href":"https:\/\/stoic-curie.212-227-153-4.plesk.page\/hr\/wp-json\/wp\/v2\/product"}],"about":[{"href":"https:\/\/stoic-curie.212-227-153-4.plesk.page\/hr\/wp-json\/wp\/v2\/types\/product"}],"replies":[{"embeddable":true,"href":"https:\/\/stoic-curie.212-227-153-4.plesk.page\/hr\/wp-json\/wp\/v2\/comments?post=744267"}],"version-history":[{"count":0,"href":"https:\/\/stoic-curie.212-227-153-4.plesk.page\/hr\/wp-json\/wp\/v2\/product\/744267\/revisions"}],"wp:featuredmedia":[{"embeddable":true,"href":"https:\/\/stoic-curie.212-227-153-4.plesk.page\/hr\/wp-json\/wp\/v2\/media\/5946277"}],"wp:attachment":[{"href":"https:\/\/stoic-curie.212-227-153-4.plesk.page\/hr\/wp-json\/wp\/v2\/media?parent=744267"}],"wp:term":[{"taxonomy":"product_brand","embeddable":true,"href":"https:\/\/stoic-curie.212-227-153-4.plesk.page\/hr\/wp-json\/wp\/v2\/product_brand?post=744267"},{"taxonomy":"product_cat","embeddable":true,"href":"https:\/\/stoic-curie.212-227-153-4.plesk.page\/hr\/wp-json\/wp\/v2\/product_cat?post=744267"},{"taxonomy":"product_tag","embeddable":true,"href":"https:\/\/stoic-curie.212-227-153-4.plesk.page\/hr\/wp-json\/wp\/v2\/product_tag?post=744267"}],"curies":[{"name":"wp","href":"https:\/\/api.w.org\/{rel}","templated":true}]}}