{"id":744292,"date":"2025-03-03T19:06:20","date_gmt":"2025-03-03T18:06:20","guid":{"rendered":"https:\/\/stoic-curie.212-227-153-4.plesk.page\/producto\/sajla-kormilarskog-uredaja-riviera-t02-5-49mt\/"},"modified":"2026-02-25T00:01:13","modified_gmt":"2026-02-25T00:01:13","slug":"sajla-kormilarskog-uredaja-riviera-t02-5-49mt","status":"publish","type":"product","link":"https:\/\/stoic-curie.212-227-153-4.plesk.page\/hr\/product\/sajla-kormilarskog-uredaja-riviera-t02-5-49mt\/","title":{"rendered":"Sajla kormilarskog ure\u0111aja Riviera T02 5.49mt"},"content":{"rendered":"<p>Sajla kormilarskog ure\u0111aja Riviera T02 5.49mt &#8211; <\/p>\n<p>T02 kabel za kontrolu povla\u010denja\/guranja za mehani\u010dke sustave upravljanja Riviera MDA100. Radijus savijanja 200 mm, hod 224 mm i promjer ovojnice 16 mm. Spojivost s drugim mehani\u010dkim sustavima upravljanja na tr\u017ei\u0161tu.<\/p>\n","protected":false},"excerpt":{"rendered":"<p>Sajla kormilarskog ure\u0111aja Riviera T02 5.49mt &#8211; T02 kabel za kontrolu povla\u010denja\/guranja za mehani\u010dke sustave upravljanja Riviera MDA100. Radijus savijanja<\/p>\n","protected":false},"featured_media":5946278,"comment_status":"open","ping_status":"closed","template":"","meta":[],"product_brand":[3306],"product_cat":[1828],"product_tag":[],"class_list":{"0":"post-744292","1":"product","2":"type-product","3":"status-publish","4":"has-post-thumbnail","6":"product_brand-riviera-hr","7":"product_cat-kormilarski-uredaji-sa-sajlom","9":"first","10":"instock","11":"shipping-taxable","12":"purchasable","13":"product-type-simple"},"_links":{"self":[{"href":"https:\/\/stoic-curie.212-227-153-4.plesk.page\/hr\/wp-json\/wp\/v2\/product\/744292","targetHints":{"allow":["GET"]}}],"collection":[{"href":"https:\/\/stoic-curie.212-227-153-4.plesk.page\/hr\/wp-json\/wp\/v2\/product"}],"about":[{"href":"https:\/\/stoic-curie.212-227-153-4.plesk.page\/hr\/wp-json\/wp\/v2\/types\/product"}],"replies":[{"embeddable":true,"href":"https:\/\/stoic-curie.212-227-153-4.plesk.page\/hr\/wp-json\/wp\/v2\/comments?post=744292"}],"version-history":[{"count":0,"href":"https:\/\/stoic-curie.212-227-153-4.plesk.page\/hr\/wp-json\/wp\/v2\/product\/744292\/revisions"}],"wp:featuredmedia":[{"embeddable":true,"href":"https:\/\/stoic-curie.212-227-153-4.plesk.page\/hr\/wp-json\/wp\/v2\/media\/5946278"}],"wp:attachment":[{"href":"https:\/\/stoic-curie.212-227-153-4.plesk.page\/hr\/wp-json\/wp\/v2\/media?parent=744292"}],"wp:term":[{"taxonomy":"product_brand","embeddable":true,"href":"https:\/\/stoic-curie.212-227-153-4.plesk.page\/hr\/wp-json\/wp\/v2\/product_brand?post=744292"},{"taxonomy":"product_cat","embeddable":true,"href":"https:\/\/stoic-curie.212-227-153-4.plesk.page\/hr\/wp-json\/wp\/v2\/product_cat?post=744292"},{"taxonomy":"product_tag","embeddable":true,"href":"https:\/\/stoic-curie.212-227-153-4.plesk.page\/hr\/wp-json\/wp\/v2\/product_tag?post=744292"}],"curies":[{"name":"wp","href":"https:\/\/api.w.org\/{rel}","templated":true}]}}