{"id":744296,"date":"2025-03-03T19:06:21","date_gmt":"2025-03-03T18:06:21","guid":{"rendered":"https:\/\/stoic-curie.212-227-153-4.plesk.page\/producto\/paguro-4-my-3-5kw-yanmar\/"},"modified":"2026-02-25T00:01:13","modified_gmt":"2026-02-25T00:01:13","slug":"paguro-4-my-3-5kw-yanmar","status":"publish","type":"product","link":"https:\/\/stoic-curie.212-227-153-4.plesk.page\/hr\/product\/paguro-4-my-3-5kw-yanmar\/","title":{"rendered":"Paguro 4 my 3.5kw Yanmar"},"content":{"rendered":"<p>Paguro 4 my 3.5kw Yanmar &#8211; <\/p>\n<p>Paguro generator pokre\u0107e Yanmar dizel motor s vodom hla\u0111enim alternatorom. Alternator bez \u010detkica i sinkroni. Idealno za kori\u0161tenje koje zahtijeva visoku struju pri pokretanju. Marinizirane komponente i zvu\u010dno izoliran fiberglasni kutija. Kompletan s daljinskim upravlja\u010dem s 15 m \u017eice, mjera\u010dem sati, automatskim zaustavljanjem u slu\u010daju nu\u017ede\/kvara i kitom za vijke protiv vibracija.<\/p>\n<p><strong style=\"color: rgb(34, 34, 34); font-family: Arial, Helvetica, sans-serif; font-size: small;\">PAGURO 4 MY \u2013 4 KVA 3.5 KW<\/strong><\/p>\n<p style=\"color: rgb(34, 34, 34); font-family: Arial, Helvetica, sans-serif; font-size: small;\">Predstavljamo PAGURO 4 MY generator, izvanredno in\u017eenjersko djelo koje se isti\u010de na pomorskom tr\u017ei\u0161tu zbog svoje izvanredne izvedbe i kompaktnog dizajna. Ovaj generator opremljen je permanetnim magnetnim alternatorom koji pru\u017ea neprekidno izlazno napajanje od 3.5 kW uz izvanredno laganu te\u017einu od samo 60 kg. Pokre\u0107e ga visoko u\u010dinkoviti motor s jednim cilindrom Yanmar L70, \u0161to ga \u010dini najmanjim i najlak\u0161im generatorom koji je trenutno dostupan za pomorske primjene. Ova kombinacija snage i prenosivosti \u010dini ga idealnim izborom za vlasnike brodova koji tra\u017ee pouzdana rje\u0161enja za energiju na vodi.<\/p>\n<p style=\"color: rgb(34, 34, 34); font-family: Arial, Helvetica, sans-serif; font-size: small;\"><strong>ALTERNATOR<\/strong><\/p>\n<p style=\"color: rgb(34, 34, 34); font-family: Arial, Helvetica, sans-serif; font-size: small;\">U srcu PAGURO 4 MY je njegov napredni alternator s trajnim magnetima (PMG), koji je dizajniran da bude kompaktan i lagan. Ovaj inovativni alternator je spojen na elektroni\u010dku kontrolnu kutiju koja jam\u010di proizvodnju \u010diste sinusne valne izbijanja. Ova zna\u010dajka je osobito va\u017ena za one koji se oslanjaju na osjetljive elektroni\u010dke ure\u0111aje, jer osigurava da primaju stabilnu i sigurnu struju. Osim toga, generator uklju\u010duje posve\u0107eni punja\u010d baterije za startnu bateriju, isporu\u010duju\u0107i 12 V pri 8 A, \u010dime se pobolj\u0161ava njegova funkcionalnost. Izolacija alternatora je ocijenjena kao Klasa H, \u0161to osigurava da je dizajniran za izdr\u017eljivost u pomorskom okru\u017eenju, pru\u017eaju\u0107i trajnost i pouzdanost tijekom vremena.<\/p>\n<p style=\"color: rgb(34, 34, 34); font-family: Arial, Helvetica, sans-serif; font-size: small;\"><strong>MOTOR<\/strong><\/p>\n<p style=\"color: rgb(34, 34, 34); font-family: Arial, Helvetica, sans-serif; font-size: small;\">Motor PAGURO 4 MY radi na dizelsko gorivo i ima jednocilindri\u010dni, \u010detverotaktni dizajn. Ova konfiguracija ne samo da doprinosi njegovoj kompaktnosti, nego i pobolj\u0161ava njegovu u\u010dinkovitost. Motor je opremljen izmjenjiva\u010dem topline od visokokvalitetnog nehr\u0111aju\u0107eg \u010delika, koji u\u010dinkovito prenosi toplinu izme\u0111u vode i zraka, osiguravaju\u0107i optimalne performanse i dugovje\u010dnost.<\/p>\n<p style=\"color: rgb(34, 34, 34); font-family: Arial, Helvetica, sans-serif; font-size: small;\"><strong>IZOLIRANA KAPSULA<\/strong><\/p>\n<p style=\"color: rgb(34, 34, 34); font-family: Arial, Helvetica, sans-serif; font-size: small;\">Jedna od istaknutih zna\u010dajki PAGURO 4 MY je njegova zvu\u010dna izolacijska kapsula, koja je izra\u0111ena od vi\u0161eslojnog GRP-a (stakloplasti\u010dnog materijala). Ovaj visokodenski materijal je posebno dizajniran za u\u010dinkovito apsorbiranje zvukova, \u010dine\u0107i generator ti\u0161im tijekom rada. Kapsula je dodatno pobolj\u0161ana toplinskom izolacijskom pjenom, koja doprinosi cjelokupnoj u\u010dinkovitosti. Osmi\u0161ljena s prakti\u010dno\u0161\u0107u na umu, zvu\u010dna izolacijska kapsula se dijeli na dva dijela, omogu\u0107uju\u0107i jednostavan pristup generatoru za odr\u017eavanje, \u010dak i u sku\u010denim prostorima. Uz to, uklju\u010duje dvostruki sustav protiv vibracija, koji se sastoji od \u010detiri unutarnja mekanih amortizera i \u010detiri motora pri\u010dvr\u0161\u0107ena vanjak kapsule. Ovaj inovativni dizajn osigurava minimalnu buku i vibracije tijekom rada, pru\u017eaju\u0107i ugodnije iskustvo za vlasnike \u010damaca i njihove goste.<\/p>\n<p style=\"color: rgb(34, 34, 34); font-family: Arial, Helvetica, sans-serif; font-size: small;\"><strong>Sa\u017eetak:<\/strong> Gener\u00e1tor PAGURO 4 MY je izvanredan izbor za one koji trebaju pouzdano, u\u010dinkovito i kompaktno izvor energije za svoje pomorske avanture.<\/p>\n","protected":false},"excerpt":{"rendered":"<p>Paguro 4 my 3.5kw Yanmar &#8211; Paguro generator pokre\u0107e Yanmar dizel motor s vodom hla\u0111enim alternatorom. Alternator bez \u010detkica i<\/p>\n","protected":false},"featured_media":5946281,"comment_status":"open","ping_status":"closed","template":"","meta":[],"product_brand":[3241],"product_cat":[1728],"product_tag":[],"class_list":{"0":"post-744296","1":"product","2":"type-product","3":"status-publish","4":"has-post-thumbnail","6":"product_brand-paguro-hr","7":"product_cat-brodski-generatori","9":"first","10":"instock","11":"shipping-taxable","12":"purchasable","13":"product-type-simple"},"_links":{"self":[{"href":"https:\/\/stoic-curie.212-227-153-4.plesk.page\/hr\/wp-json\/wp\/v2\/product\/744296","targetHints":{"allow":["GET"]}}],"collection":[{"href":"https:\/\/stoic-curie.212-227-153-4.plesk.page\/hr\/wp-json\/wp\/v2\/product"}],"about":[{"href":"https:\/\/stoic-curie.212-227-153-4.plesk.page\/hr\/wp-json\/wp\/v2\/types\/product"}],"replies":[{"embeddable":true,"href":"https:\/\/stoic-curie.212-227-153-4.plesk.page\/hr\/wp-json\/wp\/v2\/comments?post=744296"}],"version-history":[{"count":0,"href":"https:\/\/stoic-curie.212-227-153-4.plesk.page\/hr\/wp-json\/wp\/v2\/product\/744296\/revisions"}],"wp:featuredmedia":[{"embeddable":true,"href":"https:\/\/stoic-curie.212-227-153-4.plesk.page\/hr\/wp-json\/wp\/v2\/media\/5946281"}],"wp:attachment":[{"href":"https:\/\/stoic-curie.212-227-153-4.plesk.page\/hr\/wp-json\/wp\/v2\/media?parent=744296"}],"wp:term":[{"taxonomy":"product_brand","embeddable":true,"href":"https:\/\/stoic-curie.212-227-153-4.plesk.page\/hr\/wp-json\/wp\/v2\/product_brand?post=744296"},{"taxonomy":"product_cat","embeddable":true,"href":"https:\/\/stoic-curie.212-227-153-4.plesk.page\/hr\/wp-json\/wp\/v2\/product_cat?post=744296"},{"taxonomy":"product_tag","embeddable":true,"href":"https:\/\/stoic-curie.212-227-153-4.plesk.page\/hr\/wp-json\/wp\/v2\/product_tag?post=744296"}],"curies":[{"name":"wp","href":"https:\/\/api.w.org\/{rel}","templated":true}]}}