{"id":744301,"date":"2025-03-03T19:06:22","date_gmt":"2025-03-03T18:06:22","guid":{"rendered":"https:\/\/stoic-curie.212-227-153-4.plesk.page\/producto\/morse-rucica-riviera-cm03-crno\/"},"modified":"2026-02-25T00:01:13","modified_gmt":"2026-02-25T00:01:13","slug":"morse-rucica-riviera-cm03-crno","status":"publish","type":"product","link":"https:\/\/stoic-curie.212-227-153-4.plesk.page\/hr\/product\/morse-rucica-riviera-cm03-crno\/","title":{"rendered":"Morse ru\u010dica Riviera CM03 Crno"},"content":{"rendered":"<p>Morse ru\u010dica Riviera CM03 Crno &#8211; <\/p>\n<p>Dvostruka akcija vanjske monta\u017ee na zidu s jednim polugom za kontrolu gasa i prijenosa, idealno za jedrilice. Ugradnja na uvu\u010deni zid, Eltex ku\u0107i\u0161te s mehani\u010dkim dijelovima od Delrin 100 i nehr\u0111aju\u0107eg \u010delika. Putanja akceleratora od 88 mm s promjenjivim smjerom i ubrzanjem u neutralnom polo\u017eaju. Putanja inverterskog ure\u0111aja od 68 do 76 mm. Koristi F02\/F08\/F05\/F14 kabele.<\/p>\n","protected":false},"excerpt":{"rendered":"<p>Morse ru\u010dica Riviera CM03 Crno &#8211; Dvostruka akcija vanjske monta\u017ee na zidu s jednim polugom za kontrolu gasa i prijenosa,<\/p>\n","protected":false},"featured_media":5946289,"comment_status":"open","ping_status":"closed","template":"","meta":[],"product_brand":[3306],"product_cat":[1791],"product_tag":[],"class_list":{"0":"post-744301","1":"product","2":"type-product","3":"status-publish","4":"has-post-thumbnail","6":"product_brand-riviera-hr","7":"product_cat-morse-poluge-gasa","9":"first","10":"instock","11":"shipping-taxable","12":"purchasable","13":"product-type-simple"},"_links":{"self":[{"href":"https:\/\/stoic-curie.212-227-153-4.plesk.page\/hr\/wp-json\/wp\/v2\/product\/744301","targetHints":{"allow":["GET"]}}],"collection":[{"href":"https:\/\/stoic-curie.212-227-153-4.plesk.page\/hr\/wp-json\/wp\/v2\/product"}],"about":[{"href":"https:\/\/stoic-curie.212-227-153-4.plesk.page\/hr\/wp-json\/wp\/v2\/types\/product"}],"replies":[{"embeddable":true,"href":"https:\/\/stoic-curie.212-227-153-4.plesk.page\/hr\/wp-json\/wp\/v2\/comments?post=744301"}],"version-history":[{"count":0,"href":"https:\/\/stoic-curie.212-227-153-4.plesk.page\/hr\/wp-json\/wp\/v2\/product\/744301\/revisions"}],"wp:featuredmedia":[{"embeddable":true,"href":"https:\/\/stoic-curie.212-227-153-4.plesk.page\/hr\/wp-json\/wp\/v2\/media\/5946289"}],"wp:attachment":[{"href":"https:\/\/stoic-curie.212-227-153-4.plesk.page\/hr\/wp-json\/wp\/v2\/media?parent=744301"}],"wp:term":[{"taxonomy":"product_brand","embeddable":true,"href":"https:\/\/stoic-curie.212-227-153-4.plesk.page\/hr\/wp-json\/wp\/v2\/product_brand?post=744301"},{"taxonomy":"product_cat","embeddable":true,"href":"https:\/\/stoic-curie.212-227-153-4.plesk.page\/hr\/wp-json\/wp\/v2\/product_cat?post=744301"},{"taxonomy":"product_tag","embeddable":true,"href":"https:\/\/stoic-curie.212-227-153-4.plesk.page\/hr\/wp-json\/wp\/v2\/product_tag?post=744301"}],"curies":[{"name":"wp","href":"https:\/\/api.w.org\/{rel}","templated":true}]}}