{"id":744303,"date":"2025-03-03T19:06:23","date_gmt":"2025-03-03T18:06:23","guid":{"rendered":"https:\/\/stoic-curie.212-227-153-4.plesk.page\/producto\/kabel-za-upravljanje-vanbrodskim-i-ugradenim-motorima-riviera-f08-7-33mt\/"},"modified":"2026-02-25T00:01:13","modified_gmt":"2026-02-25T00:01:13","slug":"kabel-za-upravljanje-vanbrodskim-i-ugradenim-motorima-riviera-f08-7-33mt","status":"publish","type":"product","link":"https:\/\/stoic-curie.212-227-153-4.plesk.page\/hr\/product\/kabel-za-upravljanje-vanbrodskim-i-ugradenim-motorima-riviera-f08-7-33mt\/","title":{"rendered":"Kabel za upravljanje vanbrodskim i ugra\u0111enim motorima Riviera F08 7.33mt"},"content":{"rendered":"<p>Kabel za upravljanje vanbrodskim i ugra\u0111enim motorima Riviera F08 7.33mt &#8211; <\/p>\n<p>Univerzalni kabeli daljinskog upravlja\u010da za sve unutarnje, vanjske i zastore motorne pogone s odgovaraju\u0107im dodacima. 10-32 UNF navojni nehr\u0111aju\u0107i \u010deli\u010dni terminali, 2 mm nehr\u0111aju\u0107i \u010delik jezgra, hod od 88 mm i promjer ovojnice od 8 mm.<\/p>\n","protected":false},"excerpt":{"rendered":"<p>Kabel za upravljanje vanbrodskim i ugra\u0111enim motorima Riviera F08 7.33mt &#8211; Univerzalni kabeli daljinskog upravlja\u010da za sve unutarnje, vanjske i<\/p>\n","protected":false},"featured_media":5946294,"comment_status":"open","ping_status":"closed","template":"","meta":[],"product_brand":[2160,3306],"product_cat":[1784],"product_tag":[],"class_list":{"0":"post-744303","1":"product","2":"type-product","3":"status-publish","4":"has-post-thumbnail","6":"product_brand-riviera","7":"product_brand-riviera-hr","8":"product_cat-morse-kabeli-za-upravljanje-motorom","10":"first","11":"instock","12":"shipping-taxable","13":"purchasable","14":"product-type-simple"},"_links":{"self":[{"href":"https:\/\/stoic-curie.212-227-153-4.plesk.page\/hr\/wp-json\/wp\/v2\/product\/744303","targetHints":{"allow":["GET"]}}],"collection":[{"href":"https:\/\/stoic-curie.212-227-153-4.plesk.page\/hr\/wp-json\/wp\/v2\/product"}],"about":[{"href":"https:\/\/stoic-curie.212-227-153-4.plesk.page\/hr\/wp-json\/wp\/v2\/types\/product"}],"replies":[{"embeddable":true,"href":"https:\/\/stoic-curie.212-227-153-4.plesk.page\/hr\/wp-json\/wp\/v2\/comments?post=744303"}],"version-history":[{"count":0,"href":"https:\/\/stoic-curie.212-227-153-4.plesk.page\/hr\/wp-json\/wp\/v2\/product\/744303\/revisions"}],"wp:featuredmedia":[{"embeddable":true,"href":"https:\/\/stoic-curie.212-227-153-4.plesk.page\/hr\/wp-json\/wp\/v2\/media\/5946294"}],"wp:attachment":[{"href":"https:\/\/stoic-curie.212-227-153-4.plesk.page\/hr\/wp-json\/wp\/v2\/media?parent=744303"}],"wp:term":[{"taxonomy":"product_brand","embeddable":true,"href":"https:\/\/stoic-curie.212-227-153-4.plesk.page\/hr\/wp-json\/wp\/v2\/product_brand?post=744303"},{"taxonomy":"product_cat","embeddable":true,"href":"https:\/\/stoic-curie.212-227-153-4.plesk.page\/hr\/wp-json\/wp\/v2\/product_cat?post=744303"},{"taxonomy":"product_tag","embeddable":true,"href":"https:\/\/stoic-curie.212-227-153-4.plesk.page\/hr\/wp-json\/wp\/v2\/product_tag?post=744303"}],"curies":[{"name":"wp","href":"https:\/\/api.w.org\/{rel}","templated":true}]}}