{"id":744311,"date":"2025-03-03T19:06:25","date_gmt":"2025-03-03T18:06:25","guid":{"rendered":"https:\/\/stoic-curie.212-227-153-4.plesk.page\/producto\/nehrdajuci-sidreni-konektor-sidermarine-g70-10-12-mm-8500-kg\/"},"modified":"2026-02-25T00:01:13","modified_gmt":"2026-02-25T00:01:13","slug":"nehrdajuci-sidreni-konektor-sidermarine-g70-10-12-mm-8500-kg","status":"publish","type":"product","link":"https:\/\/stoic-curie.212-227-153-4.plesk.page\/hr\/product\/nehrdajuci-sidreni-konektor-sidermarine-g70-10-12-mm-8500-kg\/","title":{"rendered":"Nehr\u0111aju\u0107i sidreni konektor SiderMarine G70 10-12 mm 8500 kg"},"content":{"rendered":"<p>Nehr\u0111aju\u0107i sidreni konektor SiderMarine G70 10-12 mm 8500 kg &#8211; <\/p>\n<p>SiderMarine spojni element za sidra osigurava potpunu sigurnost za plovilo i posadu. Idealno za sidra i lance s visokom razinom pucanja. Bo\u010dni savijaju\u0107i teret uglavnom je jednak vertikalnom.<br \/>&#8211; Visoko otporna kovana tijela od nehr\u0111aju\u0107eg \u010delika s automatski zaklju\u010danim vratilima<br \/>&#8211; 174-PH nehr\u0111aju\u0107i \u010deli\u010dni pinovi s 3 puta ve\u0107im optere\u0107enjem od 316 nehr\u0111aju\u0107eg \u010delika<br \/>&#8211; Pinovi za lance s antikucalnim bron\u010danim le\u017eajevima<br \/>&#8211; Rotacija na specijalnom visoko otporanom bron\u010danom prstenu<br \/>&#8211; Potpuno pregledno za provjere i \u010di\u0161\u0107enje<\/p>\n","protected":false},"excerpt":{"rendered":"<p>Nehr\u0111aju\u0107i sidreni konektor SiderMarine G70 10-12 mm 8500 kg &#8211; SiderMarine spojni element za sidra osigurava potpunu sigurnost za plovilo<\/p>\n","protected":false},"featured_media":5943751,"comment_status":"open","ping_status":"closed","template":"","meta":[],"product_brand":[3386],"product_cat":[1865],"product_tag":[],"class_list":{"0":"post-744311","1":"product","2":"type-product","3":"status-publish","4":"has-post-thumbnail","6":"product_brand-sidermarine-hr","7":"product_cat-vrtuljci-za-sidra","9":"first","10":"instock","11":"shipping-taxable","12":"purchasable","13":"product-type-simple"},"_links":{"self":[{"href":"https:\/\/stoic-curie.212-227-153-4.plesk.page\/hr\/wp-json\/wp\/v2\/product\/744311","targetHints":{"allow":["GET"]}}],"collection":[{"href":"https:\/\/stoic-curie.212-227-153-4.plesk.page\/hr\/wp-json\/wp\/v2\/product"}],"about":[{"href":"https:\/\/stoic-curie.212-227-153-4.plesk.page\/hr\/wp-json\/wp\/v2\/types\/product"}],"replies":[{"embeddable":true,"href":"https:\/\/stoic-curie.212-227-153-4.plesk.page\/hr\/wp-json\/wp\/v2\/comments?post=744311"}],"version-history":[{"count":0,"href":"https:\/\/stoic-curie.212-227-153-4.plesk.page\/hr\/wp-json\/wp\/v2\/product\/744311\/revisions"}],"wp:featuredmedia":[{"embeddable":true,"href":"https:\/\/stoic-curie.212-227-153-4.plesk.page\/hr\/wp-json\/wp\/v2\/media\/5943751"}],"wp:attachment":[{"href":"https:\/\/stoic-curie.212-227-153-4.plesk.page\/hr\/wp-json\/wp\/v2\/media?parent=744311"}],"wp:term":[{"taxonomy":"product_brand","embeddable":true,"href":"https:\/\/stoic-curie.212-227-153-4.plesk.page\/hr\/wp-json\/wp\/v2\/product_brand?post=744311"},{"taxonomy":"product_cat","embeddable":true,"href":"https:\/\/stoic-curie.212-227-153-4.plesk.page\/hr\/wp-json\/wp\/v2\/product_cat?post=744311"},{"taxonomy":"product_tag","embeddable":true,"href":"https:\/\/stoic-curie.212-227-153-4.plesk.page\/hr\/wp-json\/wp\/v2\/product_tag?post=744311"}],"curies":[{"name":"wp","href":"https:\/\/api.w.org\/{rel}","templated":true}]}}