{"id":744312,"date":"2025-03-03T19:06:25","date_gmt":"2025-03-03T18:06:25","guid":{"rendered":"https:\/\/stoic-curie.212-227-153-4.plesk.page\/producto\/amortizeri-sidermarine-mpp-k-do-16tona\/"},"modified":"2026-02-25T00:01:13","modified_gmt":"2026-02-25T00:01:13","slug":"amortizeri-sidermarine-mpp-k-do-16tona","status":"publish","type":"product","link":"https:\/\/stoic-curie.212-227-153-4.plesk.page\/hr\/product\/amortizeri-sidermarine-mpp-k-do-16tona\/","title":{"rendered":"Sidermarine MK45 hibrid za 4 do 16 tona"},"content":{"rendered":"<p>Sidermarine MK45 hibrid za 4 do 16 tona &#8211; <\/p>\n<p style=\"color: rgb(34, 34, 34); font-family: Arial, Helvetica, sans-serif; font-size: small;\">Morska opruga MK 45 Hybrid<\/p>\n<p style=\"color: rgb(34, 34, 34); font-family: Arial, Helvetica, sans-serif; font-size: small;\">Morska opruga MK 45 Hybrid dizajnirana je za \u010damce te\u017eine izme\u0111u 4 i 16 tona.<\/p>\n<p style=\"color: rgb(34, 34, 34); font-family: Arial, Helvetica, sans-serif; font-size: small;\">Ova opruga sadr\u017ei elastomere koji pobolj\u0161avaju njezinu inercijalnu optere\u0107enost, pru\u017eaju\u0107i nekoliko klju\u010dnih prednosti:<\/p>\n<ul style=\"color: rgb(34, 34, 34); font-family: Arial, Helvetica, sans-serif; font-size: small;\">\n<li>Progresivna prigu\u0161na sila<\/li>\n<li>Tih rad i otpornost na stres<\/li>\n<li>Unutarnji dijelovi izra\u0111eni od 316 nehr\u0111aju\u0107eg \u010delika, bez zavarenih spojeva<\/li>\n<li>Pouzdana izvedba u \u0161irokom temperaturnom rasponu, od -20\u00b0 do +80\u00b0<\/li>\n<\/ul>\n<p style=\"color: rgb(34, 34, 34); font-family: Arial, Helvetica, sans-serif; font-size: small;\">Patentirani MK Hybrid apsorberi udaraca koriste cilindri\u010dne elastomere koji sami po sebi nude visoko, neprogresivno inercijalno optere\u0107enje. Kada se kombiniraju s oprugom\u2014bila ona jedna sredi\u0161nja ili \u010detiri na svakom kraju\u2014pobolj\u0161avaju sposobnost sustava da izdr\u017ei zna\u010dajne stresove. Ovaj dizajn omogu\u0107uje progresivno kretanje koje se prilago\u0111ava kretanju \u010damca.<\/p>\n<p style=\"color: rgb(34, 34, 34); font-family: Arial, Helvetica, sans-serif; font-size: small;\">Ove morsko-prikupljaju\u0107e opruge posebno su razvijene za smanjenje napetosti u veznim linijama. One su jedino u\u010dinkovito rje\u0161enje za minimizaciju oscilacija \u010damca dok je vezan, osiguravaju\u0107i sigurnost pravilnim prigu\u0161ivanjem napetosti u linijama. Ovo zna\u010dajno smanjuje sile koje djeluju na stra\u017enje stege, stvaraju\u0107i stabilnije i ugodnije okru\u017eenje za korisnike.<\/p>\n<p style=\"color: rgb(34, 34, 34); font-family: Arial, Helvetica, sans-serif; font-size: small;\">Specifikacije:<\/p>\n<ul style=\"color: rgb(34, 34, 34); font-family: Arial, Helvetica, sans-serif; font-size: small;\">\n<li>Duljina: 96 x 452 mm (3.78 x 17.80 in\u010da)<\/li>\n<li>Te\u017eina: 6.5 kg (14.33 lb)<\/li>\n<li>Pogodno za \u010damce te\u017eine od 4 do 16 tona.<\/li>\n<\/ul>\n","protected":false},"excerpt":{"rendered":"<p>Sidermarine MK45 hibrid za 4 do 16 tona &#8211; Morska opruga MK 45 Hybrid Morska opruga MK 45 Hybrid dizajnirana<\/p>\n","protected":false},"featured_media":5946298,"comment_status":"open","ping_status":"closed","template":"","meta":[],"product_brand":[3386],"product_cat":[1624],"product_tag":[],"class_list":{"0":"post-744312","1":"product","2":"type-product","3":"status-publish","4":"has-post-thumbnail","6":"product_brand-sidermarine-hr","7":"product_cat-amortizeri-za-konope-za-vez","9":"first","10":"instock","11":"shipping-taxable","12":"purchasable","13":"product-type-simple"},"_links":{"self":[{"href":"https:\/\/stoic-curie.212-227-153-4.plesk.page\/hr\/wp-json\/wp\/v2\/product\/744312","targetHints":{"allow":["GET"]}}],"collection":[{"href":"https:\/\/stoic-curie.212-227-153-4.plesk.page\/hr\/wp-json\/wp\/v2\/product"}],"about":[{"href":"https:\/\/stoic-curie.212-227-153-4.plesk.page\/hr\/wp-json\/wp\/v2\/types\/product"}],"replies":[{"embeddable":true,"href":"https:\/\/stoic-curie.212-227-153-4.plesk.page\/hr\/wp-json\/wp\/v2\/comments?post=744312"}],"version-history":[{"count":0,"href":"https:\/\/stoic-curie.212-227-153-4.plesk.page\/hr\/wp-json\/wp\/v2\/product\/744312\/revisions"}],"wp:featuredmedia":[{"embeddable":true,"href":"https:\/\/stoic-curie.212-227-153-4.plesk.page\/hr\/wp-json\/wp\/v2\/media\/5946298"}],"wp:attachment":[{"href":"https:\/\/stoic-curie.212-227-153-4.plesk.page\/hr\/wp-json\/wp\/v2\/media?parent=744312"}],"wp:term":[{"taxonomy":"product_brand","embeddable":true,"href":"https:\/\/stoic-curie.212-227-153-4.plesk.page\/hr\/wp-json\/wp\/v2\/product_brand?post=744312"},{"taxonomy":"product_cat","embeddable":true,"href":"https:\/\/stoic-curie.212-227-153-4.plesk.page\/hr\/wp-json\/wp\/v2\/product_cat?post=744312"},{"taxonomy":"product_tag","embeddable":true,"href":"https:\/\/stoic-curie.212-227-153-4.plesk.page\/hr\/wp-json\/wp\/v2\/product_tag?post=744312"}],"curies":[{"name":"wp","href":"https:\/\/api.w.org\/{rel}","templated":true}]}}