{"id":744313,"date":"2025-03-03T19:06:25","date_gmt":"2025-03-03T18:06:25","guid":{"rendered":"https:\/\/stoic-curie.212-227-153-4.plesk.page\/producto\/amortizeri-sidermarine-mpp-k-do-20tons-440mm\/"},"modified":"2026-02-25T00:01:13","modified_gmt":"2026-02-25T00:01:13","slug":"amortizeri-sidermarine-mpp-k-do-20tons-440mm","status":"publish","type":"product","link":"https:\/\/stoic-curie.212-227-153-4.plesk.page\/hr\/product\/amortizeri-sidermarine-mpp-k-do-20tons-440mm\/","title":{"rendered":"Sidermarine MK50 hibrid za brodove od 16 do 20 tona"},"content":{"rendered":"<p>Sidermarine MK50 hibrid za brodove od 16 do 20 tona &#8211; <\/p>\n<p style=\"color: rgb(34, 34, 34); font-family: Arial, Helvetica, sans-serif; font-size: small;\">Predstavljamo MK 50 hibridnu mrtvu oprugu, koja je posebno dizajnirana za plovila te\u017eine izme\u0111u 16 i 20 tona. Ova mrtva opruga uklju\u010duje cilindri\u010dne elastomere koji pove\u0107avaju kapacitet nosivosti i pru\u017eaju progresivnu silu.<\/p>\n<p style=\"color: rgb(34, 34, 34); font-family: Arial, Helvetica, sans-serif; font-size: small;\">Istaknute zna\u010dajke:<\/p>\n<ul style=\"color: rgb(34, 34, 34); font-family: Arial, Helvetica, sans-serif; font-size: small;\">\n<li>Pru\u017ea progresivnu silu prigu\u0161enja<\/li>\n<li>Radi tiho i otporna je na stres<\/li>\n<li>Izra\u0111ena od unutarnjih komponenti od 316 nehr\u0111aju\u0107eg \u010delika, bez zavarivanja<\/li>\n<li>U\u010dinkovito funkcionira u temperaturnim rasponima od -20\u00b0 do +80\u00b0<\/li>\n<\/ul>\n<p style=\"color: rgb(34, 34, 34); font-family: Arial, Helvetica, sans-serif; font-size: small;\">Inovativni MK hibridni amortizeri koriste elastomere u cilindri\u010dnoj konfiguraciji, koji neovisno pru\u017eaju zna\u010dajno inertno optere\u0107enje. Kada se spoje s oprugom \u2014 bilo da se sastoji od jedne sredi\u0161nje opruge ili \u010detiri opruge na svakom kraju \u2014 ovi elementi zna\u010dajno pobolj\u0161avaju performanse pod velikim optere\u0107enjem. Ovaj pa\u017eljivo osmi\u0161ljen dizajn omogu\u0107ava progresivno kretanje koje se prilago\u0111ava specifi\u010dnim zahtjevima plovila.<\/p>\n<p style=\"color: rgb(34, 34, 34); font-family: Arial, Helvetica, sans-serif; font-size: small;\">Mrtve opruge igraju klju\u010dnu ulogu u smanjenju napetosti u uveznim konopcima. Predstavljaju naju\u010dinkovitiju metodu za smanjenje oscilacija plovila dok je prive\u017eeno, \u010dime se osigurava sigurnost apsorbiranjem napetosti u konopcima. Ova akcija zna\u010dajno smanjuje sile koje djeluju na stra\u017enje koloture, rezultiraju\u0107i stabilnijim i ugodnijim iskustvom za korisnike.<\/p>\n<p style=\"color: rgb(34, 34, 34); font-family: Arial, Helvetica, sans-serif; font-size: small;\">Specifikacije:<\/p>\n<ul style=\"color: rgb(34, 34, 34); font-family: Arial, Helvetica, sans-serif; font-size: small;\">\n<li>Dimenzije: 96 x 452 mm (3.78 x 17.80 in\u010da)<\/li>\n<li>Te\u017eina: 6.5 kg (14.33 lbs)<\/li>\n<li>Dizajnirana za plovila te\u017eine izme\u0111u 16 i 20 tona.<\/li>\n<\/ul>\n","protected":false},"excerpt":{"rendered":"<p>Sidermarine MK50 hibrid za brodove od 16 do 20 tona &#8211; Predstavljamo MK 50 hibridnu mrtvu oprugu, koja je posebno<\/p>\n","protected":false},"featured_media":5946299,"comment_status":"open","ping_status":"closed","template":"","meta":[],"product_brand":[3386],"product_cat":[1624],"product_tag":[],"class_list":{"0":"post-744313","1":"product","2":"type-product","3":"status-publish","4":"has-post-thumbnail","6":"product_brand-sidermarine-hr","7":"product_cat-amortizeri-za-konope-za-vez","9":"first","10":"instock","11":"shipping-taxable","12":"purchasable","13":"product-type-simple"},"_links":{"self":[{"href":"https:\/\/stoic-curie.212-227-153-4.plesk.page\/hr\/wp-json\/wp\/v2\/product\/744313","targetHints":{"allow":["GET"]}}],"collection":[{"href":"https:\/\/stoic-curie.212-227-153-4.plesk.page\/hr\/wp-json\/wp\/v2\/product"}],"about":[{"href":"https:\/\/stoic-curie.212-227-153-4.plesk.page\/hr\/wp-json\/wp\/v2\/types\/product"}],"replies":[{"embeddable":true,"href":"https:\/\/stoic-curie.212-227-153-4.plesk.page\/hr\/wp-json\/wp\/v2\/comments?post=744313"}],"version-history":[{"count":0,"href":"https:\/\/stoic-curie.212-227-153-4.plesk.page\/hr\/wp-json\/wp\/v2\/product\/744313\/revisions"}],"wp:featuredmedia":[{"embeddable":true,"href":"https:\/\/stoic-curie.212-227-153-4.plesk.page\/hr\/wp-json\/wp\/v2\/media\/5946299"}],"wp:attachment":[{"href":"https:\/\/stoic-curie.212-227-153-4.plesk.page\/hr\/wp-json\/wp\/v2\/media?parent=744313"}],"wp:term":[{"taxonomy":"product_brand","embeddable":true,"href":"https:\/\/stoic-curie.212-227-153-4.plesk.page\/hr\/wp-json\/wp\/v2\/product_brand?post=744313"},{"taxonomy":"product_cat","embeddable":true,"href":"https:\/\/stoic-curie.212-227-153-4.plesk.page\/hr\/wp-json\/wp\/v2\/product_cat?post=744313"},{"taxonomy":"product_tag","embeddable":true,"href":"https:\/\/stoic-curie.212-227-153-4.plesk.page\/hr\/wp-json\/wp\/v2\/product_tag?post=744313"}],"curies":[{"name":"wp","href":"https:\/\/api.w.org\/{rel}","templated":true}]}}