{"id":744314,"date":"2025-03-03T19:06:25","date_gmt":"2025-03-03T18:06:25","guid":{"rendered":"https:\/\/stoic-curie.212-227-153-4.plesk.page\/producto\/amortizeri-sidermarine-mpp-k-do-25tons-440mm\/"},"modified":"2026-02-25T00:01:13","modified_gmt":"2026-02-25T00:01:13","slug":"amortizeri-sidermarine-mpp-k-do-25tons-440mm","status":"publish","type":"product","link":"https:\/\/stoic-curie.212-227-153-4.plesk.page\/hr\/product\/amortizeri-sidermarine-mpp-k-do-25tons-440mm\/","title":{"rendered":"Sidermarine MK50s hibrid za 20 do 25 tona"},"content":{"rendered":"<p>Sidermarine MK50s hibrid za 20 do 25 tona &#8211; <\/p>\n<p style=\"color: rgb(34, 34, 34); font-family: Arial, Helvetica, sans-serif; font-size: small;\">Predstavljamo MK 50 Special Mooring Spring. Ova hibridna sidrena opruga dizajnirana je za plovila te\u0161ka izme\u0111u 20 i 25 tona. Sadr\u017ei cilindri\u010dne elastomere koji pobolj\u0161avaju inercijalno optere\u0107enje i osiguravaju progresivnu silu.<\/p>\n<p style=\"color: rgb(34, 34, 34); font-family: Arial, Helvetica, sans-serif; font-size: small;\">Klju\u010dne zna\u010dajke:<\/p>\n<ul style=\"color: rgb(34, 34, 34); font-family: Arial, Helvetica, sans-serif; font-size: small;\">\n<li>Progresivna potiskivna sila<\/li>\n<li>Tih i otporan na stres<\/li>\n<li>Unutra\u0161nji dijelovi od nehr\u0111aju\u0107eg \u010delika 316, bez zavarivanih dijelova<\/li>\n<li>U\u010dinkovito radi pri temperaturama od -20\u00b0 do +80\u00b0<\/li>\n<\/ul>\n<p style=\"color: rgb(34, 34, 34); font-family: Arial, Helvetica, sans-serif; font-size: small;\">Patenti MK Hybrid amortizeri koriste elastomere u cilindri\u010dnom obliku, koji sami po sebi osiguravaju visoko inercijalno optere\u0107enje. Kada su kombinirani s oprugom\u2014bila ona jedna centralna ili \u010detiri na svakom kraju\u2014znatno pobolj\u0161avaju u\u010dinkovitost pod te\u0161kim stresom. Ovaj dizajn omogu\u0107uje progresivno kretanje koje se prilago\u0111ava potrebama plovila.<\/p>\n<p style=\"color: rgb(34, 34, 34); font-family: Arial, Helvetica, sans-serif; font-size: small;\">Sidrene opruge su bitne za smanjenje napetosti u sidrenim u\u017eadima. One su jedino u\u010dinkovito rje\u0161enje za minimiziranje oscilacija plovila dok je usidreno, osiguravaju\u0107i sigurnost ubla\u017eavanjem napetosti u konopcima. Ovo zna\u010dajno smanjuje sile koje djeluju na stra\u017enje juke, stvaraju\u0107i stabilnije i udobnije okru\u017eenje za korisnike.<\/p>\n<p style=\"color: rgb(34, 34, 34); font-family: Arial, Helvetica, sans-serif; font-size: small;\">Specifikacije:<\/p>\n<ul style=\"color: rgb(34, 34, 34); font-family: Arial, Helvetica, sans-serif; font-size: small;\">\n<li>Duljina: 96 x 452 mm (3.78 x 17.80 in\u010da)<\/li>\n<li>Te\u017eina: 6.5 kg (14.33 lbs)<\/li>\n<li>Pogodno za plovila te\u0161ka od 20 do 25 tona.<\/li>\n<\/ul>\n","protected":false},"excerpt":{"rendered":"<p>Sidermarine MK50s hibrid za 20 do 25 tona &#8211; Predstavljamo MK 50 Special Mooring Spring. Ova hibridna sidrena opruga dizajnirana<\/p>\n","protected":false},"featured_media":5946300,"comment_status":"open","ping_status":"closed","template":"","meta":[],"product_brand":[3386],"product_cat":[1624],"product_tag":[],"class_list":{"0":"post-744314","1":"product","2":"type-product","3":"status-publish","4":"has-post-thumbnail","6":"product_brand-sidermarine-hr","7":"product_cat-amortizeri-za-konope-za-vez","9":"first","10":"instock","11":"shipping-taxable","12":"purchasable","13":"product-type-simple"},"_links":{"self":[{"href":"https:\/\/stoic-curie.212-227-153-4.plesk.page\/hr\/wp-json\/wp\/v2\/product\/744314","targetHints":{"allow":["GET"]}}],"collection":[{"href":"https:\/\/stoic-curie.212-227-153-4.plesk.page\/hr\/wp-json\/wp\/v2\/product"}],"about":[{"href":"https:\/\/stoic-curie.212-227-153-4.plesk.page\/hr\/wp-json\/wp\/v2\/types\/product"}],"replies":[{"embeddable":true,"href":"https:\/\/stoic-curie.212-227-153-4.plesk.page\/hr\/wp-json\/wp\/v2\/comments?post=744314"}],"version-history":[{"count":0,"href":"https:\/\/stoic-curie.212-227-153-4.plesk.page\/hr\/wp-json\/wp\/v2\/product\/744314\/revisions"}],"wp:featuredmedia":[{"embeddable":true,"href":"https:\/\/stoic-curie.212-227-153-4.plesk.page\/hr\/wp-json\/wp\/v2\/media\/5946300"}],"wp:attachment":[{"href":"https:\/\/stoic-curie.212-227-153-4.plesk.page\/hr\/wp-json\/wp\/v2\/media?parent=744314"}],"wp:term":[{"taxonomy":"product_brand","embeddable":true,"href":"https:\/\/stoic-curie.212-227-153-4.plesk.page\/hr\/wp-json\/wp\/v2\/product_brand?post=744314"},{"taxonomy":"product_cat","embeddable":true,"href":"https:\/\/stoic-curie.212-227-153-4.plesk.page\/hr\/wp-json\/wp\/v2\/product_cat?post=744314"},{"taxonomy":"product_tag","embeddable":true,"href":"https:\/\/stoic-curie.212-227-153-4.plesk.page\/hr\/wp-json\/wp\/v2\/product_tag?post=744314"}],"curies":[{"name":"wp","href":"https:\/\/api.w.org\/{rel}","templated":true}]}}