{"id":744318,"date":"2025-03-03T19:06:26","date_gmt":"2025-03-03T18:06:26","guid":{"rendered":"https:\/\/stoic-curie.212-227-153-4.plesk.page\/producto\/prsluk-za-spasavanje-na-napuhavanje-securmar-mystic-150n-rucno-automatski\/"},"modified":"2026-02-25T00:01:13","modified_gmt":"2026-02-25T00:01:13","slug":"prsluk-za-spasavanje-na-napuhavanje-securmar-mystic-150n-rucno-automatski","status":"publish","type":"product","link":"https:\/\/stoic-curie.212-227-153-4.plesk.page\/hr\/product\/prsluk-za-spasavanje-na-napuhavanje-securmar-mystic-150n-rucno-automatski\/","title":{"rendered":"Prsluk za spa\u0161avanje na napuhavanje Securmar Mystic 150N ( rucno + automatski)"},"content":{"rendered":"<p>Prsluk za spa\u0161avanje na napuhavanje Securmar Mystic 150N ( rucno + automatski) &#8211; <\/p>\n<p>Secumar 165N napuhavaju\u0107i prsluk za spa\u0161avanje, odobren prema CE ISO 12402-2 za plovila za u\u017eitak bez ograni\u010denja. Veoma tanak i udoban, osigurava visok stupanj slobode kretanja i izvanrednu uzgon. U kompletu s CE ISO12401 certificiranim sigurnosnim remenom. S UML MK5 33g automatskom aktivacijom i ru\u010dnom vezicom. Jedna veli\u010dina za tjelesnu te\u017einu iznad 50 kg.<\/p>\n","protected":false},"excerpt":{"rendered":"<p>Prsluk za spa\u0161avanje na napuhavanje Securmar Mystic 150N ( rucno + automatski) &#8211; Secumar 165N napuhavaju\u0107i prsluk za spa\u0161avanje, odobren<\/p>\n","protected":false},"featured_media":5946302,"comment_status":"open","ping_status":"closed","template":"","meta":[],"product_brand":[3366],"product_cat":[1601],"product_tag":[],"class_list":{"0":"post-744318","1":"product","2":"type-product","3":"status-publish","4":"has-post-thumbnail","6":"product_brand-securmar-hr","7":"product_cat-odobreni-prsluci-za-spasavanje","9":"first","10":"outofstock","11":"shipping-taxable","12":"purchasable","13":"product-type-simple"},"_links":{"self":[{"href":"https:\/\/stoic-curie.212-227-153-4.plesk.page\/hr\/wp-json\/wp\/v2\/product\/744318","targetHints":{"allow":["GET"]}}],"collection":[{"href":"https:\/\/stoic-curie.212-227-153-4.plesk.page\/hr\/wp-json\/wp\/v2\/product"}],"about":[{"href":"https:\/\/stoic-curie.212-227-153-4.plesk.page\/hr\/wp-json\/wp\/v2\/types\/product"}],"replies":[{"embeddable":true,"href":"https:\/\/stoic-curie.212-227-153-4.plesk.page\/hr\/wp-json\/wp\/v2\/comments?post=744318"}],"version-history":[{"count":0,"href":"https:\/\/stoic-curie.212-227-153-4.plesk.page\/hr\/wp-json\/wp\/v2\/product\/744318\/revisions"}],"wp:featuredmedia":[{"embeddable":true,"href":"https:\/\/stoic-curie.212-227-153-4.plesk.page\/hr\/wp-json\/wp\/v2\/media\/5946302"}],"wp:attachment":[{"href":"https:\/\/stoic-curie.212-227-153-4.plesk.page\/hr\/wp-json\/wp\/v2\/media?parent=744318"}],"wp:term":[{"taxonomy":"product_brand","embeddable":true,"href":"https:\/\/stoic-curie.212-227-153-4.plesk.page\/hr\/wp-json\/wp\/v2\/product_brand?post=744318"},{"taxonomy":"product_cat","embeddable":true,"href":"https:\/\/stoic-curie.212-227-153-4.plesk.page\/hr\/wp-json\/wp\/v2\/product_cat?post=744318"},{"taxonomy":"product_tag","embeddable":true,"href":"https:\/\/stoic-curie.212-227-153-4.plesk.page\/hr\/wp-json\/wp\/v2\/product_tag?post=744318"}],"curies":[{"name":"wp","href":"https:\/\/api.w.org\/{rel}","templated":true}]}}