{"id":744320,"date":"2025-03-03T19:06:27","date_gmt":"2025-03-03T18:06:27","guid":{"rendered":"https:\/\/stoic-curie.212-227-153-4.plesk.page\/producto\/ploca-vetus-bpas-ravan-dodir\/"},"modified":"2026-02-25T00:01:13","modified_gmt":"2026-02-25T00:01:13","slug":"ploca-vetus-bpas-ravan-dodir","status":"publish","type":"product","link":"https:\/\/stoic-curie.212-227-153-4.plesk.page\/hr\/product\/ploca-vetus-bpas-ravan-dodir\/","title":{"rendered":"Plo\u010da Vetus BPAS ravan dodir"},"content":{"rendered":"<p>Plo\u010da Vetus BPAS ravan dodir &#8211; <\/p>\n<p>Vetus vodonepropusne 12\/24V pojedina\u010dne kontrolne plo\u010de. BPSE2: ravna plo\u010da koja sprje\u010dava zaplitanje \u017eica, idealna za jedrilice. BPAS: ravna aluminijska plo\u010da s vremenskim dodirnim tipkama. BPSR: ravna okrugla plo\u010da s vremenskim dodirnim tipkama. BPJE2: plo\u010da s joystickom i alarmom s vremenskim pode\u0161avanjem. BPJR: okrugla plo\u010da s joystickom i alarmom s vremenskim pode\u0161avanjem.<\/p>\n","protected":false},"excerpt":{"rendered":"<p>Plo\u010da Vetus BPAS ravan dodir &#8211; Vetus vodonepropusne 12\/24V pojedina\u010dne kontrolne plo\u010de. BPSE2: ravna plo\u010da koja sprje\u010dava zaplitanje \u017eica, idealna<\/p>\n","protected":false},"featured_media":5946330,"comment_status":"open","ping_status":"closed","template":"","meta":[],"product_brand":[3521],"product_cat":[1609],"product_tag":[],"class_list":{"0":"post-744320","1":"product","2":"type-product","3":"status-publish","4":"has-post-thumbnail","6":"product_brand-vetus-hr","7":"product_cat-pramcani-potisnici-vetus","9":"first","10":"instock","11":"shipping-taxable","12":"purchasable","13":"product-type-simple"},"_links":{"self":[{"href":"https:\/\/stoic-curie.212-227-153-4.plesk.page\/hr\/wp-json\/wp\/v2\/product\/744320","targetHints":{"allow":["GET"]}}],"collection":[{"href":"https:\/\/stoic-curie.212-227-153-4.plesk.page\/hr\/wp-json\/wp\/v2\/product"}],"about":[{"href":"https:\/\/stoic-curie.212-227-153-4.plesk.page\/hr\/wp-json\/wp\/v2\/types\/product"}],"replies":[{"embeddable":true,"href":"https:\/\/stoic-curie.212-227-153-4.plesk.page\/hr\/wp-json\/wp\/v2\/comments?post=744320"}],"version-history":[{"count":0,"href":"https:\/\/stoic-curie.212-227-153-4.plesk.page\/hr\/wp-json\/wp\/v2\/product\/744320\/revisions"}],"wp:featuredmedia":[{"embeddable":true,"href":"https:\/\/stoic-curie.212-227-153-4.plesk.page\/hr\/wp-json\/wp\/v2\/media\/5946330"}],"wp:attachment":[{"href":"https:\/\/stoic-curie.212-227-153-4.plesk.page\/hr\/wp-json\/wp\/v2\/media?parent=744320"}],"wp:term":[{"taxonomy":"product_brand","embeddable":true,"href":"https:\/\/stoic-curie.212-227-153-4.plesk.page\/hr\/wp-json\/wp\/v2\/product_brand?post=744320"},{"taxonomy":"product_cat","embeddable":true,"href":"https:\/\/stoic-curie.212-227-153-4.plesk.page\/hr\/wp-json\/wp\/v2\/product_cat?post=744320"},{"taxonomy":"product_tag","embeddable":true,"href":"https:\/\/stoic-curie.212-227-153-4.plesk.page\/hr\/wp-json\/wp\/v2\/product_tag?post=744320"}],"curies":[{"name":"wp","href":"https:\/\/api.w.org\/{rel}","templated":true}]}}