{"id":744323,"date":"2025-03-03T19:08:25","date_gmt":"2025-03-03T18:08:25","guid":{"rendered":"https:\/\/stoic-curie.212-227-153-4.plesk.page\/producto\/zvucnici-boss-marine-mr62-200wt\/"},"modified":"2026-02-25T00:01:13","modified_gmt":"2026-02-25T00:01:13","slug":"zvucnici-boss-marine-mr62-200wt","status":"publish","type":"product","link":"https:\/\/stoic-curie.212-227-153-4.plesk.page\/hr\/product\/zvucnici-boss-marine-mr62-200wt\/","title":{"rendered":"Zvu\u010dnici Boss Marine MR62 200wt"},"content":{"rendered":"<p>Zvu\u010dnici Boss Marine MR62 200wt &#8211; <\/p>\n<p>2-smerni BOSS MR62 zvu\u010dnici pru\u017eaju izvrsnu izlaznu snagu kroz \u010ditav frekvencijski spektar, osiguravaju\u0107i izvrsnu difuziju zvuka. Opremljeni wooferom s okvirom od polipropilenske tkanine za ograni\u010davanje rezonan\u010dne buke i 25 mm Mylar visokotoncem.<\/p>\n","protected":false},"excerpt":{"rendered":"<p>Zvu\u010dnici Boss Marine MR62 200wt &#8211; 2-smerni BOSS MR62 zvu\u010dnici pru\u017eaju izvrsnu izlaznu snagu kroz \u010ditav frekvencijski spektar, osiguravaju\u0107i izvrsnu<\/p>\n","protected":false},"featured_media":5946338,"comment_status":"open","ping_status":"closed","template":"","meta":[],"product_brand":[2841],"product_cat":[1733],"product_tag":[],"class_list":{"0":"post-744323","1":"product","2":"type-product","3":"status-publish","4":"has-post-thumbnail","6":"product_brand-boss-marine-hr","7":"product_cat-stereo-i-zvucnici","9":"first","10":"outofstock","11":"shipping-taxable","12":"purchasable","13":"product-type-simple"},"_links":{"self":[{"href":"https:\/\/stoic-curie.212-227-153-4.plesk.page\/hr\/wp-json\/wp\/v2\/product\/744323","targetHints":{"allow":["GET"]}}],"collection":[{"href":"https:\/\/stoic-curie.212-227-153-4.plesk.page\/hr\/wp-json\/wp\/v2\/product"}],"about":[{"href":"https:\/\/stoic-curie.212-227-153-4.plesk.page\/hr\/wp-json\/wp\/v2\/types\/product"}],"replies":[{"embeddable":true,"href":"https:\/\/stoic-curie.212-227-153-4.plesk.page\/hr\/wp-json\/wp\/v2\/comments?post=744323"}],"version-history":[{"count":0,"href":"https:\/\/stoic-curie.212-227-153-4.plesk.page\/hr\/wp-json\/wp\/v2\/product\/744323\/revisions"}],"wp:featuredmedia":[{"embeddable":true,"href":"https:\/\/stoic-curie.212-227-153-4.plesk.page\/hr\/wp-json\/wp\/v2\/media\/5946338"}],"wp:attachment":[{"href":"https:\/\/stoic-curie.212-227-153-4.plesk.page\/hr\/wp-json\/wp\/v2\/media?parent=744323"}],"wp:term":[{"taxonomy":"product_brand","embeddable":true,"href":"https:\/\/stoic-curie.212-227-153-4.plesk.page\/hr\/wp-json\/wp\/v2\/product_brand?post=744323"},{"taxonomy":"product_cat","embeddable":true,"href":"https:\/\/stoic-curie.212-227-153-4.plesk.page\/hr\/wp-json\/wp\/v2\/product_cat?post=744323"},{"taxonomy":"product_tag","embeddable":true,"href":"https:\/\/stoic-curie.212-227-153-4.plesk.page\/hr\/wp-json\/wp\/v2\/product_tag?post=744323"}],"curies":[{"name":"wp","href":"https:\/\/api.w.org\/{rel}","templated":true}]}}