{"id":744325,"date":"2025-03-03T19:09:53","date_gmt":"2025-03-03T18:09:53","guid":{"rendered":"https:\/\/stoic-curie.212-227-153-4.plesk.page\/producto\/vetus-lt60-plasticni-prigusivac-ispuha-60mm-diameter\/"},"modified":"2026-02-25T00:01:13","modified_gmt":"2026-02-25T00:01:13","slug":"vetus-lt60-plasticni-prigusivac-ispuha-60mm-diameter","status":"publish","type":"product","link":"https:\/\/stoic-curie.212-227-153-4.plesk.page\/hr\/product\/vetus-lt60-plasticni-prigusivac-ispuha-60mm-diameter\/","title":{"rendered":"Vetus LT60 plasti\u010dni prigu\u0161iva\u010d ispuha  (60mm Diameter)"},"content":{"rendered":"<p>Vetus LT60 plasti\u010dni prigu\u0161iva\u010d ispuha  (60mm Diameter) &#8211; <\/p>\n<div class=\"col-24 col-md-15\">\n<p>Kolenac za more Vetus LT60 izra\u0111en je od plastike i dizajniran je za sprije\u010davanje povratka vode prema motoru u mokrom ispu\u0161nom sustavu. Ovaj kolenac podi\u017ee izduvnu cijev iznad razine vode, omogu\u0107uju\u0107i vodu da te\u010de prema dolje do najni\u017eeg mjesta, gdje bi trebao biti vodeni zatvor.<\/p>\n<p>Napomena: Vetus ispu\u0161ni dijelovi napravljeni su od plastike i smiju se instalirati samo u mokrim ispu\u0161nim sustavima. Maksimalna temperatura ne smije prelaziti 70 \u00b0C, ina\u010de mogu do\u0107i do o\u0161te\u0107enja ispu\u0161nih dijelova.<\/p>\n<\/div>\n<p><\/p>\n<table class=\"table\">\n<tbody>\n<tr>\n<td><strong>Visina<\/strong><\/td>\n<td>502mm<\/td>\n<\/tr>\n<tr>\n<td><strong>Materijal<\/strong><\/td>\n<td>Plastika<\/td>\n<\/tr>\n<tr>\n<td><strong>\u0160irina<\/strong><\/td>\n<td>135mm<\/td>\n<\/tr>\n<tr>\n<td><strong>Brend<\/strong><\/td>\n<td>Vetus<\/td>\n<\/tr>\n<tr>\n<td><strong>Veli\u010dina luka<\/strong><\/td>\n<td>60mm<\/td>\n<\/tr>\n<tr>\n<td><strong>Primarna konstrukcija<\/strong><\/td>\n<td>Plastika<\/td>\n<\/tr>\n<tr>\n<td><strong>Veli\u010dina ulaznog i izlaznog luka<\/strong><\/td>\n<td>60mm<\/td>\n<\/tr>\n<tr>\n<td><strong>Dubina<\/strong><\/td>\n<td>182mm<\/td>\n<\/tr>\n<\/tbody>\n<\/table>\n","protected":false},"excerpt":{"rendered":"<p>Vetus LT60 plasti\u010dni prigu\u0161iva\u010d ispuha (60mm Diameter) &#8211; Kolenac za more Vetus LT60 izra\u0111en je od plastike i dizajniran je<\/p>\n","protected":false},"featured_media":5946344,"comment_status":"open","ping_status":"closed","template":"","meta":[],"product_brand":[3521],"product_cat":[1794],"product_tag":[],"class_list":{"0":"post-744325","1":"product","2":"type-product","3":"status-publish","4":"has-post-thumbnail","6":"product_brand-vetus-hr","7":"product_cat-ispusne-vode-i-prigusivaci","9":"first","10":"instock","11":"shipping-taxable","12":"purchasable","13":"product-type-simple"},"_links":{"self":[{"href":"https:\/\/stoic-curie.212-227-153-4.plesk.page\/hr\/wp-json\/wp\/v2\/product\/744325","targetHints":{"allow":["GET"]}}],"collection":[{"href":"https:\/\/stoic-curie.212-227-153-4.plesk.page\/hr\/wp-json\/wp\/v2\/product"}],"about":[{"href":"https:\/\/stoic-curie.212-227-153-4.plesk.page\/hr\/wp-json\/wp\/v2\/types\/product"}],"replies":[{"embeddable":true,"href":"https:\/\/stoic-curie.212-227-153-4.plesk.page\/hr\/wp-json\/wp\/v2\/comments?post=744325"}],"version-history":[{"count":0,"href":"https:\/\/stoic-curie.212-227-153-4.plesk.page\/hr\/wp-json\/wp\/v2\/product\/744325\/revisions"}],"wp:featuredmedia":[{"embeddable":true,"href":"https:\/\/stoic-curie.212-227-153-4.plesk.page\/hr\/wp-json\/wp\/v2\/media\/5946344"}],"wp:attachment":[{"href":"https:\/\/stoic-curie.212-227-153-4.plesk.page\/hr\/wp-json\/wp\/v2\/media?parent=744325"}],"wp:term":[{"taxonomy":"product_brand","embeddable":true,"href":"https:\/\/stoic-curie.212-227-153-4.plesk.page\/hr\/wp-json\/wp\/v2\/product_brand?post=744325"},{"taxonomy":"product_cat","embeddable":true,"href":"https:\/\/stoic-curie.212-227-153-4.plesk.page\/hr\/wp-json\/wp\/v2\/product_cat?post=744325"},{"taxonomy":"product_tag","embeddable":true,"href":"https:\/\/stoic-curie.212-227-153-4.plesk.page\/hr\/wp-json\/wp\/v2\/product_tag?post=744325"}],"curies":[{"name":"wp","href":"https:\/\/api.w.org\/{rel}","templated":true}]}}